{"id":90395,"date":"2024-03-14T10:56:04","date_gmt":"2024-03-14T14:56:04","guid":{"rendered":"https:\/\/eclipsesoundscapes.org\/numero-de-identificacion-es\/"},"modified":"2024-03-14T10:56:09","modified_gmt":"2024-03-14T14:56:09","slug":"numero-de-identificacion-es","status":"publish","type":"page","link":"https:\/\/eclipsesoundscapes.org\/es\/numero-de-identificacion-es\/","title":{"rendered":"N\u00famero de identificaci\u00f3n ES"},"content":{"rendered":"<div class=\"wpb-content-wrapper\"><p>[vc_row][vc_column width=&#8221;1\/1&#8243;][vc_custom_heading heading_semantic=&#8221;h1&#8243; text_size=&#8221;h3&#8243; uncode_shortcode_id=&#8221;641211&#8243;]N\u00famero de identificaci\u00f3n Eclipse Soundscapes (ES ID#)[\/vc_custom_heading][vc_row_inner limit_content=&#8221;&#8221;][vc_column_inner width=&#8221;1\/1&#8243;][vc_column_text uncode_shortcode_id=&#8221;931914&#8243; el_id=&#8221;registrationDetailsLabel&#8221;]<span style=\"font-weight: 400;\"><img class=\"size-medium wp-image-88592 alignright lazyload\" data-src=\"https:\/\/eclipsesoundscapes.org\/wp-content\/uploads\/2023\/08\/Screenshot-2023-08-29-at-12.51.07-PM-300x222.png\" alt=\"At the center is a circle with the text ES ID#. An arrow links the ES ID# to a mobile device with a map via an arrow. The ES ID# is also linked via arrows to an AudioMoth Device. Lastly, a MicroSD card is linked to the ES ID# via an arrow.\" width=\"300\" height=\"222\" data-srcset=\"https:\/\/eclipsesoundscapes.org\/wp-content\/uploads\/2023\/08\/Screenshot-2023-08-29-at-12.51.07-PM-300x222.png 300w, https:\/\/eclipsesoundscapes.org\/wp-content\/uploads\/2023\/08\/Screenshot-2023-08-29-at-12.51.07-PM-350x259.png 350w, https:\/\/eclipsesoundscapes.org\/wp-content\/uploads\/2023\/08\/Screenshot-2023-08-29-at-12.51.07-PM.png 536w\" data-sizes=\"(max-width: 300px) 100vw, 300px\" src=\"data:image\/gif;base64,R0lGODlhAQABAAAAACH5BAEKAAEALAAAAAABAAEAAAICTAEAOw==\" style=\"--smush-placeholder-width: 300px; --smush-placeholder-aspect-ratio: 300\/222;\" \/><noscript><img class=\"size-medium wp-image-88592 alignright\" src=\"https:\/\/eclipsesoundscapes.org\/wp-content\/uploads\/2023\/08\/Screenshot-2023-08-29-at-12.51.07-PM-300x222.png\" alt=\"At the center is a circle with the text ES ID#. An arrow links the ES ID# to a mobile device with a map via an arrow. The ES ID# is also linked via arrows to an AudioMoth Device. Lastly, a MicroSD card is linked to the ES ID# via an arrow.\" width=\"300\" height=\"222\" srcset=\"https:\/\/eclipsesoundscapes.org\/wp-content\/uploads\/2023\/08\/Screenshot-2023-08-29-at-12.51.07-PM-300x222.png 300w, https:\/\/eclipsesoundscapes.org\/wp-content\/uploads\/2023\/08\/Screenshot-2023-08-29-at-12.51.07-PM-350x259.png 350w, https:\/\/eclipsesoundscapes.org\/wp-content\/uploads\/2023\/08\/Screenshot-2023-08-29-at-12.51.07-PM.png 536w\" sizes=\"(max-width: 300px) 100vw, 300px\" \/><\/noscript><\/span><\/p>\n<figure id=\"attachment_88573\" aria-describedby=\"caption-attachment-88573\" style=\"width: 175px\" class=\"wp-caption alignleft\"><img class=\"wp-image-88572 lazyload\" data-src=\"https:\/\/eclipsesoundscapes.org\/wp-content\/uploads\/2023\/08\/IMG_2868-300x225.jpg\" alt=\"Small square cardboard box with the number 001 written in large print and a braille label attched in the bottom left corner.\" width=\"175\" height=\"134\" src=\"data:image\/gif;base64,R0lGODlhAQABAAAAACH5BAEKAAEALAAAAAABAAEAAAICTAEAOw==\" style=\"--smush-placeholder-width: 175px; --smush-placeholder-aspect-ratio: 175\/134;\" \/><noscript><img class=\"wp-image-88572\" src=\"https:\/\/eclipsesoundscapes.org\/wp-content\/uploads\/2023\/08\/IMG_2868-300x225.jpg\" alt=\"Small square cardboard box with the number 001 written in large print and a braille label attched in the bottom left corner.\" width=\"175\" height=\"134\" \/><\/noscript><figcaption id=\"caption-attachment-88573\" class=\"wp-caption-text\">ES ID# 001<\/figcaption><\/figure>\n<p>Para participar como Recopilador de Datos, su AudioMoth debe tener un n\u00famero de identificaci\u00f3n de Eclipse Soundscapes de 3 d\u00edgitos (n\u00famero de identificaci\u00f3n ES). Las personas que compren su propio AudioMoth deben registrarse para obtener un n\u00famero de identificaci\u00f3n de ES. Si recibi\u00f3 su AudioMoth del equipo de ES o de un socio de ES, ya tendr\u00e1 un n\u00famero de ES en el dispositivo y en la caja del dispositivo.<\/p>\n<p>Visite la p\u00e1gina de <a href=\"https:\/\/eclipsesoundscapes.org\/es-id-number\/\">informaci\u00f3n del n\u00famero de identificaci\u00f3n de ES<\/a> para obtener m\u00e1s informaci\u00f3n sobre por qu\u00e9 necesita un n\u00famero de ES para participar.[\/vc_column_text][\/vc_column_inner][\/vc_row_inner][vc_separator sep_color=&#8221;,Default&#8221;][\/vc_column][\/vc_row][vc_row row_height_percent=&#8221;0&#8243; overlay_alpha=&#8221;50&#8243; gutter_size=&#8221;3&#8243; column_width_percent=&#8221;100&#8243; shift_y=&#8221;0&#8243; z_index=&#8221;0&#8243; uncode_shortcode_id=&#8221;100597&#8243; el_id=&#8221;formView&#8221;][vc_column width=&#8221;1\/1&#8243;][vc_custom_heading text_size=&#8221;h4&#8243; uncode_shortcode_id=&#8221;381970&#8243;]Formulario de registro de identificaci\u00f3n ES[\/vc_custom_heading][vc_column_text uncode_shortcode_id=&#8221;177650&#8243;]Complete el siguiente formulario para registrar su AudioMoth y recibir su n\u00famero de identificaci\u00f3n de Eclipse Soundscapes (n\u00famero de identificaci\u00f3n ES). Su n\u00famero de identificaci\u00f3n de ES le ser\u00e1 enviado inmediatamente por correo electr\u00f3nico. Si no recibe un correo electr\u00f3nico con su n\u00famero de identificaci\u00f3n de ES, env\u00ede un correo electr\u00f3nico a info@EclipseSoundscapes.org.[\/vc_column_text][vc_row_inner row_inner_height_percent=&#8221;0&#8243; overlay_alpha=&#8221;50&#8243; gutter_size=&#8221;3&#8243; shift_y=&#8221;0&#8243; z_index=&#8221;0&#8243; uncode_shortcode_id=&#8221;297780&#8243; el_class=&#8221;form-container&#8221; limit_content=&#8221;&#8221;][vc_column_inner width=&#8221;1\/1&#8243;][vc_raw_html]PGZvcm0gaWQ9ImF1ZGlvTW90aEZvcm0iPg0KPGRpdiBjbGFzcz0iaW5wdXQtY29udGFpbmVyIj5JbmdyZXNlIGNvcnJlbyBlbGVjdHLDs25pY28NCjxpbnB1dCBpZD0iZW1haWwiIG1heGxlbmd0aD0iNjQiIG5hbWU9ImVtYWlsIiByZXF1aXJlZD0iIiBzaXplPSIzMiIgdHlwZT0iZW1haWwiIHBsYWNlaG9sZGVyPSJ1c2VyQGVtYWlsLmNvbSIgLz48L2Rpdj4NCjxkaXYgY2xhc3M9ImlucHV0LWNvbnRhaW5lciI+SW5ncmVzYSB0dSBjw7NkaWdvIHBvc3RhbA0KPGlucHV0IGlkPSJ6aXAiIGF1dG9jb21wbGV0ZT0icG9zdGFsIGNvZGUiIG1heGxlbmd0aD0iMTEiIG5hbWU9InppcCIgcmVxdWlyZWQ9IiIgc2l6ZT0iMzIiIHR5cGU9InRleHQiIHBsYWNlaG9sZGVyPSJYWFhYWCIgLz48L2Rpdj4NCjxkaXYgY2xhc3M9ImlucHV0LWNvbnRhaW5lciI+SW5ncmVzZSBlbCBuw7ptZXJvIGRlIHNlcmllIGRlIEF1ZGlvTW90aA0KPGlucHV0IGlkPSJzZXJpYWwiIG1heGxlbmd0aD0iMTYiIG5hbWU9InNlcmlhbCIgcmVxdWlyZWQ9IiIgc2l6ZT0iMzIiIHR5cGU9InRleHQiIHBsYWNlaG9sZGVyPSJYWFhYWFhYWFhYWFhYWFhYIiAvPjwvZGl2Pg0KPC9mb3JtPg==[\/vc_raw_html][vc_button button_color=&#8221;color-375760&#8243; size=&#8221;btn-xl&#8221; radius=&#8221;btn-round&#8221; hover_fx=&#8221;full-colored&#8221; border_width=&#8221;0&#8243; el_id=&#8221;registerButton&#8221; el_class=&#8221;register-button&#8221; uncode_shortcode_id=&#8221;616229&#8243; button_color_type=&#8221;uncode-palette&#8221; icon=&#8221;fa fa-pencil3&#8243;]<strong>Registro<\/strong>[\/vc_button][vc_raw_html]PGRpdiBpZD0ic3Bpbm5lciIgY2xhc3M9InNwaW5uZXItd3JhcHBlciI+DQo8ZGl2IGNsYXNzPSJsZHMtZHVhbC1yaW5nIj48L2Rpdj4NCjwvZGl2Pg==[\/vc_raw_html][\/vc_column_inner][\/vc_row_inner][\/vc_column][\/vc_row][vc_row row_height_percent=&#8221;0&#8243; overlay_alpha=&#8221;50&#8243; gutter_size=&#8221;3&#8243; column_width_percent=&#8221;100&#8243; shift_y=&#8221;0&#8243; z_index=&#8221;0&#8243; uncode_shortcode_id=&#8221;151450&#8243; el_id=&#8221;resultView&#8221; el_class=&#8221;result-view&#8221;][vc_column width=&#8221;1\/1&#8243;][vc_custom_heading heading_semantic=&#8221;h1&#8243; text_size=&#8221;h1&#8243; uncode_shortcode_id=&#8221;107058&#8243;]\u00a1Registro completo![\/vc_custom_heading][vc_column_text uncode_shortcode_id=&#8221;311197&#8243;]Gracias por registrar su AudioMoth como parte del Proyecto Eclipse Soundscapes.<br \/>\nA continuaci\u00f3n se muestran sus datos de registro:[\/vc_column_text][vc_raw_html]RVMgSUQjIGRlIEF1ZGlvTW90aA0KQ29ycmVvIGVsZWN0csOzbmljbw0KQ8OzZGlnbyBwb3N0YWwNCk7Dum1lcm8gZGUgc2VyaWUgZGUgQXVkaW9Nb3Ro[\/vc_raw_html][\/vc_column][\/vc_row]<\/p>\n<\/div>","protected":false},"excerpt":{"rendered":"<p>[vc_row][vc_column width=&#8221;1\/1&#8243;][vc_custom_heading heading_semantic=&#8221;h1&#8243; text_size=&#8221;h3&#8243; uncode_shortcode_id=&#8221;641211&#8243;]N\u00famero de identificaci\u00f3n Eclipse Soundscapes (ES ID#)[\/vc_custom_heading][vc_row_inner limit_content=&#8221;&#8221;][vc_column_inner width=&#8221;1\/1&#8243;][vc_column_text uncode_shortcode_id=&#8221;931914&#8243; el_id=&#8221;registrationDetailsLabel&#8221;] Para participar como Recopilador de [&hellip;]<\/p>\n","protected":false},"author":10,"featured_media":0,"parent":0,"menu_order":0,"comment_status":"closed","ping_status":"closed","template":"","meta":{"_links_to":"","_links_to_target":""},"_links":{"self":[{"href":"https:\/\/eclipsesoundscapes.org\/es\/wp-json\/wp\/v2\/pages\/90395"}],"collection":[{"href":"https:\/\/eclipsesoundscapes.org\/es\/wp-json\/wp\/v2\/pages"}],"about":[{"href":"https:\/\/eclipsesoundscapes.org\/es\/wp-json\/wp\/v2\/types\/page"}],"author":[{"embeddable":true,"href":"https:\/\/eclipsesoundscapes.org\/es\/wp-json\/wp\/v2\/users\/10"}],"replies":[{"embeddable":true,"href":"https:\/\/eclipsesoundscapes.org\/es\/wp-json\/wp\/v2\/comments?post=90395"}],"version-history":[{"count":5,"href":"https:\/\/eclipsesoundscapes.org\/es\/wp-json\/wp\/v2\/pages\/90395\/revisions"}],"predecessor-version":[{"id":90400,"href":"https:\/\/eclipsesoundscapes.org\/es\/wp-json\/wp\/v2\/pages\/90395\/revisions\/90400"}],"wp:attachment":[{"href":"https:\/\/eclipsesoundscapes.org\/es\/wp-json\/wp\/v2\/media?parent=90395"}],"curies":[{"name":"wp","href":"https:\/\/api.w.org\/{rel}","templated":true}]}}