{"id":90227,"date":"2024-02-23T14:14:21","date_gmt":"2024-02-23T19:14:21","guid":{"rendered":"https:\/\/eclipsesoundscapes.org\/formacion-de-observadores-como-afectan-los-eclipses-a-los-animales\/"},"modified":"2024-02-23T14:14:30","modified_gmt":"2024-02-23T19:14:30","slug":"formacion-de-observadores-como-afectan-los-eclipses-a-los-animales","status":"publish","type":"page","link":"https:\/\/eclipsesoundscapes.org\/es\/formacion-de-observadores-como-afectan-los-eclipses-a-los-animales\/","title":{"rendered":"Formaci\u00f3n de Observadores &#8211; \u00bfC\u00f3mo afectan los eclipses a los animales?"},"content":{"rendered":"<div class=\"wpb-content-wrapper\"><p>[vc_row][vc_column width=&#8221;1\/1&#8243;][vc_row_inner row_inner_height_percent=&#8221;0&#8243; back_color=&#8221;color-127793&#8243; overlay_alpha=&#8221;50&#8243; gutter_size=&#8221;3&#8243; shift_y=&#8221;0&#8243; z_index=&#8221;0&#8243; uncode_shortcode_id=&#8221;859581&#8243; back_color_type=&#8221;uncode-palette&#8221; limit_content=&#8221;&#8221;][vc_column_inner width=&#8221;1\/1&#8243;][vc_custom_heading heading_semantic=&#8221;h1&#8243; sub_reduced=&#8221;yes&#8221; uncode_shortcode_id=&#8221;102040&#8243;]Formaci\u00f3n de Observadores[\/vc_custom_heading][\/vc_column_inner][\/vc_row_inner][vc_row_inner limit_content=&#8221;&#8221;][vc_column_inner width=&#8221;3\/4&#8243;][vc_custom_heading uncode_shortcode_id=&#8221;189867&#8243;]<strong>\u00bfC\u00f3mo afectan los eclipses a los animales?<\/strong>[\/vc_custom_heading][\/vc_column_inner][vc_column_inner width=&#8221;1\/4&#8243;][vc_button button_color=&#8221;accent&#8221; size=&#8221;btn-xl&#8221; radius=&#8221;btn-round&#8221; text_skin=&#8221;yes&#8221; border_width=&#8221;0&#8243; uncode_shortcode_id=&#8221;157308&#8243; link=&#8221;url:https%3A%2F%2Feclipsesoundscapes.org%2Fes%2Fpagina-de-observador%2F|title:Inicio%20Del%20Observador|&#8221; button_color_type=&#8221;uncode-palette&#8221; icon=&#8221;fa fa-home2&#8243; width=&#8221;2&#8243;]Inicio Del Observador[\/vc_button][\/vc_column_inner][\/vc_row_inner][vc_row_inner limit_content=&#8221;&#8221;][vc_column_inner width=&#8221;1\/1&#8243;][vc_column_text uncode_shortcode_id=&#8221;975215&#8243;]<\/p>\n<p id=\"tw-target-text\" class=\"tw-data-text tw-text-large tw-ta\" dir=\"ltr\" data-placeholder=\"Translation\" data-ved=\"2ahUKEwj7l5z7gMKEAxW4m4kEHc7kBc4Q3ewLegQICBAU\"><span class=\"Y2IQFc\" lang=\"es\">Como Observador del Eclipse Soundscapes, es posible que se pregunte qu\u00e9 cosas diferentes podr\u00eda escuchar o ver el d\u00eda del eclipse. \u00a1Eso es exactamente lo que Eclipse Soundscapes quiere documentar! A continuaci\u00f3n conocer\u00e1 algunas de las reacciones animales que otras personas han observado durante eclipses solares pasados.<\/span><\/p>\n<p dir=\"ltr\" data-placeholder=\"Translation\" data-ved=\"2ahUKEwj7l5z7gMKEAxW4m4kEHc7kBc4Q3ewLegQICBAU\">Si tom\u00f3 la\u00a0Formaci\u00f3n de Aprendices de Eclipse Soundscapes, esto ser\u00e1 una revisi\u00f3n. Si no realiz\u00f3 la\u00a0<a href=\"https:\/\/eclipsesoundscapes.org\/es\/pagina-de-inicio-del-aprendiz\/\">Formaci\u00f3n de Aprendices de Eclipse Soundscapes<\/a>, \u00a1es una buena idea hacerlo antes de convertirse en Observador del Eclipse Soundscapes!<\/p>\n<p>[\/vc_column_text][\/vc_column_inner][\/vc_row_inner][vc_row_inner limit_content=&#8221;&#8221;][vc_column_inner width=&#8221;1\/2&#8243;][vc_column_text uncode_shortcode_id=&#8221;576333&#8243;]<iframe title=\"YouTube video player\" data-src=\"https:\/\/www.youtube.com\/embed\/Rvs1hT01b_Y?si=3hX3AIiDtQqWCSE3&amp;start=184&amp;end=250\" width=\"560\" height=\"415\" frameborder=\"0\" allowfullscreen=\"allowfullscreen\" src=\"data:image\/gif;base64,R0lGODlhAQABAAAAACH5BAEKAAEALAAAAAABAAEAAAICTAEAOw==\" class=\"lazyload\" data-load-mode=\"1\"><\/iframe>[\/vc_column_text][vc_message message_color=&#8221;color-210211&#8243; uncode_shortcode_id=&#8221;882231&#8243; message_color_type=&#8221;uncode-palette&#8221;]<strong>Duraci\u00f3n del v\u00eddeo<\/strong>: 3:04-4:10 de este v\u00eddeo se reproducir\u00e1n para esta lecci\u00f3n.[\/vc_message][\/vc_column_inner][vc_column_inner width=&#8221;1\/2&#8243;][vc_column_text uncode_shortcode_id=&#8221;927938&#8243;]La naturaleza tiene su propio ritmo y movimiento. Los animales hacen todo tipo de ruidos como chirridos y zumbidos y tambi\u00e9n hacen todo tipo de movimientos audibles en su entorno.<\/p>\n<p>\u00bfQu\u00e9 sucede durante un eclipse solar? A medida que la Luna bloquea al Sol y la Tierra se vuelve m\u00e1s oscura y fr\u00eda, el reino animal reacciona. Seg\u00fan los investigadores, durante la fase m\u00e1xima, los p\u00e1jaros dejan de cantar y se esconden en sus nidos. Las abejas hacen m\u00e1s ruido. Comienzan a zumbar ruidosamente y entran y salen volando de sus colmenas. En las granjas, las gallinas y las vacas empiezan a caminar de regreso al granero porque creen que es de noche. Y, curiosamente, \u00a1un eclipse solar parece despertar a los animales nocturnos a pesar de que es pleno d\u00eda! Los murci\u00e9lagos y los b\u00fahos se vuelven m\u00e1s alertas y comienzan a alimentarse.<\/p>\n<p>La fase m\u00e1xima de un eclipse solar s\u00f3lo dura unos minutos. Casi tan r\u00e1pido como lleg\u00f3, el Sol comienza a reaparecer y regresa la luz del d\u00eda. Los animales se confunden un poco. Pero cuando el Sol regresa, de repente se produce una explosi\u00f3n de sonido.[\/vc_column_text][\/vc_column_inner][\/vc_row_inner][\/vc_column][\/vc_row][vc_row][vc_column width=&#8221;1\/1&#8243;][vc_separator sep_color=&#8221;&#8221; uncode_shortcode_id=&#8221;389174&#8243; el_height=&#8221;6px&#8221;][vc_row_inner limit_content=&#8221;&#8221;][vc_column_inner width=&#8221;1\/2&#8243;][vc_custom_heading heading_semantic=&#8221;h3&#8243; text_size=&#8221;h3&#8243; uncode_shortcode_id=&#8221;112938&#8243;]<span style=\"font-weight: 400;\">Vocabulario<\/span>[\/vc_custom_heading][vc_column_text uncode_shortcode_id=&#8221;140869&#8243;]<strong>animales nocturnos<\/strong>\u00a0\u2013 animales que duermen durante el d\u00eda y est\u00e1n activos por la noche[\/vc_column_text][\/vc_column_inner][vc_column_inner width=&#8221;1\/2&#8243;][vc_custom_heading heading_semantic=&#8221;h3&#8243; text_size=&#8221;h3&#8243; uncode_shortcode_id=&#8221;713116&#8243;]<span style=\"font-weight: 400;\">Discusi\u00f3n \/ Notas<\/span>[\/vc_custom_heading][vc_column_text uncode_shortcode_id=&#8221;775502&#8243;]Escribe, dibuja o discute verbalmente las respuestas a las siguientes preguntas:<\/p>\n<ul>\n<li>\u00bfC\u00f3mo afecta un eclipse solar a los animales? \u00bfPor qu\u00e9 pasa esto?<\/li>\n<\/ul>\n<p>[\/vc_column_text][\/vc_column_inner][\/vc_row_inner][vc_row_inner limit_content=&#8221;&#8221;][vc_column_inner width=&#8221;3\/4&#8243;][\/vc_column_inner][vc_column_inner width=&#8221;1\/4&#8243;][vc_button button_color=&#8221;accent&#8221; size=&#8221;btn-xl&#8221; radius=&#8221;btn-round&#8221; text_skin=&#8221;yes&#8221; border_width=&#8221;0&#8243; uncode_shortcode_id=&#8221;110227&#8243; link=&#8221;url:https%3A%2F%2Feclipsesoundscapes.org%2Fes%2Fpagina-de-observador%2F|title:Inicio%20Del%20Observador|&#8221; button_color_type=&#8221;uncode-palette&#8221; icon=&#8221;fa fa-home2&#8243; width=&#8221;2&#8243;]Inicio Del Observador[\/vc_button][\/vc_column_inner][\/vc_row_inner][\/vc_column][\/vc_row]<\/p>\n<\/div>","protected":false},"excerpt":{"rendered":"<p>[vc_row][vc_column width=&#8221;1\/1&#8243;][vc_row_inner row_inner_height_percent=&#8221;0&#8243; back_color=&#8221;color-127793&#8243; overlay_alpha=&#8221;50&#8243; gutter_size=&#8221;3&#8243; shift_y=&#8221;0&#8243; z_index=&#8221;0&#8243; uncode_shortcode_id=&#8221;859581&#8243; back_color_type=&#8221;uncode-palette&#8221; limit_content=&#8221;&#8221;][vc_column_inner width=&#8221;1\/1&#8243;][vc_custom_heading heading_semantic=&#8221;h1&#8243; sub_reduced=&#8221;yes&#8221; uncode_shortcode_id=&#8221;102040&#8243;]Formaci\u00f3n de Observadores[\/vc_custom_heading][\/vc_column_inner][\/vc_row_inner][vc_row_inner limit_content=&#8221;&#8221;][vc_column_inner width=&#8221;3\/4&#8243;][vc_custom_heading uncode_shortcode_id=&#8221;189867&#8243;]\u00bfC\u00f3mo [&hellip;]<\/p>\n","protected":false},"author":3,"featured_media":0,"parent":0,"menu_order":0,"comment_status":"closed","ping_status":"closed","template":"","meta":{"_links_to":"","_links_to_target":""},"_links":{"self":[{"href":"https:\/\/eclipsesoundscapes.org\/es\/wp-json\/wp\/v2\/pages\/90227"}],"collection":[{"href":"https:\/\/eclipsesoundscapes.org\/es\/wp-json\/wp\/v2\/pages"}],"about":[{"href":"https:\/\/eclipsesoundscapes.org\/es\/wp-json\/wp\/v2\/types\/page"}],"author":[{"embeddable":true,"href":"https:\/\/eclipsesoundscapes.org\/es\/wp-json\/wp\/v2\/users\/3"}],"replies":[{"embeddable":true,"href":"https:\/\/eclipsesoundscapes.org\/es\/wp-json\/wp\/v2\/comments?post=90227"}],"version-history":[{"count":5,"href":"https:\/\/eclipsesoundscapes.org\/es\/wp-json\/wp\/v2\/pages\/90227\/revisions"}],"predecessor-version":[{"id":90232,"href":"https:\/\/eclipsesoundscapes.org\/es\/wp-json\/wp\/v2\/pages\/90227\/revisions\/90232"}],"wp:attachment":[{"href":"https:\/\/eclipsesoundscapes.org\/es\/wp-json\/wp\/v2\/media?parent=90227"}],"curies":[{"name":"wp","href":"https:\/\/api.w.org\/{rel}","templated":true}]}}