{"id":90220,"date":"2024-02-23T14:03:06","date_gmt":"2024-02-23T19:03:06","guid":{"rendered":"https:\/\/eclipsesoundscapes.org\/formacion-de-observadores-maximo-de-eclipse-por-tipo-de-eclipse\/"},"modified":"2024-02-23T14:15:22","modified_gmt":"2024-02-23T19:15:22","slug":"formacion-de-observadores-maximo-de-eclipse-por-tipo-de-eclipse","status":"publish","type":"page","link":"https:\/\/eclipsesoundscapes.org\/es\/formacion-de-observadores-maximo-de-eclipse-por-tipo-de-eclipse\/","title":{"rendered":"Formaci\u00f3n de Observadores &#8211; M\u00e1ximo de Eclipse por Tipo de Eclipse"},"content":{"rendered":"<div class=\"wpb-content-wrapper\"><p>[vc_row][vc_column width=&#8221;1\/1&#8243;][vc_row_inner row_inner_height_percent=&#8221;0&#8243; back_color=&#8221;color-127793&#8243; overlay_alpha=&#8221;50&#8243; gutter_size=&#8221;3&#8243; shift_y=&#8221;0&#8243; z_index=&#8221;0&#8243; uncode_shortcode_id=&#8221;803394&#8243; back_color_type=&#8221;uncode-palette&#8221; limit_content=&#8221;&#8221;][vc_column_inner width=&#8221;1\/1&#8243;][vc_custom_heading heading_semantic=&#8221;h1&#8243; sub_reduced=&#8221;yes&#8221; uncode_shortcode_id=&#8221;140121&#8243;]Formaci\u00f3n de Observadores[\/vc_custom_heading][\/vc_column_inner][\/vc_row_inner][vc_row_inner limit_content=&#8221;&#8221;][vc_column_inner width=&#8221;3\/4&#8243;][vc_custom_heading uncode_shortcode_id=&#8221;763170&#8243;]<strong>\u00bfQu\u00e9 es el eclipse m\u00e1ximo?<\/strong>[\/vc_custom_heading][\/vc_column_inner][vc_column_inner width=&#8221;1\/4&#8243;][vc_button button_color=&#8221;accent&#8221; size=&#8221;btn-xl&#8221; radius=&#8221;btn-round&#8221; text_skin=&#8221;yes&#8221; border_width=&#8221;0&#8243; uncode_shortcode_id=&#8221;994205&#8243; link=&#8221;url:https%3A%2F%2Feclipsesoundscapes.org%2Fes%2Fpagina-de-observador%2F|title:Inicio%20del%20Observador|&#8221; button_color_type=&#8221;uncode-palette&#8221; icon=&#8221;fa fa-home2&#8243; width=&#8221;2&#8243;]Inicio del Observador[\/vc_button][\/vc_column_inner][\/vc_row_inner][vc_row_inner limit_content=&#8221;&#8221;][vc_column_inner width=&#8221;1\/1&#8243;][vc_column_text uncode_shortcode_id=&#8221;711619&#8243;]<\/p>\n<p id=\"tw-target-text\" class=\"tw-data-text tw-text-large tw-ta\" dir=\"ltr\" data-placeholder=\"Translation\" data-ved=\"2ahUKEwj7l5z7gMKEAxW4m4kEHc7kBc4Q3ewLegQICBAU\"><span class=\"Y2IQFc\" lang=\"es\">El m\u00e1ximo de eclipse es el punto medio de un eclipse cuando la Luna bloquea la mayor cantidad de Sol que bloquear\u00e1 en ese lugar. Los eclipses duran varias horas, pero el eclipse m\u00e1ximo s\u00f3lo ocurre durante unos minutos. Como observador del Eclipse Soundscapes, deber\u00e1 observar durante al menos 10 minutos antes del m\u00e1ximo del eclipse, durante el m\u00e1ximo del eclipse y al menos 10 minutos despu\u00e9s del m\u00e1ximo del eclipse. Por lo tanto, \u00a1es importante asegurarse de saber qu\u00e9 es el m\u00e1ximo del eclipse! Si tom\u00f3 la <span style=\"font-weight: 400;\">Formaci\u00f3n de Aprendices de Eclipse Soundscapes<\/span>, esto ser\u00e1 una revisi\u00f3n. Si no realiz\u00f3 la <a href=\"https:\/\/eclipsesoundscapes.org\/es\/pagina-de-inicio-del-aprendiz\/\"><span style=\"font-weight: 400;\">Formaci\u00f3n de Aprendices de Eclipse Soundscapes<\/span><\/a>, \u00a1es una buena idea hacerlo antes de convertirse en Observador del Eclipse Soundscapes!<\/span><\/p>\n<p>[\/vc_column_text][\/vc_column_inner][\/vc_row_inner][vc_row_inner limit_content=&#8221;&#8221;][vc_column_inner width=&#8221;1\/2&#8243;][vc_column_text uncode_shortcode_id=&#8221;189330&#8243;]<iframe title=\"YouTube video player\" data-src=\"https:\/\/www.youtube.com\/embed\/Rvs1hT01b_Y?si=7c7NLbEJS-7hjXX9&amp;start=43&amp;;end=70\" width=\"560\" height=\"415\" frameborder=\"0\" allowfullscreen=\"allowfullscreen\" src=\"data:image\/gif;base64,R0lGODlhAQABAAAAACH5BAEKAAEALAAAAAABAAEAAAICTAEAOw==\" class=\"lazyload\" data-load-mode=\"1\"><\/iframe>[\/vc_column_text][vc_message message_color=&#8221;color-210211&#8243; uncode_shortcode_id=&#8221;673169&#8243; message_color_type=&#8221;uncode-palette&#8221;]<span style=\"font-weight: 400;\"><strong>Duraci\u00f3n del v\u00eddeo<\/strong>: 0:43-1:10 de este v\u00eddeo se reproducir\u00e1n para esta lecci\u00f3n.<\/span>[\/vc_message][\/vc_column_inner][vc_column_inner width=&#8221;1\/2&#8243;][vc_column_text uncode_shortcode_id=&#8221;571854&#8243;]\u00a1Se producir\u00e1n dos eclipses solares diferentes en los Estados Unidos en 2023 y 2024! Hubo un\u00a0<strong>eclipse anular<\/strong>\u00a0el 14 de octubre de 2023 y habr\u00e1 un\u00a0<strong>eclipse solar total<\/strong>\u00a0el 8 de abril de 2024. Debido a que estos son diferentes tipos de eclipses solares, lo que experimentar\u00e1s ser\u00e1 un poco diferente.[\/vc_column_text][\/vc_column_inner][\/vc_row_inner][\/vc_column][\/vc_row][vc_row][vc_column width=&#8221;1\/1&#8243;][vc_separator sep_color=&#8221;&#8221; uncode_shortcode_id=&#8221;196374&#8243; el_height=&#8221;2px&#8221;][vc_custom_heading heading_semantic=&#8221;h3&#8243; text_size=&#8221;h3&#8243; uncode_shortcode_id=&#8221;162673&#8243;]<b>Eclipse Solar Anular<\/b>[\/vc_custom_heading][\/vc_column][\/vc_row][vc_row][vc_column width=&#8221;1\/4&#8243;][vc_single_image media=&#8221;85528&#8243; caption=&#8221;yes&#8221; media_width_percent=&#8221;75&#8243; uncode_shortcode_id=&#8221;177167&#8243;][\/vc_column][vc_column width=&#8221;3\/4&#8243;][vc_custom_heading heading_semantic=&#8221;h4&#8243; text_size=&#8221;h4&#8243; uncode_shortcode_id=&#8221;569901&#8243;]<span style=\"font-weight: 400;\">Fase M\u00e1xima &#8211; Anularidad (El Anillo de Fuego)<\/span>[\/vc_custom_heading][vc_column_text uncode_shortcode_id=&#8221;256409&#8243;]La\u00a0<b>fase m\u00e1xima<\/b>\u00a0del eclipse anular es la\u00a0<b>anularidad<\/b>. La anularidad es cuando la Luna bloquea la vista del centro del Sol. Los eclipses pueden durar horas, pero la anularidad s\u00f3lo dura menos de un minuto o hasta doce minutos. Durante la anularidad, la Luna bloquea la vista del centro del Sol. Esto hace que el Sol parezca un \u201canillo de fuego\u201d. Los eclipses anulares a menudo se denominan eclipses de \u201canillo de fuego\u201d. Si deseas observar la anularidad, DEBES proteger tus ojos con gafas especiales para eclipses porque no todos los poderosos rayos del Sol est\u00e1n bloqueados.[\/vc_column_text][\/vc_column][\/vc_row][vc_row][vc_column width=&#8221;1\/1&#8243;][vc_separator sep_color=&#8221;&#8221; uncode_shortcode_id=&#8221;196374&#8243; el_height=&#8221;2px&#8221;][vc_custom_heading heading_semantic=&#8221;h3&#8243; text_size=&#8221;h3&#8243; uncode_shortcode_id=&#8221;922616&#8243;]<\/p>\n<div class=\"divider-wrapper \">\n<hr class=\"separator-no-padding\" \/>\n<\/div>\n<div class=\"vc_custom_heading_wrap \">\n<div class=\"heading-text el-text\">\n<h3>ECLIPSE SOLAR TOTAL<\/h3>\n<\/div>\n<\/div>\n<p>[\/vc_custom_heading][\/vc_column][\/vc_row][vc_row][vc_column width=&#8221;1\/4&#8243;][vc_single_image media=&#8221;85286&#8243; caption=&#8221;yes&#8221; media_width_percent=&#8221;100&#8243; uncode_shortcode_id=&#8221;102701&#8243;][\/vc_column][vc_column width=&#8221;3\/4&#8243;][vc_custom_heading heading_semantic=&#8221;h4&#8243; text_size=&#8221;h4&#8243; uncode_shortcode_id=&#8221;487017&#8243;]<span style=\"font-weight: 400;\">Fase M\u00e1xima &#8211; Totalidad<\/span>[\/vc_custom_heading][vc_column_text uncode_shortcode_id=&#8221;101786&#8243;]La fase m\u00e1xima del eclipse solar total es la\u00a0<b>totalidad<\/b>. La totalidad es cuando la Luna bloquea todo el Sol. Los eclipses pueden durar horas, pero la totalidad s\u00f3lo dura entre 1 y 7 minutos. Como la Luna bloquea todo el Sol, se puede ver la brillante atm\u00f3sfera exterior del Sol llamada corona, que normalmente no es visible. La brillante corona del Sol parece suaves p\u00e9talos de flores que rodean la Luna. El breve per\u00edodo de\u00a0 totalidad es el \u00daNICO\u00a0 en el que puedes mirar el Sol sin gafas especiales para eclipses porque todos los poderosos rayos del Sol est\u00e1n completamente bloqueados.[\/vc_column_text][\/vc_column][\/vc_row][vc_row][vc_column width=&#8221;1\/1&#8243;][vc_separator sep_color=&#8221;&#8221; uncode_shortcode_id=&#8221;196374&#8243; el_height=&#8221;2px&#8221;][vc_custom_heading heading_semantic=&#8221;h3&#8243; text_size=&#8221;h3&#8243; uncode_shortcode_id=&#8221;176336&#8243;]Eclipse Solar Parcial[\/vc_custom_heading][vc_row_inner limit_content=&#8221;&#8221;][vc_column_inner width=&#8221;1\/1&#8243;][vc_custom_heading heading_semantic=&#8221;h4&#8243; text_size=&#8221;h4&#8243; uncode_shortcode_id=&#8221;145604&#8243;]<span style=\"font-weight: 400;\">Fase M\u00e1xima &#8211; <\/span>Eclipse Solar Parcial[\/vc_custom_heading][vc_column_text uncode_shortcode_id=&#8221;362699&#8243;]Si NO est\u00e1s en la trayectoria del eclipse el 14 de octubre de 2023 o el 8 de abril de 2024, experimentar\u00e1s un eclipse parcial. <span class=\"Y2IQFc\" lang=\"es\">Si est\u00e1s observando un eclipse parcial, no experimentar\u00e1s anularidad ni totalidad. <\/span><span class=\"Y2IQFc\" lang=\"es\">En su lugar, necesitar\u00e1 encontrar la cobertura m\u00e1xima del eclipse en su \u00e1rea. Ese m\u00e1ximo generalmente se expresa como un porcentaje menor que 100. (Por ejemplo, puede experimentar un eclipse del 75 % o un eclipse del 90 %).<\/span><\/p>\n<p><span class=\"Y2IQFc\" lang=\"es\"><a href=\"https:\/\/eclipsesoundscapes.org\/es\/eclipse-lookup-tool\/\">Haga clic aqu\u00ed para utilizar la herramienta de b\u00fasqueda de eclipses solares<\/a> para determinar esto en su \u00e1rea.<\/span><\/p>\n<p id=\"tw-target-text\" class=\"tw-data-text tw-text-large tw-ta\" dir=\"ltr\" data-placeholder=\"Translation\" data-ved=\"2ahUKEwj7l5z7gMKEAxW4m4kEHc7kBc4Q3ewLegQICBAU\"><span class=\"Y2IQFc\" lang=\"es\">Durante un eclipse parcial, la Luna ir\u00e1 cubriendo gradualmente parte del Sol hasta alcanzar su porcentaje m\u00e1ximo en tu ubicaci\u00f3n. Luego, gradualmente cubrir\u00e1 menos parte del Sol hasta que no cubra nada del Sol.<\/span><\/p>\n<p>[\/vc_column_text][\/vc_column_inner][\/vc_row_inner][vc_separator sep_color=&#8221;&#8221; uncode_shortcode_id=&#8221;183788&#8243; el_height=&#8221;2px&#8221;][vc_custom_heading heading_semantic=&#8221;h4&#8243; text_size=&#8221;h4&#8243; uncode_shortcode_id=&#8221;187633&#8243;]<\/p>\n<p id=\"tw-target-text\" class=\"tw-data-text tw-text-large tw-ta\" dir=\"ltr\" data-placeholder=\"Translation\" data-ved=\"2ahUKEwj7l5z7gMKEAxW4m4kEHc7kBc4Q3ewLegQICBAU\"><span class=\"Y2IQFc\" lang=\"es\">Seguridad en Eclipses Solares Anulares y Totales<\/span><\/p>\n<p>[\/vc_custom_heading][vc_column_text uncode_shortcode_id=&#8221;158154&#8243;]<\/p>\n<p id=\"tw-target-text\" class=\"tw-data-text tw-text-large tw-ta\" dir=\"ltr\" data-placeholder=\"Translation\" data-ved=\"2ahUKEwj7l5z7gMKEAxW4m4kEHc7kBc4Q3ewLegQICBAU\"><span class=\"Y2IQFc\" lang=\"es\">Tanto para eclipses anulares como totales, recuerda proteger tus ojos usando gafas para eclipses o un filtro solar. Vaya a <a href=\"https:\/\/eclipsesoundscapes.org\/resources\/\">Eclipse Safety Resources<\/a>\u00a0 para obtener m\u00e1s informaci\u00f3n sobre seguridad de Eclipse y aseg\u00farese de revisar tambi\u00e9n <a href=\"https:\/\/eclipsesoundscapes.org\/es\/apprentice-training-l5-seguridad-del-eclipse\/\">la Lecci\u00f3n de seguridad para aprendices de Eclipse<\/a>.<\/span><\/p>\n<p>[\/vc_column_text][vc_separator sep_color=&#8221;&#8221; uncode_shortcode_id=&#8221;389174&#8243; el_height=&#8221;6px&#8221;][vc_row_inner limit_content=&#8221;&#8221;][vc_column_inner width=&#8221;1\/2&#8243;][vc_custom_heading heading_semantic=&#8221;h3&#8243; text_size=&#8221;h3&#8243; uncode_shortcode_id=&#8221;112938&#8243;]<span style=\"font-weight: 400;\">Vocabulario<\/span>[\/vc_custom_heading][vc_column_text uncode_shortcode_id=&#8221;191496&#8243;]<b>eclipse anular<\/b>\u00a0\u2013 cuando la Luna pasa directamente frente al Sol, pero parece demasiado peque\u00f1a para cubrir completamente el Sol.<\/p>\n<p><b>eclipse solar total<\/b>\u00a0\u2013 cuando la Luna pasa directamente frente al Sol bloqueando completamente la vista del Sol.<\/p>\n<p><b>eclipse solar parcial<\/b>\u00a0\u2013 cuando la Luna pasa frente al Sol descentrada y solo bloquea una parte del Sol, haciendo que el Sol parezca un creciente<\/p>\n<p><b>fase m\u00e1xima<\/b>\u00a0\u2013 Fase de un eclipse en la que la Luna bloquea la mayor cantidad posible de Sol de la vista.<\/p>\n<p><b>filtro solar<\/b>\u00a0\u2013 un filtro agregado a una c\u00e1mara o telescopio que bloquea la mayor parte de la luz del Sol para permitir al usuario mirar el Sol de manera segura[\/vc_column_text][\/vc_column_inner][vc_column_inner width=&#8221;1\/2&#8243;][vc_custom_heading heading_semantic=&#8221;h3&#8243; text_size=&#8221;h3&#8243; uncode_shortcode_id=&#8221;713116&#8243;]<span style=\"font-weight: 400;\">Discusi\u00f3n \/ Notas<\/span>[\/vc_custom_heading][vc_column_text uncode_shortcode_id=&#8221;874806&#8243;]<strong>Escribe, dibuja o discute verbalmente las respuestas a lo siguiente:<\/strong><\/p>\n<ul>\n<li><span class=\"Y2IQFc\" lang=\"es\">\u00bfQu\u00e9 es la anularidad?<\/span><\/li>\n<li><span class=\"Y2IQFc\" lang=\"es\">\u00bfQu\u00e9 es la totalidad?<\/span><\/li>\n<\/ul>\n<p>[\/vc_column_text][\/vc_column_inner][\/vc_row_inner][vc_row_inner limit_content=&#8221;&#8221;][vc_column_inner width=&#8221;1\/2&#8243;][\/vc_column_inner][vc_column_inner column_width_percent=&#8221;100&#8243; align_horizontal=&#8221;align_right&#8221; gutter_size=&#8221;3&#8243; overlay_alpha=&#8221;50&#8243; shift_x=&#8221;0&#8243; shift_y=&#8221;0&#8243; shift_y_down=&#8221;0&#8243; z_index=&#8221;0&#8243; medium_width=&#8221;0&#8243; mobile_width=&#8221;0&#8243; width=&#8221;1\/4&#8243; uncode_shortcode_id=&#8221;101250&#8243;][vc_column_text uncode_shortcode_id=&#8221;106822&#8243;]<a href=\"#top\">Volver al inicio de la p\u00e1gina.<\/a>[\/vc_column_text][\/vc_column_inner][vc_column_inner width=&#8221;1\/4&#8243;][vc_button button_color=&#8221;accent&#8221; size=&#8221;btn-xl&#8221; radius=&#8221;btn-round&#8221; text_skin=&#8221;yes&#8221; border_width=&#8221;0&#8243; uncode_shortcode_id=&#8221;120473&#8243; link=&#8221;url:https%3A%2F%2Feclipsesoundscapes.org%2Fes%2Fpagina-de-observador%2F|title:Inicio%20del%20Observador|&#8221; button_color_type=&#8221;uncode-palette&#8221; icon=&#8221;fa fa-home2&#8243; width=&#8221;2&#8243;]Observador[\/vc_button][\/vc_column_inner][\/vc_row_inner][\/vc_column][\/vc_row]<\/p>\n<\/div>","protected":false},"excerpt":{"rendered":"<p>[vc_row][vc_column width=&#8221;1\/1&#8243;][vc_row_inner row_inner_height_percent=&#8221;0&#8243; back_color=&#8221;color-127793&#8243; overlay_alpha=&#8221;50&#8243; gutter_size=&#8221;3&#8243; shift_y=&#8221;0&#8243; z_index=&#8221;0&#8243; uncode_shortcode_id=&#8221;803394&#8243; back_color_type=&#8221;uncode-palette&#8221; limit_content=&#8221;&#8221;][vc_column_inner width=&#8221;1\/1&#8243;][vc_custom_heading heading_semantic=&#8221;h1&#8243; sub_reduced=&#8221;yes&#8221; uncode_shortcode_id=&#8221;140121&#8243;]Formaci\u00f3n de Observadores[\/vc_custom_heading][\/vc_column_inner][\/vc_row_inner][vc_row_inner limit_content=&#8221;&#8221;][vc_column_inner width=&#8221;3\/4&#8243;][vc_custom_heading uncode_shortcode_id=&#8221;763170&#8243;]\u00bfQu\u00e9 [&hellip;]<\/p>\n","protected":false},"author":3,"featured_media":0,"parent":0,"menu_order":0,"comment_status":"closed","ping_status":"closed","template":"","meta":{"_links_to":"","_links_to_target":""},"_links":{"self":[{"href":"https:\/\/eclipsesoundscapes.org\/es\/wp-json\/wp\/v2\/pages\/90220"}],"collection":[{"href":"https:\/\/eclipsesoundscapes.org\/es\/wp-json\/wp\/v2\/pages"}],"about":[{"href":"https:\/\/eclipsesoundscapes.org\/es\/wp-json\/wp\/v2\/types\/page"}],"author":[{"embeddable":true,"href":"https:\/\/eclipsesoundscapes.org\/es\/wp-json\/wp\/v2\/users\/3"}],"replies":[{"embeddable":true,"href":"https:\/\/eclipsesoundscapes.org\/es\/wp-json\/wp\/v2\/comments?post=90220"}],"version-history":[{"count":6,"href":"https:\/\/eclipsesoundscapes.org\/es\/wp-json\/wp\/v2\/pages\/90220\/revisions"}],"predecessor-version":[{"id":90233,"href":"https:\/\/eclipsesoundscapes.org\/es\/wp-json\/wp\/v2\/pages\/90220\/revisions\/90233"}],"wp:attachment":[{"href":"https:\/\/eclipsesoundscapes.org\/es\/wp-json\/wp\/v2\/media?parent=90220"}],"curies":[{"name":"wp","href":"https:\/\/api.w.org\/{rel}","templated":true}]}}