{"id":90016,"date":"2024-02-16T13:27:06","date_gmt":"2024-02-16T18:27:06","guid":{"rendered":"https:\/\/eclipsesoundscapes.org\/codigo-de-conducta\/"},"modified":"2024-02-20T13:03:45","modified_gmt":"2024-02-20T18:03:45","slug":"codigo-de-conducta","status":"publish","type":"page","link":"https:\/\/eclipsesoundscapes.org\/es\/codigo-de-conducta\/","title":{"rendered":"C\u00f3digo de Conducta"},"content":{"rendered":"<div class=\"wpb-content-wrapper\"><p>[vc_row][vc_column width=&#8221;1\/1&#8243;][vc_custom_heading heading_semantic=&#8221;h1&#8243; text_size=&#8221;h1&#8243; uncode_shortcode_id=&#8221;135787&#8243;]C\u00f3digo de Conducta[\/vc_custom_heading][vc_column_text uncode_shortcode_id=&#8221;124173&#8243;]&#8221;La ciencia avanza mejor cuando hay confianza mutua, basada en un comportamiento honesto, en toda la comunidad&#8221;.- <strong>Sociedad Estadounidense de F\u00edsica<\/strong>[\/vc_column_text][\/vc_column][\/vc_row][vc_row][vc_column width=&#8221;1\/4&#8243;][vc_single_image media=&#8221;88386&#8243; media_width_percent=&#8221;100&#8243; shape=&#8221;img-round&#8221; uncode_shortcode_id=&#8221;131966&#8243;][\/vc_column][vc_column width=&#8221;3\/4&#8243;][vc_column_text uncode_shortcode_id=&#8221;161435&#8243;]El Proyecto Eclipse Soundscapes tiene como objetivo promover el aprendizaje y la ciencia de los eclipses en un entorno inclusivo donde todos sean bienvenidos. Este C\u00f3digo de Conducta existe para respaldar la misi\u00f3n del proyecto y promover una experiencia positiva para todos los participantes.<\/p>\n<p>Al aceptar participar en el Proyecto Eclipse Soundscapes o utilizar el sitio web EclipseSoundscapes.org, usted acepta nuestro C\u00f3digo de Conducta. Se espera que los participantes respeten el C\u00f3digo de Conducta en todos los entornos virtuales y presenciales. El incumplimiento podr\u00e1 dar lugar a una advertencia por escrito, enviada por correo electr\u00f3nico. Las violaciones graves o repetidas del C\u00f3digo de Conducta pueden provocar que se solicite a los participantes que abandonen el grupo o el foro en l\u00ednea.[\/vc_column_text][\/vc_column][\/vc_row][vc_row][vc_column width=&#8221;1\/2&#8243;][vc_custom_heading uncode_shortcode_id=&#8221;189224&#8243;]Ejemplos de la conducta esperada[\/vc_custom_heading][vc_row_inner][vc_column_inner width=&#8221;1\/3&#8243;][vc_single_image media=&#8221;88398&#8243; media_width_percent=&#8221;85&#8243; uncode_shortcode_id=&#8221;115697&#8243;][\/vc_column_inner][vc_column_inner width=&#8221;2\/3&#8243;][vc_column_text uncode_shortcode_id=&#8221;132864&#8243;]<\/p>\n<ul>\n<li>Tolerancia e inclusi\u00f3n de todas las personas e identidades<\/li>\n<li><span data-sheets-root=\"1\" data-sheets-value=\"{&quot;1&quot;:2,&quot;2&quot;:&quot;Discusi\u00f3n cient\u00edfica productiva&quot;}\" data-sheets-userformat=\"{&quot;2&quot;:14593,&quot;3&quot;:{&quot;1&quot;:0,&quot;3&quot;:1},&quot;11&quot;:4,&quot;14&quot;:{&quot;1&quot;:2,&quot;2&quot;:0},&quot;15&quot;:&quot;Arial&quot;,&quot;16&quot;:10}\">Discusi\u00f3n cient\u00edfica productiva<\/span><\/li>\n<li><span data-sheets-root=\"1\" data-sheets-value=\"{&quot;1&quot;:2,&quot;2&quot;:&quot;Promover un ambiente de aprendizaje solidario para todos&quot;}\" data-sheets-userformat=\"{&quot;2&quot;:14593,&quot;3&quot;:{&quot;1&quot;:0,&quot;3&quot;:1},&quot;11&quot;:4,&quot;14&quot;:{&quot;1&quot;:2,&quot;2&quot;:0},&quot;15&quot;:&quot;Arial&quot;,&quot;16&quot;:10}\">Promover un ambiente de aprendizaje solidario para todos<\/span><\/li>\n<li><span data-sheets-root=\"1\" data-sheets-value=\"{&quot;1&quot;:2,&quot;2&quot;:&quot;Promover la libre expresi\u00f3n y el intercambio de ideas cient\u00edficas&quot;}\" data-sheets-userformat=\"{&quot;2&quot;:14593,&quot;3&quot;:{&quot;1&quot;:0,&quot;3&quot;:1},&quot;11&quot;:4,&quot;14&quot;:{&quot;1&quot;:2,&quot;2&quot;:0},&quot;15&quot;:&quot;Arial&quot;,&quot;16&quot;:10}\">Promover la libre expresi\u00f3n y el intercambio de ideas cient\u00edficas<\/span><\/li>\n<li><span data-sheets-root=\"1\" data-sheets-value=\"{&quot;1&quot;:2,&quot;2&quot;:&quot;Fomentar una relaci\u00f3n respetuosa con la naturaleza y el medioambiente&quot;}\" data-sheets-userformat=\"{&quot;2&quot;:14593,&quot;3&quot;:{&quot;1&quot;:0,&quot;3&quot;:1},&quot;11&quot;:4,&quot;14&quot;:{&quot;1&quot;:2,&quot;2&quot;:0},&quot;15&quot;:&quot;Arial&quot;,&quot;16&quot;:10}\">Fomentar una relaci\u00f3n respetuosa con la naturaleza y el medioambiente<\/span><\/li>\n<\/ul>\n<p>[\/vc_column_text][\/vc_column_inner][\/vc_row_inner][\/vc_column][vc_column width=&#8221;1\/2&#8243;][vc_custom_heading uncode_shortcode_id=&#8221;284687&#8243;]Ejemplos de conducta inaceptable[\/vc_custom_heading][vc_row_inner][vc_column_inner width=&#8221;1\/3&#8243;][vc_single_image media=&#8221;88400&#8243; media_width_percent=&#8221;100&#8243; uncode_shortcode_id=&#8221;259079&#8243;][\/vc_column_inner][vc_column_inner width=&#8221;2\/3&#8243;][vc_column_text uncode_shortcode_id=&#8221;148800&#8243;]<\/p>\n<ul>\n<li>Lenguaje o conducta que excluye a otras personas<\/li>\n<li><span data-sheets-root=\"1\" data-sheets-value=\"{&quot;1&quot;:2,&quot;2&quot;:&quot;Discurso de odio, lenguaje grosero u ofensivo, insultos&quot;}\" data-sheets-userformat=\"{&quot;2&quot;:14593,&quot;3&quot;:{&quot;1&quot;:0,&quot;3&quot;:1},&quot;11&quot;:4,&quot;14&quot;:{&quot;1&quot;:2,&quot;2&quot;:0},&quot;15&quot;:&quot;Arial&quot;,&quot;16&quot;:10}\">Discurso de odio, lenguaje grosero u ofensivo, insultos<\/span><\/li>\n<li><span data-sheets-root=\"1\" data-sheets-value=\"{&quot;1&quot;:2,&quot;2&quot;:&quot;Conducta abusiva, degradante, humillante o intimidatoria&quot;}\" data-sheets-userformat=\"{&quot;2&quot;:14593,&quot;3&quot;:{&quot;1&quot;:0,&quot;3&quot;:1},&quot;11&quot;:4,&quot;14&quot;:{&quot;1&quot;:2,&quot;2&quot;:0},&quot;15&quot;:&quot;Arial&quot;,&quot;16&quot;:10}\">Conducta abusiva, degradante, humillante o intimidatoria<\/span><\/li>\n<li><span data-sheets-root=\"1\" data-sheets-value=\"{&quot;1&quot;:2,&quot;2&quot;:&quot;Acoso f\u00edsico y\/o sexual&quot;}\" data-sheets-userformat=\"{&quot;2&quot;:14593,&quot;3&quot;:{&quot;1&quot;:0,&quot;3&quot;:1},&quot;11&quot;:4,&quot;14&quot;:{&quot;1&quot;:2,&quot;2&quot;:0},&quot;15&quot;:&quot;Arial&quot;,&quot;16&quot;:10}\">Acoso f\u00edsico y\/o sexual<\/span><\/li>\n<li><span data-sheets-root=\"1\" data-sheets-value=\"{&quot;1&quot;:2,&quot;2&quot;:&quot;Discusi\u00f3n de actividad ilegal&quot;}\" data-sheets-userformat=\"{&quot;2&quot;:14593,&quot;3&quot;:{&quot;1&quot;:0,&quot;3&quot;:1},&quot;11&quot;:4,&quot;14&quot;:{&quot;1&quot;:2,&quot;2&quot;:0},&quot;15&quot;:&quot;Arial&quot;,&quot;16&quot;:10}\">Discusi\u00f3n de actividad ilegal<\/span><\/li>\n<li><span data-sheets-root=\"1\" data-sheets-value=\"{&quot;1&quot;:2,&quot;2&quot;:&quot;Fabricaci\u00f3n intencional, falsificaci\u00f3n o informe selectivo de datos&quot;}\" data-sheets-userformat=\"{&quot;2&quot;:14593,&quot;3&quot;:{&quot;1&quot;:0,&quot;3&quot;:1},&quot;11&quot;:4,&quot;14&quot;:{&quot;1&quot;:2,&quot;2&quot;:0},&quot;15&quot;:&quot;Arial&quot;,&quot;16&quot;:10}\">Fabricaci\u00f3n intencional, falsificaci\u00f3n o informe selectivo de datos<\/span><\/li>\n<li><span data-sheets-root=\"1\" data-sheets-value=\"{&quot;1&quot;:2,&quot;2&quot;:&quot;Conducta disruptiva o da\u00f1ina hacia la naturaleza y el medioambiente&quot;}\" data-sheets-userformat=\"{&quot;2&quot;:14593,&quot;3&quot;:{&quot;1&quot;:0,&quot;3&quot;:1},&quot;11&quot;:4,&quot;14&quot;:{&quot;1&quot;:2,&quot;2&quot;:0},&quot;15&quot;:&quot;Arial&quot;,&quot;16&quot;:10}\">Conducta disruptiva o da\u00f1ina hacia la naturaleza y el medioambiente<\/span><\/li>\n<\/ul>\n<p>[\/vc_column_text][\/vc_column_inner][\/vc_row_inner][\/vc_column][\/vc_row][vc_row][vc_column width=&#8221;1\/1&#8243;][vc_custom_heading uncode_shortcode_id=&#8221;725076&#8243;]Uso de los materiales educativos de Eclipse Soundscapes[\/vc_custom_heading][vc_column_text uncode_shortcode_id=&#8221;208446&#8243;]En Eclipse Soundscapes, nos dedicamos a promover el aprendizaje sobre eclipses para todos. En EclipseSoundscapes.org se pueden encontrar materiales y recursos educativos para uso did\u00e1ctico y sin fines de lucro, pero no para su reventa; y se encuentran cubiertos por la licencia <a href=\"http:\/\/creativecommons.org\/licenses\/by-nc\/4.0\/\">Creative Common<\/a>s Attribution-NonCommercial 4.0 International. Al compartir materiales y recursos, d\u00e9 cr\u00e9dito al &#8220;Proyecto Eclipse Soundscapes con apoyo de la NASA bajo el n\u00famero de adjudicaci\u00f3n 80NSSC21M0008&#8243; y vinc\u00falelo a www.EclipseSoundscapes.org.[\/vc_column_text][vc_row_inner][vc_column_inner width=&#8221;1\/1&#8243;][vc_custom_heading heading_semantic=&#8221;h3&#8243; text_size=&#8221;h3&#8243; uncode_shortcode_id=&#8221;192097&#8243;]<br \/>\nLos usos apropiados de los materiales educativos de Eclipse Soundscapes incluyen:<br \/>\n[\/vc_custom_heading][vc_column_text uncode_shortcode_id=&#8221;116531&#8221;]<\/p>\n<ul>\n<li>Aulas<\/li>\n<li>Campamentos educativos, grupos escolares, clubes, etc.<\/li>\n<li>Bibliotecas<\/li>\n<\/ul>\n<p>[\/vc_column_text][\/vc_column_inner][\/vc_row_inner][vc_custom_heading heading_semantic=&#8221;h3&#8243; text_size=&#8221;h3&#8243; uncode_shortcode_id=&#8221;151042&#8243;]Los usos inapropiados de los materiales educativos de Eclipse Soundscapes incluyen:[\/vc_custom_heading][vc_row_inner][vc_column_inner column_width_percent=&#8221;100&#8243; position_horizontal=&#8221;right&#8221; gutter_size=&#8221;3&#8243; overlay_alpha=&#8221;50&#8243; shift_x=&#8221;0&#8243; shift_y=&#8221;0&#8243; shift_y_down=&#8221;0&#8243; z_index=&#8221;0&#8243; medium_width=&#8221;0&#8243; mobile_width=&#8221;0&#8243; width=&#8221;1\/1&#8243; uncode_shortcode_id=&#8221;164800&#8243;][vc_column_text uncode_shortcode_id=&#8221;169726&#8243;]<\/p>\n<ul>\n<li>Reventa<\/li>\n<li>Uso o copia de logotipos, fotos o gr\u00e1ficos de Eclipse Soundscapes<\/li>\n<li>Uso de logotipos, fotos, gr\u00e1ficos, etc. de Eclipse Soundscapes junto con materiales o mensajes que violen la conducta esperada. Estas violaciones pueden incluir, entre otras: acoso, abuso, intimidaci\u00f3n, cualquier actividad ilegal, plagio, incitaci\u00f3n al odio<\/li>\n<\/ul>\n<p>[\/vc_column_text][\/vc_column_inner][\/vc_row_inner][vc_custom_heading uncode_shortcode_id=&#8221;108267&#8243;]Uso de la propiedad intelectual de Eclipse Soundscapes[\/vc_custom_heading][vc_column_text uncode_shortcode_id=&#8221;976211&#8243;]En un intento por avanzar en la ciencia de los eclipses y el aprendizaje en las \u00e1reas de ciencia, tecnolog\u00eda, ingenier\u00eda y matem\u00e1ticas (Science, Technology, Engineering and Mathematics, STEM), todos los datos, el software y los hallazgos del Proyecto Eclipse Soundscapes estar\u00e1n disponibles para el p\u00fablico. Los datos se registrar\u00e1n y mantendr\u00e1n en una forma que permita su revisi\u00f3n, an\u00e1lisis y reproducci\u00f3n por parte de otros. Esta informaci\u00f3n puede usarse en futuras investigaciones con el cr\u00e9dito apropiado.<\/p>\n<p>Para obtener m\u00e1s informaci\u00f3n, visite la <a href=\"https:\/\/eclipsesoundscapes.org\/es\/politica-de-datos-abiertos\/\">&#8220;Pol\u00edtica de Datos Abiertos&#8221;<\/a> en el sitio web de ES.[\/vc_column_text][\/vc_column][\/vc_row][vc_row][vc_column width=&#8221;1\/1&#8243;][vc_custom_heading uncode_shortcode_id=&#8221;132244&#8243;]Presentaci\u00f3n de quejas[\/vc_custom_heading][vc_column_text uncode_shortcode_id=&#8221;101481&#8243;]Si desea presentar una queja formal sobre la conducta de un participante de Eclipse Soundscapes, h\u00e1galo por escrito a <a href=\"mailto:outreach@arisalab.org\">outreach@arisalab.org<\/a>. Las quejas ser\u00e1n revisadas por el investigador principal (PI) y el investigador conjunto (Co-I) del proyecto, y los participantes que infrinjan el C\u00f3digo de Conducta ser\u00e1n notificados de las repercusiones por correo electr\u00f3nico.[\/vc_column_text][\/vc_column][\/vc_row]<\/p>\n<\/div>","protected":false},"excerpt":{"rendered":"<p>[vc_row][vc_column width=&#8221;1\/1&#8243;][vc_custom_heading heading_semantic=&#8221;h1&#8243; text_size=&#8221;h1&#8243; uncode_shortcode_id=&#8221;135787&#8243;]C\u00f3digo de Conducta[\/vc_custom_heading][vc_column_text uncode_shortcode_id=&#8221;124173&#8243;]&#8221;La ciencia avanza mejor cuando hay confianza mutua, basada en un comportamiento honesto, [&hellip;]<\/p>\n","protected":false},"author":3,"featured_media":0,"parent":0,"menu_order":0,"comment_status":"closed","ping_status":"closed","template":"","meta":{"_links_to":"","_links_to_target":""},"_links":{"self":[{"href":"https:\/\/eclipsesoundscapes.org\/es\/wp-json\/wp\/v2\/pages\/90016"}],"collection":[{"href":"https:\/\/eclipsesoundscapes.org\/es\/wp-json\/wp\/v2\/pages"}],"about":[{"href":"https:\/\/eclipsesoundscapes.org\/es\/wp-json\/wp\/v2\/types\/page"}],"author":[{"embeddable":true,"href":"https:\/\/eclipsesoundscapes.org\/es\/wp-json\/wp\/v2\/users\/3"}],"replies":[{"embeddable":true,"href":"https:\/\/eclipsesoundscapes.org\/es\/wp-json\/wp\/v2\/comments?post=90016"}],"version-history":[{"count":5,"href":"https:\/\/eclipsesoundscapes.org\/es\/wp-json\/wp\/v2\/pages\/90016\/revisions"}],"predecessor-version":[{"id":90035,"href":"https:\/\/eclipsesoundscapes.org\/es\/wp-json\/wp\/v2\/pages\/90016\/revisions\/90035"}],"wp:attachment":[{"href":"https:\/\/eclipsesoundscapes.org\/es\/wp-json\/wp\/v2\/media?parent=90016"}],"curies":[{"name":"wp","href":"https:\/\/api.w.org\/{rel}","templated":true}]}}