{"id":89996,"date":"2024-02-15T09:26:13","date_gmt":"2024-02-15T14:26:13","guid":{"rendered":"https:\/\/eclipsesoundscapes.org\/formacion-de-observadores-como-encontrar-e-informar-la-ubicacion\/"},"modified":"2024-04-05T23:08:19","modified_gmt":"2024-04-06T03:08:19","slug":"formacion-de-observadores-como-encontrar-e-informar-la-ubicacion","status":"publish","type":"page","link":"https:\/\/eclipsesoundscapes.org\/es\/formacion-de-observadores-como-encontrar-e-informar-la-ubicacion\/","title":{"rendered":"Formaci\u00f3n de Observadores &#8211; C\u00f3mo encontrar e informar la ubicaci\u00f3n"},"content":{"rendered":"<div class=\"wpb-content-wrapper\"><p>[vc_row][vc_column width=&#8221;1\/1&#8243;][vc_row_inner row_inner_height_percent=&#8221;0&#8243; back_color=&#8221;color-127793&#8243; overlay_alpha=&#8221;50&#8243; gutter_size=&#8221;3&#8243; shift_y=&#8221;0&#8243; z_index=&#8221;0&#8243; uncode_shortcode_id=&#8221;859581&#8243; back_color_type=&#8221;uncode-palette&#8221; limit_content=&#8221;&#8221;][vc_column_inner width=&#8221;1\/1&#8243;][vc_custom_heading heading_semantic=&#8221;h1&#8243; sub_reduced=&#8221;yes&#8221; uncode_shortcode_id=&#8221;166247&#8243;]<span style=\"font-weight: 400;\">Formaci\u00f3n de Observadores y Recopilador de datos<\/span>[\/vc_custom_heading][\/vc_column_inner][\/vc_row_inner][vc_row_inner limit_content=&#8221;&#8221;][vc_column_inner width=&#8221;1\/2&#8243;][vc_custom_heading uncode_shortcode_id=&#8221;200396&#8243;]<strong>Latitud y longitud<\/strong>[\/vc_custom_heading][\/vc_column_inner][vc_column_inner column_width_percent=&#8221;100&#8243; align_horizontal=&#8221;align_center&#8221; gutter_size=&#8221;3&#8243; overlay_alpha=&#8221;50&#8243; shift_x=&#8221;0&#8243; shift_y=&#8221;0&#8243; shift_y_down=&#8221;0&#8243; z_index=&#8221;0&#8243; medium_width=&#8221;0&#8243; mobile_width=&#8221;0&#8243; width=&#8221;1\/4&#8243; uncode_shortcode_id=&#8221;128574&#8243;][vc_button button_color=&#8221;accent&#8221; size=&#8221;btn-xl&#8221; radius=&#8221;btn-round&#8221; hover_fx=&#8221;full-colored&#8221; border_width=&#8221;0&#8243; icon=&#8221;fa fa-home2&#8243; uncode_shortcode_id=&#8221;101042&#8243; link=&#8221;url:https%3A%2F%2Feclipsesoundscapes.org%2Fes%2Fpagina-de-observador%2F|title:P%C3%A1gina%20de%20observador|&#8221; button_color_type=&#8221;uncode-palette&#8221;]<strong>Inicio del Observador<\/strong>[\/vc_button][\/vc_column_inner][vc_column_inner width=&#8221;1\/4&#8243;][vc_button button_color=&#8221;accent&#8221; size=&#8221;btn-xl&#8221; radius=&#8221;btn-round&#8221; text_skin=&#8221;yes&#8221; border_width=&#8221;0&#8243; uncode_shortcode_id=&#8221;225474&#8243; link=&#8221;url:https%3A%2F%2Feclipsesoundscapes.org%2Fes%2Fpagina-de-inicio-de-recopiladores-de-datos%2F|title:P%C3%A1gina%20del%20Recopilador%20de%20Datos|&#8221; button_color_type=&#8221;uncode-palette&#8221; icon=&#8221;fa fa-home2&#8243; width=&#8221;2&#8243;]<strong>Inicio del Recopilador de datos<\/strong>[\/vc_button][\/vc_column_inner][\/vc_row_inner][vc_column_text uncode_shortcode_id=&#8221;502827&#8243;]<span style=\"font-weight: 400;\">Los Observadores y Recopiladores de datos de Eclipse Soundscapes (ES) deben informar de su ubicaci\u00f3n utilizando la latitud y la longitud. La latitud y la longitud tienen formatos diferentes. El proyecto ES utiliza el formato de grados decimales (Decimal Degrees, DD). A continuaci\u00f3n, encontrar\u00e1 informaci\u00f3n y recursos que le ayudar\u00e1n a encontrar su latitud y longitud y a asegurarse de que est\u00e1n en el formato correcto.<\/span>[\/vc_column_text][vc_separator sep_color=&#8221;&#8221; uncode_shortcode_id=&#8221;766102&#8243; el_height=&#8221;6px&#8221;][vc_custom_heading heading_semantic=&#8221;h3&#8243; text_size=&#8221;h3&#8243; uncode_shortcode_id=&#8221;121252&#8243;]<span style=\"font-weight: 400;\">Latitud y longitud con Google Maps<\/span>[\/vc_custom_heading][vc_row_inner limit_content=&#8221;&#8221;][vc_column_inner width=&#8221;1\/3&#8243;][vc_custom_heading heading_semantic=&#8221;h4&#8243; text_size=&#8221;h6&#8243; uncode_shortcode_id=&#8221;730903&#8243;]<strong>Computadora<\/strong>[\/vc_custom_heading][vc_column_text uncode_shortcode_id=&#8221;558300&#8243;]<\/p>\n<ol>\n<li style=\"font-weight: 400;\" aria-level=\"1\"><span style=\"font-weight: 400;\">En su computadora, abra <\/span><a href=\"https:\/\/www.google.com\/maps\"><span style=\"font-weight: 400;\">Google Maps<\/span><\/a><span style=\"font-weight: 400;\">.<\/span><\/li>\n<li style=\"font-weight: 400;\" aria-level=\"1\"><span style=\"font-weight: 400;\">Haga clic con el bot\u00f3n derecho del rat\u00f3n en el lugar o zona del mapa.<\/span>\n<ul>\n<li style=\"font-weight: 400;\" aria-level=\"2\"><span style=\"font-weight: 400;\">Se abrir\u00e1 una ventana emergente. En la parte superior encontrar\u00e1 su latitud y longitud en formato decimal.<\/span><\/li>\n<\/ul>\n<\/li>\n<li style=\"font-weight: 400;\" aria-level=\"1\"><span style=\"font-weight: 400;\">Para copiar las coordenadas autom\u00e1ticamente, haga clic con el bot\u00f3n izquierdo en la latitud y la longitud.<\/span><\/li>\n<\/ol>\n<p><a href=\"https:\/\/support.google.com\/maps\/answer\/18539?hl=en&amp;co=GENIE.Platform%3DDesktop\"><span style=\"font-weight: 400;\">Enlace de referencia<\/span><\/a>[\/vc_column_text][\/vc_column_inner][vc_column_inner width=&#8221;1\/3&#8243;][vc_custom_heading heading_semantic=&#8221;h4&#8243; text_size=&#8221;h6&#8243; uncode_shortcode_id=&#8221;178378&#8243;]<strong>Tel\u00e9fono o tableta Android<\/strong>[\/vc_custom_heading][vc_column_text uncode_shortcode_id=&#8221;176908&#8243;]<\/p>\n<ol>\n<li style=\"font-weight: 400;\" aria-level=\"1\"><span style=\"font-weight: 400;\">En su tel\u00e9fono o tableta Android, abra la aplicaci\u00f3n Google Maps.<\/span><\/li>\n<li style=\"font-weight: 400;\" aria-level=\"1\"><span style=\"font-weight: 400;\">Toque y mantenga pulsada una zona del mapa que no est\u00e9 etiquetada para soltar un pin rojo.<\/span><\/li>\n<li style=\"font-weight: 400;\" aria-level=\"1\"><span style=\"font-weight: 400;\">\u00a0En el cuadro de b\u00fasqueda, puede encontrar las coordenadas.<\/span><\/li>\n<\/ol>\n<p><a href=\"https:\/\/support.google.com\/maps\/answer\/18539?hl=en&amp;co=GENIE.Platform%3DAndroid&amp;oco=1\"><span style=\"font-weight: 400;\">Enlace de referencia<\/span><\/a>[\/vc_column_text][\/vc_column_inner][vc_column_inner width=&#8221;1\/3&#8243;][vc_custom_heading heading_semantic=&#8221;h4&#8243; text_size=&#8221;h6&#8243; uncode_shortcode_id=&#8221;178559&#8243;]<strong>iPhone o iPad<\/strong>[\/vc_custom_heading][vc_column_text uncode_shortcode_id=&#8221;397713&#8243;]<\/p>\n<ol>\n<li style=\"font-weight: 400;\" aria-level=\"1\"><span style=\"font-weight: 400;\">En su iPhone o iPad, abra la aplicaci\u00f3n Google Maps.<\/span><\/li>\n<li style=\"font-weight: 400;\" aria-level=\"1\"><span style=\"font-weight: 400;\">Toque y mantenga pulsada una zona del mapa que no est\u00e9 etiquetada para soltar un pin rojo.<\/span><\/li>\n<li style=\"font-weight: 400;\" aria-level=\"1\"><span style=\"font-weight: 400;\">En la parte inferior, seleccione &#8220;Pin ca\u00eddo&#8221; para encontrar las coordenadas.<\/span><\/li>\n<\/ol>\n<p><a href=\"https:\/\/support.google.com\/maps\/answer\/18539?hl=en&amp;co=GENIE.Platform%3DiOS&amp;oco=1\"><span style=\"font-weight: 400;\">Enlace de referencia<\/span><\/a>[\/vc_column_text][\/vc_column_inner][\/vc_row_inner][vc_separator sep_color=&#8221;&#8221; uncode_shortcode_id=&#8221;465013&#8243; el_height=&#8221;4px&#8221;][vc_custom_heading heading_semantic=&#8221;h3&#8243; text_size=&#8221;h3&#8243; uncode_shortcode_id=&#8221;195794&#8243;]<\/p>\n<p id=\"tw-target-text\" class=\"tw-data-text tw-text-large tw-ta\" dir=\"ltr\" data-placeholder=\"Translation\" data-ved=\"2ahUKEwj4gOC_2auEAxW6jIkEHUP0AzkQ3ewLegQICBAU\"><strong><span class=\"Y2IQFc\" lang=\"es\">Formatee Sus Coordenadas de Latitud y Longitud<\/span><\/strong><\/p>\n<p>[\/vc_custom_heading][vc_column_text uncode_shortcode_id=&#8221;188507&#8243;]<\/p>\n<p id=\"tw-target-text\" class=\"tw-data-text tw-text-large tw-ta\" dir=\"ltr\" data-placeholder=\"Translation\" data-ved=\"2ahUKEwj4gOC_2auEAxW6jIkEHUP0AzkQ3ewLegQICBAU\"><span class=\"Y2IQFc\" lang=\"es\">Para formatear sus coordenadas para que funcionen con los formularios en l\u00ednea de Observador y Recolector de datos, use grados decimales (DD) en el siguiente formato:<\/span><\/p>\n<ul>\n<li dir=\"ltr\" data-placeholder=\"Translation\" data-ved=\"2ahUKEwj4gOC_2auEAxW6jIkEHUP0AzkQ3ewLegQICBAU\"><strong>Correcto<\/strong>: 41.40338, 2.17403<\/li>\n<li dir=\"ltr\" data-placeholder=\"Translation\" data-ved=\"2ahUKEwj4gOC_2auEAxW6jIkEHUP0AzkQ3ewLegQICBAU\"><strong>Incorrecto: <\/strong>41,40338, 2,17403<\/li>\n<\/ul>\n<p>[\/vc_column_text][\/vc_column][\/vc_row][vc_row][vc_column width=&#8221;1\/1&#8243;][vc_row_inner limit_content=&#8221;&#8221;][vc_column_inner width=&#8221;3\/4&#8243;][\/vc_column_inner][vc_column_inner width=&#8221;1\/4&#8243;][vc_button button_color=&#8221;accent&#8221; size=&#8221;btn-xl&#8221; radius=&#8221;btn-default-shape&#8221; hover_fx=&#8221;full-colored&#8221; border_width=&#8221;0&#8243; icon=&#8221;fa fa-home2&#8243; uncode_shortcode_id=&#8221;170198&#8243; link=&#8221;url:https%3A%2F%2Feclipsesoundscapes.org%2Fes%2Fpagina-de-observador%2F|title:P%C3%A1gina%20de%20observador|&#8221; button_color_type=&#8221;uncode-palette&#8221;]<strong>Inicio del Observador<\/strong>[\/vc_button][\/vc_column_inner][\/vc_row_inner][\/vc_column][\/vc_row]<\/p>\n<\/div>","protected":false},"excerpt":{"rendered":"<p>[vc_row][vc_column width=&#8221;1\/1&#8243;][vc_row_inner row_inner_height_percent=&#8221;0&#8243; back_color=&#8221;color-127793&#8243; overlay_alpha=&#8221;50&#8243; gutter_size=&#8221;3&#8243; shift_y=&#8221;0&#8243; z_index=&#8221;0&#8243; uncode_shortcode_id=&#8221;859581&#8243; back_color_type=&#8221;uncode-palette&#8221; limit_content=&#8221;&#8221;][vc_column_inner width=&#8221;1\/1&#8243;][vc_custom_heading heading_semantic=&#8221;h1&#8243; sub_reduced=&#8221;yes&#8221; uncode_shortcode_id=&#8221;166247&#8243;]Formaci\u00f3n de Observadores y Recopilador de [&hellip;]<\/p>\n","protected":false},"author":3,"featured_media":0,"parent":0,"menu_order":0,"comment_status":"closed","ping_status":"closed","template":"","meta":{"_links_to":"","_links_to_target":""},"_links":{"self":[{"href":"https:\/\/eclipsesoundscapes.org\/es\/wp-json\/wp\/v2\/pages\/89996"}],"collection":[{"href":"https:\/\/eclipsesoundscapes.org\/es\/wp-json\/wp\/v2\/pages"}],"about":[{"href":"https:\/\/eclipsesoundscapes.org\/es\/wp-json\/wp\/v2\/types\/page"}],"author":[{"embeddable":true,"href":"https:\/\/eclipsesoundscapes.org\/es\/wp-json\/wp\/v2\/users\/3"}],"replies":[{"embeddable":true,"href":"https:\/\/eclipsesoundscapes.org\/es\/wp-json\/wp\/v2\/comments?post=89996"}],"version-history":[{"count":10,"href":"https:\/\/eclipsesoundscapes.org\/es\/wp-json\/wp\/v2\/pages\/89996\/revisions"}],"predecessor-version":[{"id":90530,"href":"https:\/\/eclipsesoundscapes.org\/es\/wp-json\/wp\/v2\/pages\/89996\/revisions\/90530"}],"wp:attachment":[{"href":"https:\/\/eclipsesoundscapes.org\/es\/wp-json\/wp\/v2\/media?parent=89996"}],"curies":[{"name":"wp","href":"https:\/\/api.w.org\/{rel}","templated":true}]}}