{"id":89990,"date":"2024-02-15T09:20:12","date_gmt":"2024-02-15T14:20:12","guid":{"rendered":"https:\/\/eclipsesoundscapes.org\/formacion-de-observadores-como-observar-con-todos-los-sentidos\/"},"modified":"2024-02-15T09:20:26","modified_gmt":"2024-02-15T14:20:26","slug":"formacion-de-observadores-como-observar-con-todos-los-sentidos","status":"publish","type":"page","link":"https:\/\/eclipsesoundscapes.org\/es\/formacion-de-observadores-como-observar-con-todos-los-sentidos\/","title":{"rendered":"Formaci\u00f3n de Observadores &#8211; C\u00f3mo observar con todos los sentidos"},"content":{"rendered":"<div class=\"wpb-content-wrapper\"><p>[vc_row][vc_column width=&#8221;1\/1&#8243;][vc_row_inner row_inner_height_percent=&#8221;0&#8243; back_color=&#8221;color-127793&#8243; overlay_alpha=&#8221;50&#8243; gutter_size=&#8221;3&#8243; shift_y=&#8221;0&#8243; z_index=&#8221;0&#8243; uncode_shortcode_id=&#8221;859581&#8243; back_color_type=&#8221;uncode-palette&#8221; limit_content=&#8221;&#8221;][vc_column_inner width=&#8221;1\/1&#8243;][vc_custom_heading heading_semantic=&#8221;h1&#8243; sub_reduced=&#8221;yes&#8221; uncode_shortcode_id=&#8221;102040&#8243;]<span style=\"font-weight: 400;\">Formaci\u00f3n de Observadores<\/span>[\/vc_custom_heading][\/vc_column_inner][\/vc_row_inner][vc_row_inner limit_content=&#8221;&#8221;][vc_column_inner width=&#8221;3\/4&#8243;][vc_custom_heading uncode_shortcode_id=&#8221;183830&#8243;]<span style=\"font-weight: 400;\">C\u00f3mo observar con todos los sentidos<\/span>[\/vc_custom_heading][\/vc_column_inner][vc_column_inner width=&#8221;1\/4&#8243;][vc_button button_color=&#8221;accent&#8221; size=&#8221;btn-xl&#8221; radius=&#8221;btn-round&#8221; text_skin=&#8221;yes&#8221; border_width=&#8221;0&#8243; uncode_shortcode_id=&#8221;877476&#8243; link=&#8221;url:https%3A%2F%2Feclipsesoundscapes.org%2Fes%2Fpagina-de-observador%2F|title:P%C3%A1gina%20de%20observador|&#8221; button_color_type=&#8221;uncode-palette&#8221; icon=&#8221;fa fa-home2&#8243; width=&#8221;2&#8243;]<span style=\"font-weight: 400;\">Inicio del Observador<\/span>[\/vc_button][\/vc_column_inner][\/vc_row_inner][vc_row_inner limit_content=&#8221;&#8221;][vc_column_inner width=&#8221;1\/1&#8243;][vc_column_text uncode_shortcode_id=&#8221;109742&#8243;]<span style=\"font-weight: 400;\">Como Observador de Eclipse Soundscapes, y como cient\u00edfico, es importante observar con todos los sentidos de los que disponga. El d\u00eda del eclipse, aseg\u00farese de guardar el tel\u00e9fono y otros dispositivos electr\u00f3nicos mientras observa (a menos que los utilice para tomar notas). Conc\u00e9ntrese en cada uno de los sentidos de los que disponga. Este proceso ser\u00e1 diferente para cada persona.<\/span>[\/vc_column_text][\/vc_column_inner][\/vc_row_inner][vc_row_inner limit_content=&#8221;&#8221;][vc_column_inner width=&#8221;1\/2&#8243;][vc_column_text uncode_shortcode_id=&#8221;637658&#8243;]<iframe title=\"YouTube video player\" data-src=\"https:\/\/www.youtube.com\/embed\/p-TMadYD-nc\" width=\"560\" height=\"315\" frameborder=\"0\" allowfullscreen=\"allowfullscreen\" src=\"data:image\/gif;base64,R0lGODlhAQABAAAAACH5BAEKAAEALAAAAAABAAEAAAICTAEAOw==\" class=\"lazyload\" data-load-mode=\"1\"><\/iframe>[\/vc_column_text][vc_message message_color=&#8221;color-210211&#8243; uncode_shortcode_id=&#8221;181109&#8243; message_color_type=&#8221;uncode-palette&#8221;]<em><strong>Video Time:<\/strong><\/em> All 0:00-1:40 of this video will play for this lesson.[\/vc_message][\/vc_column_inner][vc_column_inner width=&#8221;1\/2&#8243;][vc_column_text uncode_shortcode_id=&#8221;185479&#8243;]<span style=\"font-weight: 400;\">\u00bfQu\u00e9 escucha? \u00bfQu\u00e9 ve? \u00bfQu\u00e9 siente? Tome notas para no olvidarse. Si escuch\u00f3 insectos, \u00bfsabe de qu\u00e9 clase son? Si vio un animal, \u00bfsabe de qu\u00e9 clase es? Anote todos los detalles para tenerlos a mano m\u00e1s adelante.<\/span><\/p>\n<p><b>Los Observadores de Eclipse Soundscape deben prestar especial atenci\u00f3n a los cambios desde justo antes del m\u00e1ximo del eclipse hasta durante el m\u00e1ximo del eclipse.<\/b><span style=\"font-weight: 400;\"> \u00bfEscuch\u00f3 c\u00f3mo aumentaban o disminu\u00edan los sonidos de los animales? \u00bfHizo m\u00e1s calor o m\u00e1s fr\u00edo? \u00bfObserv\u00f3 alg\u00fan cambio en el comportamiento de insectos o animales?<\/span><\/p>\n<p><b>Los Observadores de Eclipse Soundscapes tambi\u00e9n deben escribir el d\u00eda y la hora en que empezaron y dejaron de observar, as\u00ed como informaci\u00f3n sobre la ubicaci\u00f3n.<\/b><span style=\"font-weight: 400;\"> La informaci\u00f3n sobre la ubicaci\u00f3n incluye ciudad, suburbio o zona rural y una descripci\u00f3n de los alrededores: \u00bfest\u00e1 cerca de un r\u00edo o lago?, \u00bfen un campo?, \u00bfen un parque?, etc.<\/span><\/p>\n<p>&nbsp;[\/vc_column_text][\/vc_column_inner][\/vc_row_inner][vc_separator sep_color=&#8221;&#8221; uncode_shortcode_id=&#8221;389174&#8243; el_height=&#8221;6px&#8221;][vc_custom_heading heading_semantic=&#8221;h3&#8243; text_size=&#8221;h3&#8243; uncode_shortcode_id=&#8221;311247&#8243;]<span style=\"font-weight: 400;\">Pr\u00e1ctica del Observador<\/span>[\/vc_custom_heading][vc_column_text uncode_shortcode_id=&#8221;293878&#8243;]<span style=\"font-weight: 400;\">Observe de forma multisensorial ahora mismo siguiendo estos pasos:<\/span>[\/vc_column_text][\/vc_column][\/vc_row][vc_row][vc_column width=&#8221;1\/4&#8243;][vc_custom_heading heading_semantic=&#8221;h4&#8243; text_size=&#8221;h4&#8243; uncode_shortcode_id=&#8221;132679&#8243;]<\/p>\n<ol>\n<li><span style=\"font-weight: 400;\">Utilice un cuaderno o una aplicaci\u00f3n de notas.<\/span><\/li>\n<\/ol>\n<p>[\/vc_custom_heading][vc_single_image media=&#8221;87287&#8243; media_width_percent=&#8221;40&#8243; alignment=&#8221;center&#8221; uncode_shortcode_id=&#8221;202949&#8243;][\/vc_column][vc_column width=&#8221;1\/4&#8243;][vc_custom_heading heading_semantic=&#8221;h4&#8243; text_size=&#8221;h4&#8243; uncode_shortcode_id=&#8221;203678&#8243;]<span style=\"font-weight: 400;\">2. Escriba la fecha y la hora de inicio.<\/span>[\/vc_custom_heading][vc_row_inner limit_content=&#8221;&#8221;][vc_column_inner width=&#8221;1\/2&#8243;][vc_single_image media=&#8221;88218&#8243; media_width_percent=&#8221;90&#8243; alignment=&#8221;right&#8221; uncode_shortcode_id=&#8221;728211&#8243;][\/vc_column_inner][vc_column_inner width=&#8221;1\/2&#8243;][vc_single_image media=&#8221;88225&#8243; media_width_percent=&#8221;80&#8243; uncode_shortcode_id=&#8221;201625&#8243;][\/vc_column_inner][\/vc_row_inner][\/vc_column][vc_column width=&#8221;1\/2&#8243;][vc_custom_heading heading_semantic=&#8221;h4&#8243; text_size=&#8221;h4&#8243; uncode_shortcode_id=&#8221;827183&#8243;]<span style=\"font-weight: 400;\">Escriba la informaci\u00f3n de ubicaci\u00f3n:<\/span>[\/vc_custom_heading][vc_row_inner limit_content=&#8221;&#8221;][vc_column_inner width=&#8221;1\/3&#8243;][vc_single_image media=&#8221;88229&#8243; media_width_percent=&#8221;60&#8243; alignment=&#8221;right&#8221; uncode_shortcode_id=&#8221;141459&#8243;][\/vc_column_inner][vc_column_inner width=&#8221;2\/3&#8243;][vc_column_text border_color=&#8221;accent&#8221; uncode_shortcode_id=&#8221;453003&#8243; border_color_type=&#8221;uncode-palette&#8221;]<\/p>\n<ul>\n<li style=\"font-weight: 400;\" aria-level=\"1\"><span style=\"font-weight: 400;\">\u00bfLatitud y longitud?<\/span><\/li>\n<li style=\"font-weight: 400;\" aria-level=\"1\"><span style=\"font-weight: 400;\">\u00bfCiudad, suburbio o zona rural?<\/span><\/li>\n<li style=\"font-weight: 400;\" aria-level=\"1\"><span style=\"font-weight: 400;\">Describa: \u00bfparque, campo, cerca del r\u00edo, etc.?<\/span><\/li>\n<\/ul>\n<p>[\/vc_column_text][\/vc_column_inner][\/vc_row_inner][\/vc_column][\/vc_row][vc_row][vc_column width=&#8221;1\/2&#8243;][vc_custom_heading heading_semantic=&#8221;h4&#8243; text_size=&#8221;h4&#8243; uncode_shortcode_id=&#8221;451669&#8243;]<span style=\"font-weight: 400;\">4. Observe en silencio con todos los sentidos de los que disponga.<\/span>[\/vc_custom_heading][vc_single_image media=&#8221;88222&#8243; media_width_percent=&#8221;70&#8243; alignment=&#8221;center&#8221; uncode_shortcode_id=&#8221;883411&#8243;][\/vc_column][vc_column width=&#8221;1\/2&#8243;][vc_custom_heading heading_semantic=&#8221;h4&#8243; text_size=&#8221;h4&#8243; uncode_shortcode_id=&#8221;132239&#8243;]5. <span style=\"font-weight: 400;\">Anote su tiempo de finalizaci\u00f3n de observaci\u00f3n y sus observaciones<\/span>[\/vc_custom_heading][vc_single_image media=&#8221;88220&#8243; media_width_percent=&#8221;80&#8243; alignment=&#8221;center&#8221; uncode_shortcode_id=&#8221;767813&#8243;][\/vc_column][\/vc_row][vc_row][vc_column width=&#8221;1\/1&#8243;][vc_separator sep_color=&#8221;&#8221; uncode_shortcode_id=&#8221;389174&#8243; el_height=&#8221;6px&#8221;][vc_row_inner limit_content=&#8221;&#8221;][vc_column_inner width=&#8221;1\/2&#8243;][vc_custom_heading heading_semantic=&#8221;h3&#8243; text_size=&#8221;h3&#8243; uncode_shortcode_id=&#8221;112938&#8243;]<span style=\"font-weight: 400;\">Vocabulario<\/span>[\/vc_custom_heading][vc_column_text uncode_shortcode_id=&#8221;168196&#8243;]<span style=\"font-weight: 400;\">Rural: lugar fuera de un pueblo o ciudad con poca gente, campo.<\/span>[\/vc_column_text][\/vc_column_inner][vc_column_inner width=&#8221;1\/2&#8243;][vc_custom_heading heading_semantic=&#8221;h3&#8243; text_size=&#8221;h3&#8243; uncode_shortcode_id=&#8221;116382&#8243;]<span style=\"font-weight: 400;\">Discuta<\/span>[\/vc_custom_heading][vc_column_text uncode_shortcode_id=&#8221;188468&#8243;]<span style=\"font-weight: 400;\">Despu\u00e9s de practicar la observaci\u00f3n, hable de sus observaciones con un amigo.<\/span><\/p>\n<p><span style=\"font-weight: 400;\">Aunque ambos observaran a la misma hora y en el mismo lugar, podr\u00edan tener observaciones diferentes. Esto se debe a que cada persona nota cosas diferentes. Por eso necesitamos la ayuda de todos con Eclipse Soundscapes. Diferentes personas notan cosas diferentes y todo es informaci\u00f3n cient\u00edfica importante.<\/span>[\/vc_column_text][\/vc_column_inner][\/vc_row_inner][vc_row_inner limit_content=&#8221;&#8221;][vc_column_inner width=&#8221;1\/2&#8243;][\/vc_column_inner][vc_column_inner column_width_percent=&#8221;100&#8243; align_horizontal=&#8221;align_right&#8221; gutter_size=&#8221;3&#8243; overlay_alpha=&#8221;50&#8243; shift_x=&#8221;0&#8243; shift_y=&#8221;0&#8243; shift_y_down=&#8221;0&#8243; z_index=&#8221;0&#8243; medium_width=&#8221;0&#8243; mobile_width=&#8221;0&#8243; width=&#8221;1\/4&#8243; uncode_shortcode_id=&#8221;158276&#8243;][vc_column_text uncode_shortcode_id=&#8221;706432&#8243;]<a href=\"https:\/\/eclipsesoundscapes.org\/wp-admin\/admin.php?page=tm%2Fmenu%2Ftranslations-queue.php&amp;return_url=%2Fwp-admin%2Fedit.php%3Fs%3Dsensory%26post_status%3Dall%26post_type%3Dpage%26action%3D-1%26m%3D0%26lang%3Den%26paged%3D1%26action2%3D-1&amp;lang=en&amp;trid=342364&amp;language_code=es&amp;source_language_code=en#top\">Volver al inicio de la p\u00e1gina<\/a>[\/vc_column_text][\/vc_column_inner][vc_column_inner width=&#8221;1\/4&#8243;][vc_button button_color=&#8221;accent&#8221; size=&#8221;btn-xl&#8221; radius=&#8221;btn-round&#8221; text_skin=&#8221;yes&#8221; border_width=&#8221;0&#8243; uncode_shortcode_id=&#8221;201081&#8243; link=&#8221;url:https%3A%2F%2Feclipsesoundscapes.org%2Fes%2Fpagina-de-observador%2F|title:P%C3%A1gina%20de%20observador|&#8221; button_color_type=&#8221;uncode-palette&#8221; icon=&#8221;fa fa-home2&#8243; width=&#8221;2&#8243;]<span style=\"font-weight: 400;\">Inicio del Observador<\/span>[\/vc_button][\/vc_column_inner][\/vc_row_inner][\/vc_column][\/vc_row]<\/p>\n<\/div>","protected":false},"excerpt":{"rendered":"<p>[vc_row][vc_column width=&#8221;1\/1&#8243;][vc_row_inner row_inner_height_percent=&#8221;0&#8243; back_color=&#8221;color-127793&#8243; overlay_alpha=&#8221;50&#8243; gutter_size=&#8221;3&#8243; shift_y=&#8221;0&#8243; z_index=&#8221;0&#8243; uncode_shortcode_id=&#8221;859581&#8243; back_color_type=&#8221;uncode-palette&#8221; limit_content=&#8221;&#8221;][vc_column_inner width=&#8221;1\/1&#8243;][vc_custom_heading heading_semantic=&#8221;h1&#8243; sub_reduced=&#8221;yes&#8221; uncode_shortcode_id=&#8221;102040&#8243;]Formaci\u00f3n de Observadores[\/vc_custom_heading][\/vc_column_inner][\/vc_row_inner][vc_row_inner limit_content=&#8221;&#8221;][vc_column_inner width=&#8221;3\/4&#8243;][vc_custom_heading uncode_shortcode_id=&#8221;183830&#8243;]C\u00f3mo [&hellip;]<\/p>\n","protected":false},"author":3,"featured_media":0,"parent":0,"menu_order":0,"comment_status":"closed","ping_status":"closed","template":"","meta":{"_links_to":"","_links_to_target":""},"_links":{"self":[{"href":"https:\/\/eclipsesoundscapes.org\/es\/wp-json\/wp\/v2\/pages\/89990"}],"collection":[{"href":"https:\/\/eclipsesoundscapes.org\/es\/wp-json\/wp\/v2\/pages"}],"about":[{"href":"https:\/\/eclipsesoundscapes.org\/es\/wp-json\/wp\/v2\/types\/page"}],"author":[{"embeddable":true,"href":"https:\/\/eclipsesoundscapes.org\/es\/wp-json\/wp\/v2\/users\/3"}],"replies":[{"embeddable":true,"href":"https:\/\/eclipsesoundscapes.org\/es\/wp-json\/wp\/v2\/comments?post=89990"}],"version-history":[{"count":5,"href":"https:\/\/eclipsesoundscapes.org\/es\/wp-json\/wp\/v2\/pages\/89990\/revisions"}],"predecessor-version":[{"id":89995,"href":"https:\/\/eclipsesoundscapes.org\/es\/wp-json\/wp\/v2\/pages\/89990\/revisions\/89995"}],"wp:attachment":[{"href":"https:\/\/eclipsesoundscapes.org\/es\/wp-json\/wp\/v2\/media?parent=89990"}],"curies":[{"name":"wp","href":"https:\/\/api.w.org\/{rel}","templated":true}]}}