{"id":89953,"date":"2024-02-14T16:44:16","date_gmt":"2024-02-14T21:44:16","guid":{"rendered":"https:\/\/eclipsesoundscapes.org\/roles-de-los-participantes\/"},"modified":"2024-02-22T12:22:06","modified_gmt":"2024-02-22T17:22:06","slug":"roles-de-los-participantes","status":"publish","type":"page","link":"https:\/\/eclipsesoundscapes.org\/es\/roles-de-los-participantes\/","title":{"rendered":"Roles de los participantes"},"content":{"rendered":"<div class=\"wpb-content-wrapper\"><p>[vc_row row_height_percent=&#8221;0&#8243; overlay_alpha=&#8221;50&#8243; gutter_size=&#8221;3&#8243; column_width_percent=&#8221;100&#8243; shift_y=&#8221;0&#8243; z_index=&#8221;0&#8243; uncode_shortcode_id=&#8221;174209&#8243;][vc_column width=&#8221;1\/1&#8243;][vc_custom_heading heading_semantic=&#8221;h1&#8243; text_size=&#8221;h3&#8243; uncode_shortcode_id=&#8221;163526&#8243;]<\/p>\n<h1><span style=\"font-weight: 400;\">\u00bfC\u00f3mo participar en el proyecto Eclipse Soundscapes?<\/span><\/h1>\n<p>[\/vc_custom_heading][vc_column_text uncode_shortcode_id=&#8221;566686&#8243;]There are many different ways you can participate in the Eclipse Soundscapes Project and support its <a href=\"https:\/\/eclipsesoundscapes.org\/es-csp-science\/\">scientific mission<\/a>. You can choose just one role or several of the roles below. We recommend that ALL participants complete the Apprentice role first, which is free and online. After that, you can choose to engage in any of the other roles. All are very important to the success of the Eclipse Soundscapes Project![\/vc_column_text][vc_separator sep_color=&#8221;&#8221; el_height=&#8221;4px&#8221; el_class=&#8221;grad1&#8243; uncode_shortcode_id=&#8221;188697&#8243; el_id=&#8221;apprentice-role&#8221;][vc_custom_heading uncode_shortcode_id=&#8221;901014&#8243;]<\/p>\n<h2><span style=\"font-weight: 400;\">Resumen de funciones<\/span><\/h2>\n<p>[\/vc_custom_heading][vc_row_inner limit_content=&#8221;&#8221;][vc_column_inner width=&#8221;1\/4&#8243;][vc_column_text uncode_shortcode_id=&#8221;184942&#8243;]<iframe title=\"YouTube video player\" data-src=\"https:\/\/www.youtube.com\/embed\/FNVQPeYPa24\" width=\"560\" height=\"315\" frameborder=\"0\" allowfullscreen=\"allowfullscreen\" src=\"data:image\/gif;base64,R0lGODlhAQABAAAAACH5BAEKAAEALAAAAAABAAEAAAICTAEAOw==\" class=\"lazyload\" data-load-mode=\"1\"><\/iframe>[\/vc_column_text][\/vc_column_inner][vc_column_inner width=&#8221;3\/4&#8243;][vc_column_text uncode_shortcode_id=&#8221;494314&#8243;]<\/p>\n<ul>\n<li><span style=\"font-weight: 400;\"><span style=\"font-weight: 400;\"><strong>Aprendiz<\/strong> &#8211;<\/span><\/span>\u00bfTienes curiosidad por los eclipses? \u00bfQuieres aprender m\u00e1s? \u00a1Participe hoy aprendiendo sobre los eclipses y obteniendo su certificado de Aprendiz! <a href=\"https:\/\/eclipsesoundscapes.org\/wp-admin\/admin.php?page=tm%2Fmenu%2Ftranslations-queue.php&amp;return_url=%2Fwp-admin%2Fedit.php%3Fpost_type%3Dpage%26paged%3D5%26lang%3Den&amp;lang=en&amp;job_id=78&amp;update_needed=1&amp;trid=342283&amp;language_code=es#apprentice-role\">Aprende m\u00e1s&#8230;<\/a><\/li>\n<li><strong>Observador <\/strong>&#8211; \u00bfEst\u00e1s buscando una actividad para hacer al aire libre el d\u00eda del eclipse? \u00a1Observa durante el eclipse, env\u00eda tus observaciones y gana un certificado! <a href=\"https:\/\/eclipsesoundscapes.org\/wp-admin\/admin.php?page=tm%2Fmenu%2Ftranslations-queue.php&amp;return_url=%2Fwp-admin%2Fedit.php%3Fpost_type%3Dpage%26paged%3D5%26lang%3Den&amp;lang=en&amp;job_id=78&amp;update_needed=1&amp;trid=342283&amp;language_code=es#observer-role\">Aprende m\u00e1s&#8230;<\/a><\/li>\n<li><span style=\"font-weight: 400;\"><strong>Recopilador de Datos<\/strong> &#8211; <\/span><span style=\"font-family: -apple-system, BlinkMacSystemFont, 'Segoe UI', Roboto, Oxygen-Sans, Ubuntu, Cantarell, 'Helvetica Neue', sans-serif;\">\u00bfTe gusta la electr\u00f3nica, los dispositivos y la recopilaci\u00f3n de datos? \u00a1Recopila datos de audio durante la semana del eclipse! <a href=\"https:\/\/eclipsesoundscapes.org\/wp-admin\/admin.php?page=tm%2Fmenu%2Ftranslations-queue.php&amp;return_url=%2Fwp-admin%2Fedit.php%3Fpost_type%3Dpage%26paged%3D5%26lang%3Den&amp;lang=en&amp;job_id=78&amp;update_needed=1&amp;trid=342283&amp;language_code=es#data-collector-role\">Aprende m\u00e1s&#8230;<\/a><\/span><\/li>\n<li><strong style=\"font-family: -apple-system, BlinkMacSystemFont, 'Segoe UI', Roboto, Oxygen-Sans, Ubuntu, Cantarell, 'Helvetica Neue', sans-serif;\">Analista de Datos<\/strong><span style=\"font-family: -apple-system, BlinkMacSystemFont, 'Segoe UI', Roboto, Oxygen-Sans, Ubuntu, Cantarell, 'Helvetica Neue', sans-serif;\"> &#8211; {<\/span><span class=\"Y2IQFc\" lang=\"es\" style=\"font-family: -apple-system, BlinkMacSystemFont, 'Segoe UI', Roboto, Oxygen-Sans, Ubuntu, Cantarell, 'Helvetica Neue', sans-serif;\"><span class=\"Y2IQFc\" lang=\"es\" style=\"font-family: -apple-system, BlinkMacSystemFont, 'Segoe UI', Roboto, Oxygen-Sans, Ubuntu, Cantarell, 'Helvetica Neue', sans-serif;\"><em>Pr\u00f3ximamente en 2024<\/em>} <\/span><\/span><span class=\"Y2IQFc\" lang=\"es\">\u00bfQuieres ayudar a encontrar los patrones y el significado de los datos de audio recopilados durante los eclipses de 2023 y 2024? \u00a1Despu\u00e9s de los eclipses ayuda a analizar los datos!<\/span><\/li>\n<li><span style=\"font-weight: 400;\"><span style=\"font-weight: 400;\"><strong>Facilitador<\/strong> &#8211; <\/span><\/span>\u00bfEst\u00e1 interesado en involucrar a su comunidad en la ciencia de la NASA? Organizar y liderar un grupo en cualquiera o todos los roles enumerados anteriormente. <a href=\"https:\/\/eclipsesoundscapes.org\/wp-admin\/admin.php?page=tm%2Fmenu%2Ftranslations-queue.php&amp;return_url=%2Fwp-admin%2Fedit.php%3Fpost_type%3Dpage%26paged%3D5%26lang%3Den&amp;lang=en&amp;job_id=78&amp;update_needed=1&amp;trid=342283&amp;language_code=es#mentor-role\">Aprende m\u00e1s&#8230;<\/a><\/li>\n<\/ul>\n<p>[\/vc_column_text][\/vc_column_inner][\/vc_row_inner][vc_separator sep_color=&#8221;&#8221; el_height=&#8221;4px&#8221; el_class=&#8221;grad1&#8243; uncode_shortcode_id=&#8221;188697&#8243; el_id=&#8221;apprentice-role&#8221;][vc_column_text uncode_shortcode_id=&#8221;301400&#8243;]<span style=\"font-weight: 400;\">Eclipse Soundscapes es un <\/span><a href=\"https:\/\/scistarter.org\/Affiliates\"><span style=\"font-weight: 400;\">proyecto SciStarter Affiliate<\/span><\/a><span style=\"font-weight: 400;\">. Nos hemos asociado con SciStarter para que su participaci\u00f3n en cualquiera de las funciones de Eclipse Soundscapes pueda acreditarse en su panel de SciStarter. Cuando realice el cuestionario para aprendices o env\u00ede sus observaciones o la informaci\u00f3n sobre la ubicaci\u00f3n de sus datos de audio a trav\u00e9s del formulario web, se le pedir\u00e1 que env\u00ede su direcci\u00f3n de correo electr\u00f3nico de SciStarter.<\/span><\/p>\n<p><span style=\"font-weight: 400;\">&#8220;SciStarter es un centro de ciencia ciudadana en l\u00ednea, aclamado en todo el mundo, donde l\u00edderes de proyectos individuales o importados a trav\u00e9s de asociaciones con gobiernos federales, ONG y universidades registraron miles de proyectos que se pueden buscar por ubicaci\u00f3n, tema, nivel de edad, etc.&#8221; (M\u00e1s informaci\u00f3n sobre <\/span><a href=\"https:\/\/scistarter.org\/about\"><span style=\"font-weight: 400;\">SciStarter<\/span><\/a><span style=\"font-weight: 400;\">).<\/span>[\/vc_column_text][vc_separator sep_color=&#8221;&#8221; el_height=&#8221;15px&#8221; el_class=&#8221;grad1&#8243; uncode_shortcode_id=&#8221;949254&#8243; el_id=&#8221;apprentice-role&#8221;][vc_empty_space empty_h=&#8221;2&#8243;][vc_row_inner limit_content=&#8221;&#8221;][vc_column_inner width=&#8221;3\/4&#8243;][vc_custom_heading heading_semantic=&#8221;h3&#8243; text_size=&#8221;h3&#8243; uncode_shortcode_id=&#8221;199250&#8243;]<\/p>\n<h3><span style=\"font-weight: 400;\">Aprendiz de Eclipse Soundscapes<\/span><\/h3>\n<p>[\/vc_custom_heading][\/vc_column_inner][vc_column_inner width=&#8221;1\/4&#8243;][\/vc_column_inner][\/vc_row_inner][vc_row_inner row_inner_height_percent=&#8221;0&#8243; overlay_alpha=&#8221;50&#8243; gutter_size=&#8221;3&#8243; shift_y=&#8221;0&#8243; z_index=&#8221;0&#8243; uncode_shortcode_id=&#8221;196107&#8243; limit_content=&#8221;&#8221;][vc_column_inner width=&#8221;1\/4&#8243;][vc_single_image media=&#8221;87862&#8243; media_width_percent=&#8221;65&#8243; alignment=&#8221;center&#8221; uncode_shortcode_id=&#8221;161409&#8243;][\/vc_column_inner][vc_column_inner width=&#8221;3\/4&#8243;][vc_column_text uncode_shortcode_id=&#8221;146543&#8243;]<span style=\"font-weight: 400;\">Los cient\u00edficos dedican tiempo a aprender sobre su tema de estudio antes de realizar observaciones o recopilar datos. Por lo tanto, aprender sobre los eclipses es el primer paso recomendado para participar en este proyecto. Cualquier persona con conexi\u00f3n a Internet puede aprender sobre eclipses solares como un &#8220;Aprendiz de Eclipse Soundscapes&#8221; a trav\u00e9s de nuestras lecciones gratuitas en l\u00ednea en la Formaci\u00f3n de Aprendices. Al final de las lecciones, puede realizar un cuestionario para obtener su certificado de Aprendiz de Eclipse Soundscapes.<\/span><\/p>\n<ul>\n<li style=\"font-weight: 400;\" aria-level=\"1\"><span style=\"font-weight: 400;\">Clases gratuitas en l\u00ednea, sin necesidad de inscripci\u00f3n.<\/span><\/li>\n<li style=\"font-weight: 400;\" aria-level=\"1\"><span style=\"font-weight: 400;\">Sin requisitos de ubicaci\u00f3n.<\/span><\/li>\n<li style=\"font-weight: 400;\" aria-level=\"1\"><span style=\"font-weight: 400;\">Certificado de culminaci\u00f3n de la prueba en l\u00ednea.<\/span><\/li>\n<li style=\"font-weight: 400;\" aria-level=\"1\"><span style=\"font-weight: 400;\">Disponible en ingl\u00e9s y espa\u00f1ol.<\/span><\/li>\n<\/ul>\n<p>[\/vc_column_text][vc_button button_color=&#8221;accent&#8221; size=&#8221;btn-xl&#8221; radius=&#8221;btn-round&#8221; border_width=&#8221;0&#8243; uncode_shortcode_id=&#8221;143546&#8243; link=&#8221;url:https%3A%2F%2Feclipsesoundscapes.org%2Fes%2Fpagina-de-inicio-del-aprendiz%2F|title:P%C3%A1gina%20de%20inicio%20del%20aprendiz|&#8221; button_color_type=&#8221;uncode-palette&#8221;]Haga clic aqu\u00ed para empezar.[\/vc_button][\/vc_column_inner][\/vc_row_inner][vc_column_text uncode_shortcode_id=&#8221;164071&#8243;]<\/p>\n<p id=\"tw-target-text\" class=\"tw-data-text tw-text-large tw-ta\" dir=\"ltr\" style=\"text-align: right;\" data-placeholder=\"Translation\" data-ved=\"2ahUKEwj4gOC_2auEAxW6jIkEHUP0AzkQ3ewLegQICBAU\"><a href=\"#top\"><span class=\"Y2IQFc\" lang=\"es\">Descripci\u00f3n general de todos los roles<\/span><\/a><\/p>\n<p>&nbsp;[\/vc_column_text][vc_separator sep_color=&#8221;&#8221; el_height=&#8221;5px&#8221; el_class=&#8221;grad1&#8243; uncode_shortcode_id=&#8221;157621&#8243; el_id=&#8221;observer-role&#8221;][vc_empty_space empty_h=&#8221;2&#8243;][vc_row_inner limit_content=&#8221;&#8221;][vc_column_inner width=&#8221;3\/4&#8243;][vc_custom_heading heading_semantic=&#8221;h3&#8243; text_size=&#8221;h3&#8243; uncode_shortcode_id=&#8221;159121&#8243; subheading=&#8221;(Eclipse anular de 2023 y eclipse solar total de 2024)&#8221;]<\/p>\n<h3><span style=\"font-weight: 400;\">Observador de Eclipse Soundscapes<\/span><\/h3>\n<p>[\/vc_custom_heading][\/vc_column_inner][vc_column_inner width=&#8221;1\/4&#8243;][\/vc_column_inner][\/vc_row_inner][vc_row_inner limit_content=&#8221;&#8221;][vc_column_inner width=&#8221;1\/4&#8243;][vc_single_image media=&#8221;86806&#8243; media_width_percent=&#8221;65&#8243; alignment=&#8221;center&#8221; uncode_shortcode_id=&#8221;183925&#8243;][\/vc_column_inner][vc_column_inner width=&#8221;3\/4&#8243;][vc_column_text uncode_shortcode_id=&#8221;375832&#8243;]<span style=\"font-weight: 400;\">La observaci\u00f3n es muy importante en la ciencia, ya que nos permite crear y comprobar hip\u00f3tesis. Los observadores utilizar\u00e1n todos los sentidos de los que dispongan durante el eclipse solar anular de 2023 o el eclipse solar total de 2024. Luego, presentar\u00e1n sus observaciones en l\u00ednea a trav\u00e9s de un formulario web en la p\u00e1gina de observadores de este sitio.\u00a0<\/span><\/p>\n<ul>\n<li style=\"font-weight: 400;\" aria-level=\"1\"><span style=\"font-weight: 400;\">Formaci\u00f3n gratuita en l\u00ednea para observadores, preferiblemente con inscripci\u00f3n previa, disponible ahora.<\/span><\/li>\n<li style=\"font-weight: 400;\" aria-level=\"1\"><span style=\"font-weight: 400;\">No se necesita equipamiento.<\/span><\/li>\n<li style=\"font-weight: 400;\" aria-level=\"1\"><span style=\"font-weight: 400;\">Sin requisitos de ubicaci\u00f3n.<\/span><\/li>\n<li style=\"font-weight: 400;\" aria-level=\"1\"><span style=\"font-weight: 400;\">Entrega de certificado de culminaci\u00f3n tras el env\u00edo de las observaciones.<\/span><\/li>\n<\/ul>\n<p>[\/vc_column_text][vc_button button_color=&#8221;accent&#8221; size=&#8221;btn-xl&#8221; radius=&#8221;btn-round&#8221; border_width=&#8221;0&#8243; uncode_shortcode_id=&#8221;138254&#8243; link=&#8221;url:https%3A%2F%2Feclipsesoundscapes.org%2Fes%2Fpagina-de-observador%2F|title:P%C3%A1gina%20de%20Observador|&#8221; button_color_type=&#8221;uncode-palette&#8221;]Haga clic aqu\u00ed para empezar.[\/vc_button][\/vc_column_inner][\/vc_row_inner][vc_column_text uncode_shortcode_id=&#8221;164071&#8243;]<\/p>\n<p id=\"tw-target-text\" class=\"tw-data-text tw-text-large tw-ta\" dir=\"ltr\" style=\"text-align: right;\" data-placeholder=\"Translation\" data-ved=\"2ahUKEwj4gOC_2auEAxW6jIkEHUP0AzkQ3ewLegQICBAU\"><a href=\"#top\"><span class=\"Y2IQFc\" lang=\"es\">Descripci\u00f3n general de todos los roles<\/span><\/a><\/p>\n<p>&nbsp;[\/vc_column_text][vc_separator sep_color=&#8221;&#8221; el_height=&#8221;5px&#8221; el_class=&#8221;grad1&#8243; uncode_shortcode_id=&#8221;133656&#8243; el_id=&#8221;data-collector-role&#8221;][vc_empty_space empty_h=&#8221;2&#8243;][vc_row_inner limit_content=&#8221;&#8221;][vc_column_inner width=&#8221;3\/4&#8243;][vc_custom_heading heading_semantic=&#8221;h3&#8243; text_size=&#8221;h3&#8243; uncode_shortcode_id=&#8221;990360&#8243; subheading=&#8221;(Eclipse anular de 2023 y eclipse solar total de 2024) INSCRIPCI\u00d3N OBLIGATORIA&#8221;]<\/p>\n<h3><span style=\"font-weight: 400;\">Recopilador de datos de Eclipse Soundscapes<\/span><\/h3>\n<p>[\/vc_custom_heading][\/vc_column_inner][vc_column_inner width=&#8221;1\/4&#8243;][\/vc_column_inner][\/vc_row_inner][vc_row_inner limit_content=&#8221;&#8221;][vc_column_inner width=&#8221;1\/4&#8243;][vc_single_image media=&#8221;85864&#8243; media_width_percent=&#8221;80&#8243; alignment=&#8221;center&#8221; uncode_shortcode_id=&#8221;262710&#8243;][\/vc_column_inner][vc_column_inner width=&#8221;3\/4&#8243;][vc_column_text uncode_shortcode_id=&#8221;209404&#8243;]<span style=\"font-weight: 400;\">Cuando los cient\u00edficos investigan y recopilan datos, a menudo con herramientas que les ayudan a potenciar sus sentidos y su capacidad de registro. Durante la semana del eclipse solar anular de 2023 o la semana del eclipse solar total de 2024, los recolectores de datos utilizar\u00e1n dispositivos AudioMoth equipados con tarjetas micro SD para recopilar y grabar datos de paisajes sonoros en la trayectoria del eclipse o cerca de esta.\u00a0<\/span><\/p>\n<ul>\n<li style=\"font-weight: 400;\" aria-level=\"1\"><b>Requisitos de edad:<\/b><span style=\"font-weight: 400;\"> DEBE ser mayor de 13 a\u00f1os para recopilar y enviar datos. DEBE ser mayor de 18 a\u00f1os para solicitar un kit gratuito.<\/span><\/li>\n<li style=\"font-weight: 400;\" aria-level=\"1\"><b>Requisito de ubicaci\u00f3n<\/b><span style=\"font-weight: 400;\">: en la trayectoria del eclipse o cerca de esta.<\/span><\/li>\n<li style=\"font-weight: 400;\" aria-level=\"1\"><b>Equipamiento necesario<\/b><span style=\"font-weight: 400;\">: prepare su propio kit o solicite uno gratuito.<\/span><\/li>\n<li style=\"font-weight: 400;\" aria-level=\"1\"><strong>Inscripci\u00f3n obligatoria.<\/strong><\/li>\n<li style=\"font-weight: 400;\" aria-level=\"1\"><span style=\"font-weight: 400;\">Entrega de certificado de culminaci\u00f3n tras el env\u00edo de los datos.<\/span><\/li>\n<\/ul>\n<p>&nbsp;[\/vc_column_text][vc_button button_color=&#8221;accent&#8221; size=&#8221;btn-xl&#8221; radius=&#8221;btn-round&#8221; border_width=&#8221;0&#8243; uncode_shortcode_id=&#8221;771541&#8243; link=&#8221;url:https%3A%2F%2Feclipsesoundscapes.org%2Fdata-collector-page%2F|title:P%C3%A1gina%20del%20Recopilador%20de%20Datos|&#8221; button_color_type=&#8221;uncode-palette&#8221;]Haga clic aqu\u00ed para empezar.[\/vc_button][\/vc_column_inner][\/vc_row_inner][vc_column_text uncode_shortcode_id=&#8221;164071&#8243;]<\/p>\n<p id=\"tw-target-text\" class=\"tw-data-text tw-text-large tw-ta\" dir=\"ltr\" style=\"text-align: right;\" data-placeholder=\"Translation\" data-ved=\"2ahUKEwj4gOC_2auEAxW6jIkEHUP0AzkQ3ewLegQICBAU\"><a href=\"#top\"><span class=\"Y2IQFc\" lang=\"es\">Descripci\u00f3n general de todos los roles<\/span><\/a><\/p>\n<p>&nbsp;[\/vc_column_text][vc_separator sep_color=&#8221;&#8221; el_height=&#8221;5px&#8221; el_class=&#8221;grad1&#8243; uncode_shortcode_id=&#8221;126822&#8243; el_id=&#8221;data-analyst-role&#8221;][vc_empty_space empty_h=&#8221;2&#8243;][vc_row_inner limit_content=&#8221;&#8221;][vc_column_inner width=&#8221;3\/4&#8243;][vc_custom_heading heading_semantic=&#8221;h3&#8243; text_size=&#8221;h3&#8243; uncode_shortcode_id=&#8221;262718&#8243; subheading=&#8221;(2024-2025)&#8221;]<\/p>\n<h3><span style=\"font-weight: 400;\">Analista de datos de Eclipse Soundscapes<\/span><\/h3>\n<p>[\/vc_custom_heading][\/vc_column_inner][vc_column_inner width=&#8221;1\/4&#8243;][\/vc_column_inner][\/vc_row_inner][vc_row_inner limit_content=&#8221;&#8221;][vc_column_inner width=&#8221;1\/4&#8243;][vc_single_image media=&#8221;85859&#8243; media_width_percent=&#8221;65&#8243; alignment=&#8221;center&#8221; uncode_shortcode_id=&#8221;292166&#8243;][\/vc_column_inner][vc_column_inner width=&#8221;3\/4&#8243;][vc_column_text uncode_shortcode_id=&#8221;963976&#8243;]<span style=\"font-weight: 400;\">Es importante que los cient\u00edficos aprendan m\u00e1s sobre su tema de estudio al analizar los datos que recopilan. Por lo tanto, otra forma importante de participar en este proyecto es ayudar a analizar todos los datos del paisaje sonoro que se recopilen. Cualquier persona con conexi\u00f3n a Internet puede aprender a analizar datos como un &#8220;Analista de datos de Eclipse Soundscapes&#8221; a trav\u00e9s de nuestra formaci\u00f3n gratuita en l\u00ednea (PR\u00d3XIMAMENTE EN 2024). Esta formaci\u00f3n le preparar\u00e1 para analizar los datos sobre el paisaje sonoro que se recojan en 2023 y 2024. Una vez analizados los datos de los paisajes sonoros, obtendr\u00e1 un certificado de Analista de datos de Eclipse Soundscapes.<\/span><\/p>\n<ul>\n<li style=\"font-weight: 400;\" aria-level=\"1\"><span style=\"font-weight: 400;\">Formaci\u00f3n gratuita en l\u00ednea sobre an\u00e1lisis de datos, sin necesidad de inscribirse en las clases (PR\u00d3XIMAMENTE EN 2024).<\/span><\/li>\n<li style=\"font-weight: 400;\" aria-level=\"1\"><span style=\"font-weight: 400;\">Sin requisitos de ubicaci\u00f3n.<\/span><\/li>\n<li style=\"font-weight: 400;\" aria-level=\"1\"><span style=\"font-weight: 400;\">Formulario de env\u00edo del an\u00e1lisis de datos (PR\u00d3XIMAMENTE en 2024).<\/span><\/li>\n<li style=\"font-weight: 400;\" aria-level=\"1\"><span style=\"font-weight: 400;\">Tras el env\u00edo del an\u00e1lisis, se entregar\u00e1 un certificado de culminaci\u00f3n (PR\u00d3XIMAMENTE en 2024).<\/span><\/li>\n<\/ul>\n<p>&nbsp;[\/vc_column_text][\/vc_column_inner][\/vc_row_inner][vc_column_text uncode_shortcode_id=&#8221;164071&#8243;]<\/p>\n<p id=\"tw-target-text\" class=\"tw-data-text tw-text-large tw-ta\" dir=\"ltr\" style=\"text-align: right;\" data-placeholder=\"Translation\" data-ved=\"2ahUKEwj4gOC_2auEAxW6jIkEHUP0AzkQ3ewLegQICBAU\"><a href=\"#top\"><span class=\"Y2IQFc\" lang=\"es\">Descripci\u00f3n general de todos los roles<\/span><\/a><\/p>\n<p>&nbsp;[\/vc_column_text][vc_separator sep_color=&#8221;&#8221; el_height=&#8221;5px&#8221; el_class=&#8221;grad1&#8243; uncode_shortcode_id=&#8221;197397&#8243; el_id=&#8221;mentor-role&#8221;][vc_empty_space empty_h=&#8221;2&#8243;][vc_row_inner limit_content=&#8221;&#8221;][vc_column_inner width=&#8221;3\/4&#8243;][vc_custom_heading heading_semantic=&#8221;h3&#8243; text_size=&#8221;h3&#8243; uncode_shortcode_id=&#8221;202958&#8243; subheading=&#8221;INSCRIPCI\u00d3N OBLIGATORIA solo para la tarea de recopilaci\u00f3n de datos.&#8221;]<\/p>\n<h3><span style=\"font-weight: 400;\">Facilitador de Eclipse Soundscapes<\/span><\/h3>\n<p>[\/vc_custom_heading][\/vc_column_inner][vc_column_inner width=&#8221;1\/4&#8243;][\/vc_column_inner][\/vc_row_inner][vc_row_inner limit_content=&#8221;&#8221;][vc_column_inner width=&#8221;1\/4&#8243;][vc_single_image media=&#8221;86021&#8243; media_width_percent=&#8221;65&#8243; alignment=&#8221;center&#8221; uncode_shortcode_id=&#8221;201308&#8243;][\/vc_column_inner][vc_column_inner width=&#8221;3\/4&#8243;][vc_column_text uncode_shortcode_id=&#8221;132279&#8243;]<span style=\"font-weight: 400;\">Damos la bienvenida a cient\u00edficos, educadores, personal de bibliotecas, l\u00edderes de tropas, personal de parques y otros l\u00edderes comunitarios que quieran compartir oportunidades, organizar y apoyar a otros para que participen en el Proyecto Eclipse Soundscapes. Los recursos de este sitio web le ayudar\u00e1n a formar a personas en cualquiera de las <\/span><a href=\"https:\/\/eclipsesoundscapes.org\/es\/roles-de-los-participantes\/#top\"><span style=\"font-weight: 400;\">funciones de Eclipse Soundscapes<\/span><\/a><span style=\"font-weight: 400;\"> durante el eclipse anular de octubre de 2023 o el eclipse solar total de 2024.<\/span>[\/vc_column_text][vc_button button_color=&#8221;accent&#8221; size=&#8221;btn-xl&#8221; radius=&#8221;btn-round&#8221; border_width=&#8221;0&#8243; link=&#8221;url:https%3A%2F%2Feclipsesoundscapes.org%2Fes%2Ffacilitador%2F|title:Facilitador%20|&#8221; button_color_type=&#8221;uncode-palette&#8221; uncode_shortcode_id=&#8221;245159&#8243;]M\u00e1s informaci\u00f3n[\/vc_button][\/vc_column_inner][\/vc_row_inner][vc_column_text uncode_shortcode_id=&#8221;164071&#8243;]<\/p>\n<p id=\"tw-target-text\" class=\"tw-data-text tw-text-large tw-ta\" dir=\"ltr\" style=\"text-align: right;\" data-placeholder=\"Translation\" data-ved=\"2ahUKEwj4gOC_2auEAxW6jIkEHUP0AzkQ3ewLegQICBAU\"><a href=\"#top\"><span class=\"Y2IQFc\" lang=\"es\">Descripci\u00f3n general de todos los roles<\/span><\/a><\/p>\n<p>&nbsp;[\/vc_column_text][\/vc_column][\/vc_row][vc_row row_height_percent=&#8221;0&#8243; override_padding=&#8221;yes&#8221; h_padding=&#8221;2&#8243; top_padding=&#8221;0&#8243; bottom_padding=&#8221;1&#8243; overlay_alpha=&#8221;50&#8243; gutter_size=&#8221;3&#8243; column_width_percent=&#8221;100&#8243; shift_y=&#8221;0&#8243; z_index=&#8221;0&#8243; uncode_shortcode_id=&#8221;881358&#8243;][vc_column width=&#8221;1\/1&#8243;][vc_separator sep_color=&#8221;&#8221; el_height=&#8221;5px&#8221; el_class=&#8221;grad1&#8243; uncode_shortcode_id=&#8221;735745&#8243;][vc_column_text uncode_shortcode_id=&#8221;102235&#8243;]<\/p>\n<h3><span style=\"font-weight: 400;\">Mant\u00e9ngase informado<\/span><\/h3>\n<p><a href=\"https:\/\/eclipsesoundscapes.org\/getinvolved\/\"><span style=\"font-weight: 400;\">Inscr\u00edbase aqu\u00ed<\/span><\/a><span style=\"font-weight: 400;\"> para recibir informaci\u00f3n, actualizaciones y noticias de Eclipse Soundscapes.<\/span>[\/vc_column_text][vc_empty_space empty_h=&#8221;2&#8243;][\/vc_column][\/vc_row]<\/p>\n<\/div>","protected":false},"excerpt":{"rendered":"<p>[vc_row row_height_percent=&#8221;0&#8243; overlay_alpha=&#8221;50&#8243; gutter_size=&#8221;3&#8243; column_width_percent=&#8221;100&#8243; shift_y=&#8221;0&#8243; z_index=&#8221;0&#8243; uncode_shortcode_id=&#8221;174209&#8243;][vc_column width=&#8221;1\/1&#8243;][vc_custom_heading heading_semantic=&#8221;h1&#8243; text_size=&#8221;h3&#8243; uncode_shortcode_id=&#8221;163526&#8243;] \u00bfC\u00f3mo participar en el proyecto Eclipse Soundscapes? [\/vc_custom_heading][vc_column_text [&hellip;]<\/p>\n","protected":false},"author":3,"featured_media":0,"parent":0,"menu_order":0,"comment_status":"closed","ping_status":"closed","template":"","meta":{"_links_to":"","_links_to_target":""},"_links":{"self":[{"href":"https:\/\/eclipsesoundscapes.org\/es\/wp-json\/wp\/v2\/pages\/89953"}],"collection":[{"href":"https:\/\/eclipsesoundscapes.org\/es\/wp-json\/wp\/v2\/pages"}],"about":[{"href":"https:\/\/eclipsesoundscapes.org\/es\/wp-json\/wp\/v2\/types\/page"}],"author":[{"embeddable":true,"href":"https:\/\/eclipsesoundscapes.org\/es\/wp-json\/wp\/v2\/users\/3"}],"replies":[{"embeddable":true,"href":"https:\/\/eclipsesoundscapes.org\/es\/wp-json\/wp\/v2\/comments?post=89953"}],"version-history":[{"count":37,"href":"https:\/\/eclipsesoundscapes.org\/es\/wp-json\/wp\/v2\/pages\/89953\/revisions"}],"predecessor-version":[{"id":90177,"href":"https:\/\/eclipsesoundscapes.org\/es\/wp-json\/wp\/v2\/pages\/89953\/revisions\/90177"}],"wp:attachment":[{"href":"https:\/\/eclipsesoundscapes.org\/es\/wp-json\/wp\/v2\/media?parent=89953"}],"curies":[{"name":"wp","href":"https:\/\/api.w.org\/{rel}","templated":true}]}}