{"id":89926,"date":"2024-02-14T16:01:38","date_gmt":"2024-02-14T21:01:38","guid":{"rendered":"https:\/\/eclipsesoundscapes.org\/ciencia-de-eclipse-soundscapes-project\/"},"modified":"2024-02-22T12:26:47","modified_gmt":"2024-02-22T17:26:47","slug":"ciencia-de-eclipse-soundscapes-project","status":"publish","type":"page","link":"https:\/\/eclipsesoundscapes.org\/es\/ciencia-de-eclipse-soundscapes-project\/","title":{"rendered":"La Ciencia"},"content":{"rendered":"<div class=\"wpb-content-wrapper\"><p>[vc_row][vc_column width=&#8221;1\/1&#8243;][vc_custom_heading heading_semantic=&#8221;h1&#8243; text_size=&#8221;h1&#8243; uncode_shortcode_id=&#8221;193357&#8243;]<\/p>\n<h1>What is the Eclipse Soundscapes Project Studying?<\/h1>\n<p>[\/vc_custom_heading][vc_separator sep_color=&#8221;,Default&#8221; el_height=&#8221;25px&#8221; el_class=&#8221;grad1&#8243;][vc_row_inner limit_content=&#8221;&#8221;][vc_column_inner width=&#8221;1\/3&#8243;][vc_column_text uncode_shortcode_id=&#8221;918870&#8243;]<iframe title=\"YouTube video player\" data-src=\"https:\/\/www.youtube.com\/embed\/djTjeLgTZsg\" width=\"560\" height=\"315\" frameborder=\"0\" allowfullscreen=\"allowfullscreen\" src=\"data:image\/gif;base64,R0lGODlhAQABAAAAACH5BAEKAAEALAAAAAABAAEAAAICTAEAOw==\" class=\"lazyload\" data-load-mode=\"1\"><\/iframe>[\/vc_column_text][\/vc_column_inner][vc_column_inner width=&#8221;2\/3&#8243;][vc_custom_heading heading_semantic=&#8221;h3&#8243; text_size=&#8221;h3&#8243; uncode_shortcode_id=&#8221;164545&#8243;]<span style=\"font-weight: 400;\">Necesitamos su ayuda para recrear un estudio sobre los eclipses de 1935<\/span>[\/vc_custom_heading][vc_column_text uncode_shortcode_id=&#8221;968170&#8243;]<span style=\"font-weight: 400;\">Uno de los primeros ejemplos registrados de ciencia participativa relacionada con eclipses es un estudio realizado por William M. Wheeler y un equipo de colaboradores en 1935. Este proyecto invitaba al p\u00fablico en general a colaborar para estudiar c\u00f3mo el eclipse solar del 31 de agosto de 1932 afect\u00f3 al comportamiento de animales e insectos. El estudio reuni\u00f3 498 observaciones personales de guardabosques, naturalistas y miembros del p\u00fablico en general. Las pruebas se\u00f1alaron cambios en el comportamiento de los animales y en el paisaje sonoro durante el eclipse.<\/span>[\/vc_column_text][\/vc_column_inner][\/vc_row_inner][vc_column_text uncode_shortcode_id=&#8221;848764&#8243;]<span style=\"font-weight: 400;\">Other more recent studies have done in-depth analyses of soundscapes during eclipses, utilizing modern recording devices. These include studies conducted by the National Park Services (NPS) during the 2017 eclipse. The NPS\u2019s work greatly supported the Eclipse Soundscapes (ES) team in determining which audio recording devices were scientifically effective and why, and how to implement these devices during an eclipse. Support from a Science Advisory Board that includes Acoustic Biologists, Soundscape Ecologists, and other experts continues to support ES work.<\/span><\/p>\n<p><span style=\"font-weight: 400;\">Like Wheeler, Eclipse Soundscapes is asking for your help in gathering multi-sensory observations and audio data. This will help Eclipse Soundscapes collect so many more observations and much more soundscape data than we ever could on our own! Once we&#8217;ve collected all of your observations and data we will ask you again to help us analyze the data after the eclipses.<\/span><\/p>\n<p><strong>References<\/strong>:<\/p>\n<p>Wheeler, William Morton . et al. \u201c<a href=\"https:\/\/www.semanticscholar.org\/paper\/Observations-on-the-Behavior-of-Animals-during-the-Wheeler-MacCoy\/6cdbcd7f275d25634c1da6597cbcdbfe0ebc2a00\" target=\"_blank\" rel=\"noopener\">Observations on the Behavior of Animals during the Total Solar Eclipse of August 31, 1932<\/a>.\u201d (1935).[\/vc_column_text][vc_custom_heading heading_semantic=&#8221;h3&#8243; text_size=&#8221;h3&#8243; uncode_shortcode_id=&#8221;176921&#8243;]<span style=\"font-weight: 400;\">Impacto cient\u00edfico<\/span>[\/vc_custom_heading][vc_column_text uncode_shortcode_id=&#8221;961260&#8243;]<span style=\"font-weight: 400;\">One of the most powerful scientific impacts of Eclipse Soundscapes (ES) will be to serve as a model for the use of a multi-sensory approach to scientific observation and data collection. Eclipse Soundscapes Observers are asked to observe with all of the senses available to them. This will be different for everyone and we welcome that variety of sight, sound, and feeling observations!\u00a0 ES has also strived to increase the accessibility of the data collection process and tools. For example, we added tactile cues to the AudioMoth recording device and share all participation information in multiple modes (audio, text, visuals, etc).\u00a0<\/span><\/p>\n<p><span style=\"font-weight: 400;\">Additionally, our goal is, with your help, to collect an unprecedented amount of soundscape data, analyze this data, and increase the number of people who can<\/span><span style=\"font-weight: 400;\">\u00a0collect and analyze soundscape data. All of these elements will help to advance soundscape ecology and scientific exploration.<\/span>[\/vc_column_text][vc_custom_heading heading_semantic=&#8221;h3&#8243; text_size=&#8221;h3&#8243; uncode_shortcode_id=&#8221;100121&#8243;]<span style=\"font-weight: 400;\">Avances en la ecolog\u00eda del paisaje sonoro<\/span>[\/vc_custom_heading][vc_column_text uncode_shortcode_id=&#8221;287267&#8243;]<span style=\"font-weight: 400;\">La ecolog\u00eda del paisaje sonoro es un campo emergente que estudia las propiedades ac\u00fasticas, o sonoras, de los ecosistemas para comprenderlos mejor. Los eclipses brindan una oportunidad excepcional para avanzar en la investigaci\u00f3n de la ecolog\u00eda del paisaje sonoro al estudiar c\u00f3mo reaccionan los animales a los cambios repentinos y dr\u00e1sticos de los est\u00edmulos naturales. Dado que las horas de los eclipses se conocen con precisi\u00f3n, estudios como los que est\u00e1 realizando Eclipse Soundscapes pueden planificarse con antelaci\u00f3n.<\/span>[\/vc_column_text][vc_custom_heading heading_semantic=&#8221;h3&#8243; text_size=&#8221;h3&#8243; uncode_shortcode_id=&#8221;823506&#8243;]<span style=\"font-weight: 400;\">Intercambio de datos gratuitos y de c\u00f3digo abierto<\/span>[\/vc_custom_heading][vc_column_text uncode_shortcode_id=&#8221;112397&#8243;]<span style=\"font-weight: 400;\">Los datos brutos de los paisajes sonoros pueden ser \u00fatiles para una amplia gama de proyectos. Para ampliar la utilidad de este proyecto, todos los datos sin procesar del paisaje sonoro seguir\u00e1n estando disponibles a trav\u00e9s del <\/span><a href=\"https:\/\/umbra.nascom.nasa.gov\/index.html\/\"><span style=\"font-weight: 400;\">Centro de An\u00e1lisis de Datos Solares de la NASA (NASA\u2019s Solar Data Analysis Center, SDAC)<\/span><\/a><span style=\"font-weight: 400;\"> y <\/span><a href=\"https:\/\/rfcx.org\/\"><span style=\"font-weight: 400;\">la plataforma en l\u00ednea Rainforest Connection<\/span><\/a><span style=\"font-weight: 400;\"> y ser\u00e1n referenciados a trav\u00e9s de <\/span><a href=\"https:\/\/zenodo.org\/\"><span style=\"font-weight: 400;\">la plataforma Zenodo<\/span><\/a><span style=\"font-weight: 400;\"> para la citaci\u00f3n de datos. Cualquier software desarrollado por Eclipse Soundscapes ser\u00e1 de c\u00f3digo abierto y estar\u00e1 alojado en la <\/span><a href=\"https:\/\/github.com\/\"><span style=\"font-weight: 400;\">plataforma GitHub<\/span><\/a><span style=\"font-weight: 400;\">.<\/span>[\/vc_column_text][vc_button button_color=&#8221;accent&#8221; border_width=&#8221;0&#8243; uncode_shortcode_id=&#8221;378856&#8243; button_color_type=&#8221;uncode-palette&#8221; link=&#8221;url:https%3A%2F%2Feclipsesoundscapes.org%2Fes%2Froles-de-los-participantes%2F|title:Enlace%20al%20v%C3%ADdeo%20de%20YouTube%20que%20describe%20el%20Proyecto%20de%20Ciencia%20Ciudadana|&#8221;]<\/p>\n<p id=\"tw-target-text\" class=\"tw-data-text tw-text-large tw-ta\" dir=\"ltr\" data-placeholder=\"Translation\" data-ved=\"2ahUKEwj4gOC_2auEAxW6jIkEHUP0AzkQ3ewLegQICBAU\"><span class=\"Y2IQFc\" lang=\"es\">\u00a1Obtenga m\u00e1s informaci\u00f3n sobre c\u00f3mo puede participar en Eclipse Soundscapes!<\/span><\/p>\n<p>[\/vc_button][\/vc_column][\/vc_row][vc_row row_height_percent=&#8221;0&#8243; override_padding=&#8221;yes&#8221; h_padding=&#8221;2&#8243; top_padding=&#8221;0&#8243; bottom_padding=&#8221;1&#8243; overlay_alpha=&#8221;50&#8243; gutter_size=&#8221;3&#8243; column_width_percent=&#8221;100&#8243; shift_y=&#8221;0&#8243; z_index=&#8221;0&#8243; uncode_shortcode_id=&#8221;881358&#8243;][vc_column width=&#8221;1\/1&#8243;][vc_separator sep_color=&#8221;&#8221; el_height=&#8221;5px&#8221; el_class=&#8221;grad1&#8243; uncode_shortcode_id=&#8221;735745&#8243;][vc_column_text uncode_shortcode_id=&#8221;237800&#8243;]<\/p>\n<h2>Stay Updated!<\/h2>\n<p><a href=\"https:\/\/eclipsesoundscapes.org\/getinvolved\/\">Sign up to receive Eclipse Soundscapes updates and information <\/a>as it becomes available![\/vc_column_text][vc_empty_space][\/vc_column][\/vc_row]<\/p>\n<\/div>","protected":false},"excerpt":{"rendered":"<p>[vc_row][vc_column width=&#8221;1\/1&#8243;][vc_custom_heading heading_semantic=&#8221;h1&#8243; text_size=&#8221;h1&#8243; uncode_shortcode_id=&#8221;193357&#8243;] What is the Eclipse Soundscapes Project Studying? [\/vc_custom_heading][vc_separator sep_color=&#8221;,Default&#8221; el_height=&#8221;25px&#8221; el_class=&#8221;grad1&#8243;][vc_row_inner limit_content=&#8221;&#8221;][vc_column_inner width=&#8221;1\/3&#8243;][vc_column_text uncode_shortcode_id=&#8221;918870&#8243;][\/vc_column_text][\/vc_column_inner][vc_column_inner width=&#8221;2\/3&#8243;][vc_custom_heading [&hellip;]<\/p>\n","protected":false},"author":3,"featured_media":0,"parent":0,"menu_order":0,"comment_status":"closed","ping_status":"closed","template":"","meta":{"_links_to":"","_links_to_target":""},"_links":{"self":[{"href":"https:\/\/eclipsesoundscapes.org\/es\/wp-json\/wp\/v2\/pages\/89926"}],"collection":[{"href":"https:\/\/eclipsesoundscapes.org\/es\/wp-json\/wp\/v2\/pages"}],"about":[{"href":"https:\/\/eclipsesoundscapes.org\/es\/wp-json\/wp\/v2\/types\/page"}],"author":[{"embeddable":true,"href":"https:\/\/eclipsesoundscapes.org\/es\/wp-json\/wp\/v2\/users\/3"}],"replies":[{"embeddable":true,"href":"https:\/\/eclipsesoundscapes.org\/es\/wp-json\/wp\/v2\/comments?post=89926"}],"version-history":[{"count":16,"href":"https:\/\/eclipsesoundscapes.org\/es\/wp-json\/wp\/v2\/pages\/89926\/revisions"}],"predecessor-version":[{"id":90194,"href":"https:\/\/eclipsesoundscapes.org\/es\/wp-json\/wp\/v2\/pages\/89926\/revisions\/90194"}],"wp:attachment":[{"href":"https:\/\/eclipsesoundscapes.org\/es\/wp-json\/wp\/v2\/media?parent=89926"}],"curies":[{"name":"wp","href":"https:\/\/api.w.org\/{rel}","templated":true}]}}