{"id":89901,"date":"2024-02-13T16:06:30","date_gmt":"2024-02-13T21:06:30","guid":{"rendered":"https:\/\/eclipsesoundscapes.org\/conozca-audiomoth\/"},"modified":"2024-02-14T15:28:18","modified_gmt":"2024-02-14T20:28:18","slug":"conozca-audiomoth","status":"publish","type":"page","link":"https:\/\/eclipsesoundscapes.org\/es\/conozca-audiomoth\/","title":{"rendered":"Conozca AudioMoth"},"content":{"rendered":"<div class=\"wpb-content-wrapper\"><p>[vc_row row_height_percent=&#8221;0&#8243; overlay_alpha=&#8221;50&#8243; gutter_size=&#8221;3&#8243; column_width_percent=&#8221;100&#8243; shift_y=&#8221;0&#8243; z_index=&#8221;0&#8243; uncode_shortcode_id=&#8221;171282&#8243; el_id=&#8221;Investigador de campo-arriba&#8221;][vc_column width=&#8221;1\/1&#8243;][vc_row_inner limit_content=&#8221;&#8221;][vc_column_inner width=&#8221;3\/4&#8243;][vc_custom_heading heading_semantic=&#8221;h1&#8243; text_size=&#8221;h1&#8243; uncode_shortcode_id=&#8221;995922&#8243;]<\/p>\n<h1>Conozca AudioMoth<\/h1>\n<p>[\/vc_custom_heading][\/vc_column_inner][vc_column_inner width=&#8221;1\/4&#8243;][vc_button button_color=&#8221;accent&#8221; size=&#8221;btn-xl&#8221; radius=&#8221;btn-round&#8221; text_skin=&#8221;yes&#8221; border_width=&#8221;0&#8243; uncode_shortcode_id=&#8221;181101&#8243; link=&#8221;url:https%3A%2F%2Feclipsesoundscapes.org%2Fdata-collector-page%2F|title:P%C3%A1gina%20del%20recopilador%20de%20datos|&#8221; button_color_type=&#8221;uncode-palette&#8221; icon=&#8221;fa fa-home2&#8243; width=&#8221;2&#8243;]P\u00c1GINA DE INICIO PARA RECOPILADORES DE DATOS[\/vc_button][\/vc_column_inner][\/vc_row_inner][vc_separator sep_color=&#8221;&#8221; uncode_shortcode_id=&#8221;175615&#8243; el_height=&#8221;25px&#8221; el_class=&#8221;grad1&#8243;][\/vc_column][\/vc_row][vc_row row_height_percent=&#8221;0&#8243; overlay_alpha=&#8221;50&#8243; gutter_size=&#8221;3&#8243; column_width_percent=&#8221;100&#8243; shift_y=&#8221;0&#8243; z_index=&#8221;0&#8243; uncode_shortcode_id=&#8221;212813&#8243; el_id=&#8221;Conozca AudioMoth&#8221;][vc_column width=&#8221;1\/1&#8243;][vc_row_inner limit_content=&#8221;&#8221;][vc_column_inner width=&#8221;1\/4&#8243;][vc_single_image media=&#8221;86018&#8243; media_width_percent=&#8221;75&#8243; alignment=&#8221;center&#8221; uncode_shortcode_id=&#8221;160701&#8243;][\/vc_column_inner][vc_column_inner width=&#8221;3\/4&#8243;][vc_column_text uncode_shortcode_id=&#8221;172200&#8243;]AudioMoth es un dispositivo de grabaci\u00f3n ac\u00fastica de espectro completo y bajo costo. Puede escuchar a frecuencias audibles, hasta frecuencias ultras\u00f3nicas. Es capaz de grabar audio sin comprimir en una tarjeta MicroSD a velocidades de 8000 a 384\u00a0000 muestras por segundo y se puede convertir en un micr\u00f3fono USB de espectro completo. Usted puede obtener m\u00e1s informaci\u00f3n sobre las especificaciones t\u00e9cnicas de AudioMoth en el sitio web de Open Acoustic Devices. El dispositivo AudioMoth de su kit de recopilaci\u00f3n de datos de Eclipse Soundscapes (ES) cuenta con puntos en relieve para ayudarlo a encontrar todos los interruptores y botones importantes del dispositivo.[\/vc_column_text][\/vc_column_inner][\/vc_row_inner][vc_row_inner limit_content=&#8221;&#8221;][vc_column_inner width=&#8221;1\/1&#8243;][vc_column_text uncode_shortcode_id=&#8221;892995&#8243;]<\/p>\n<p>AudioMoth utiliza una tarjeta MicroSDXC Extreme clase 3 de velocidad UHS (U3). La clasificaci\u00f3n U3 significa que la velocidad de escritura en la tarjeta es lo suficientemente r\u00e1pida como para usarla con AudioMoth. <a href=\"https:\/\/www.openacousticdevices.info\/sd-card-guide\">Haga clic aqu\u00ed para consultar la gu\u00eda de compra de tarjetas de memoria de Open Acoustic Devices.<\/a>[\/vc_column_text][\/vc_column_inner][\/vc_row_inner][vc_column_text uncode_shortcode_id=&#8221;761901&#8243; el_id=&#8221;bump-dots-tour&#8221;]<\/p>\n<h3>Recorrido por los puntos en relieve del dispositivo AudioMoth<\/h3>\n<p>[\/vc_column_text][vc_row_inner limit_content=&#8221;&#8221;][vc_column_inner width=&#8221;3\/4&#8243;][vc_column_text uncode_shortcode_id=&#8221;528222&#8243;]Este es un recorrido para reconocer los puntos en relieve del dispositivo AudioMoth. Recoja su dispositivo de grabaci\u00f3n AudioMoth y \u00faselo para realizar un recorrido t\u00e1ctil por los componentes del dispositivo. Mientras lee, sostenga el dispositivo y sienta las partes que se describen.[\/vc_column_text][\/vc_column_inner][vc_column_inner width=&#8221;1\/4&#8243;][vc_button button_color=&#8221;color-469464&#8243; size=&#8221;btn-xl&#8221; radius=&#8221;btn-round&#8221; text_skin=&#8221;yes&#8221; border_width=&#8221;0&#8243; uncode_shortcode_id=&#8221;121468&#8243; link=&#8221;url:https%3A%2F%2Feclipsesoundscapes.org%2Fmake-audiomoth-accessible%2F|title:P%C3%A1gina%20de%20observador|&#8221; button_color_type=&#8221;uncode-palette&#8221; icon=&#8221;fa fa-edit&#8221; width=&#8221;2&#8243;]C\u00d3MO HACER QUE EL AUDIOMOTH SEA M\u00c1S ACCESIBLE CON PUNTOS EN RELIEVE[\/vc_button][\/vc_column_inner][\/vc_row_inner][vc_row_inner limit_content=&#8221;&#8221;][vc_column_inner width=&#8221;1\/4&#8243;][vc_single_image media=&#8221;86562&#8243; media_width_percent=&#8221;80&#8243; alignment=&#8221;center&#8221; shape=&#8221;img-round&#8221; uncode_shortcode_id=&#8221;106893&#8243;][\/vc_column_inner][vc_column_inner width=&#8221;3\/4&#8243;][vc_column_text uncode_shortcode_id=&#8221;954183&#8243;]<\/p>\n<h4>Parte inferior del dispositivo AudioMoth<\/h4>\n<p>[\/vc_column_text][vc_column_text uncode_shortcode_id=&#8221;724646&#8243;]La parte inferior del dispositivo AudioMoth tiene una caja o un soporte de pl\u00e1stico para bater\u00edas con abertura para 3 bater\u00edas AA. Usted no debe colocar las bater\u00edas hasta que est\u00e9 listo para instalar el AudioMoth entre una y dos semanas antes del eclipse.[\/vc_column_text][\/vc_column_inner][\/vc_row_inner][vc_row_inner limit_content=&#8221;&#8221;][vc_column_inner width=&#8221;1\/4&#8243;][vc_single_image media=&#8221;86018&#8243; media_width_percent=&#8221;80&#8243; alignment=&#8221;center&#8221; shape=&#8221;img-round&#8221; uncode_shortcode_id=&#8221;183336&#8243;][\/vc_column_inner][vc_column_inner width=&#8221;3\/4&#8243;][vc_column_text uncode_shortcode_id=&#8221;187491&#8243;]<\/p>\n<h4>La parte inferior del dispositivo AudioMoth tiene una caja o un soporte de pl\u00e1stico para bater\u00edas con abertura para 3 bater\u00edas AA. Usted no debe colocar las bater\u00edas hasta que est\u00e9 listo para instalar el AudioMoth entre una y dos semanas antes del eclipse.<\/h4>\n<p>[\/vc_column_text][vc_column_text uncode_shortcode_id=&#8221;784147&#8243;]La parte superior del dispositivo AudioMoth es una delgada placa de circuito de metal del tama\u00f1o de una tarjeta de cr\u00e9dito unida al soporte de pl\u00e1stico de las bater\u00edas. Esta placa de circuito tiene tres puntos en relieve de silicona gomosa unidos a ella; un cuadrado grande con la parte superior plana, un c\u00edrculo grande con la parte superior plana y un c\u00edrculo peque\u00f1o con la parte superior redondeada. Tambi\u00e9n se pueden tocar algunos de los puntos y las ranuras de los circuitos de metal en la parte superior del AudioMoth. No se preocupe por estos elementos de circuito m\u00e1s peque\u00f1os. Nos concentraremos en utilizar los tres puntos en relieve de goma como gu\u00edas para ayudarnos a encontrar partes importantes de este dispositivo.[\/vc_column_text][\/vc_column_inner][\/vc_row_inner][vc_row_inner limit_content=&#8221;&#8221;][vc_column_inner width=&#8221;1\/4&#8243;][vc_single_image media=&#8221;86146&#8243; media_width_percent=&#8221;80&#8243; alignment=&#8221;center&#8221; shape=&#8221;img-round&#8221; uncode_shortcode_id=&#8221;427953&#8243;][\/vc_column_inner][vc_column_inner width=&#8221;3\/4&#8243;][vc_column_text uncode_shortcode_id=&#8221;112429&#8243;]<\/p>\n<h5>Orientaci\u00f3n del dispositivo AudioMoth<\/h5>\n<p>[\/vc_column_text][vc_column_text uncode_shortcode_id=&#8221;571234&#8243;]Para orientar el AudioMoth antes de buscar un interruptor o puerto, siempre debe comenzar colocando la bater\u00eda del AudioMoth hacia abajo. Luego, toque la parte superior de la placa de circuito para buscar el punto en relieve cuadrado grande, que deber\u00eda encontrarse en el \u00e1ngulo superior izquierdo.[\/vc_column_text][\/vc_column_inner][\/vc_row_inner][vc_empty_space empty_h=&#8221;2&#8243; el_id=&#8221;switch&#8221;][vc_row_inner row_inner_height_percent=&#8221;0&#8243; overlay_alpha=&#8221;50&#8243; gutter_size=&#8221;3&#8243; shift_y=&#8221;0&#8243; z_index=&#8221;0&#8243; uncode_shortcode_id=&#8221;416879&#8243; limit_content=&#8221;&#8221;][vc_column_inner width=&#8221;1\/4&#8243;][vc_single_image media=&#8221;86559&#8243; caption=&#8221;yes&#8221; media_width_percent=&#8221;80&#8243; alignment=&#8221;center&#8221; shape=&#8221;img-round&#8221; uncode_shortcode_id=&#8221;168579&#8243;][\/vc_column_inner][vc_column_inner width=&#8221;3\/4&#8243;][vc_column_text uncode_shortcode_id=&#8221;143641&#8243;]<\/p>\n<h5>El interruptor<\/h5>\n<p>[\/vc_column_text][vc_column_text uncode_shortcode_id=&#8221;138910&#8243;]Con el punto en relieve cuadrado ubicado en la parte superior izquierda, busque cerca del borde inferior el punto en relieve circular peque\u00f1o con la parte superior redondeada. El interruptor se encuentra a lo largo del borde inferior junto al punto en relieve redondeado. Toque a lo largo del borde lateral de la placa de circuito cerca del punto en relieve redondeado. Hay un hueco o una hendidura a lo largo de ese borde. El peque\u00f1o interruptor se encuentra justo debajo de esa hendidura entre la placa de circuito y la caja de pl\u00e1stico de las bater\u00edas. Es posible que deba pasar la u\u00f1a por esa hendidura para encontrar el peque\u00f1o interruptor.<\/p>\n<p>El interruptor tiene tres configuraciones: Personalizado (Custom), USB\/Apagado (USB\/Off) y Predeterminado (Default). Personalizado es la que se encuentra m\u00e1s cerca del punto en relieve. USB\/Apagado se encuentra en el medio. Predeterminado se encuentra m\u00e1s alejada del punto en relieve.<\/p>\n<p>Por ahora, deber\u00e1 configurar el interruptor en &#8220;USB\/Off&#8221;, que es la configuraci\u00f3n del medio. El d\u00eda que deje el AudioMoth para grabar datos de eclipse, deber\u00e1 configurar este interruptor en &#8220;Default&#8221;, que es la configuraci\u00f3n m\u00e1s alejada del punto en relieve circular peque\u00f1o, para que comience a grabar.[\/vc_column_text][\/vc_column_inner][\/vc_row_inner][vc_row_inner limit_content=&#8221;&#8221;][vc_column_inner width=&#8221;1\/4&#8243;][vc_single_image media=&#8221;86555&#8243; media_width_percent=&#8221;80&#8243; alignment=&#8221;center&#8221; shape=&#8221;img-round&#8221; uncode_shortcode_id=&#8221;125631&#8243;][\/vc_column_inner][vc_column_inner width=&#8221;3\/4&#8243;][vc_column_text uncode_shortcode_id=&#8221;126011&#8243;]<\/p>\n<h5>Tarjeta Micro-SD<\/h5>\n<p>[\/vc_column_text][vc_column_text uncode_shortcode_id=&#8221;115166&#8243;]Con el punto en relieve cuadrado ubicado en la parte superior izquierda, el puerto de la tarjeta MicroSD se encuentra en el borde superior cerca del punto en relieve cuadrado. El borde superior de la placa de circuito tiene hendiduras. El puerto de la tarjeta MicroSD se encuentra entre el borde de la placa de circuito y el soporte de pl\u00e1stico de las bater\u00edas directamente al lado del punto en relieve cuadrado. Cuando se inserta una tarjeta MicroSD, esta sobresale un poco. Al presionar la tarjeta MicroSD insertada, esta hace clic y sale parcialmente. Usted NO debe quitar la tarjeta MicroSD. Debe volver a colocarla en el dispositivo. Cuando vuelva a introducir la tarjeta MicroSD en el dispositivo oir\u00e1 un clic. [Si recibe un dispositivo AudioMoth del equipo de ES, este ya tendr\u00e1 instalada la tarjeta MicroSD. Los dispositivos AudioMoth comprados no vienen con tarjeta MicroSD].[\/vc_column_text][\/vc_column_inner][\/vc_row_inner][vc_row_inner limit_content=&#8221;&#8221;][vc_column_inner width=&#8221;1\/4&#8243;][vc_single_image media=&#8221;86552&#8243; media_width_percent=&#8221;80&#8243; alignment=&#8221;center&#8221; shape=&#8221;img-round&#8221; uncode_shortcode_id=&#8221;185641&#8243;][\/vc_column_inner][vc_column_inner width=&#8221;3\/4&#8243;][vc_column_text uncode_shortcode_id=&#8221;436349&#8243;]<\/p>\n<h5>Minipuerto USB<\/h5>\n<p>[\/vc_column_text][vc_column_text uncode_shortcode_id=&#8221;321254&#8243;]Con el punto en relieve cuadrado ubicado en la parte superior izquierda, el puerto Micro USB se encuentra en el borde superior. Toque el punto en relieve circular grande con la parte superior plana. Busque la hendidura en el borde de la placa de circuito directamente sobre el punto en relieve redondo con la parte superior plana. El puerto Micro USB se encuentra dentro de esa hendidura entre la caja de pl\u00e1stico de las bater\u00edas y la placa de circuito. Usted no necesitar\u00e1 usar el puerto Micro USB para este proyecto, \u00a1pero es bueno saber d\u00f3nde est\u00e1 para usarlo en el futuro![\/vc_column_text][\/vc_column_inner][\/vc_row_inner][vc_row_inner limit_content=&#8221;&#8221;][vc_column_inner width=&#8221;1\/2&#8243;][\/vc_column_inner][vc_column_inner width=&#8221;1\/4&#8243;][vc_column_text uncode_shortcode_id=&#8221;638649&#8243;]<br \/>\n<a href=\"https:\/\/eclipsesoundscapes.org\/wp-admin\/admin.php?page=tm%2Fmenu%2Ftranslations-queue.php&amp;return_url=%2Fwp-admin%2Fedit.php%3Fs%3Dget%2Bto%2Bknow%2Baudio%26post_status%3Dall%26post_type%3Dpage%26action%3D-1%26m%3D0%26lang%3Den%26paged%3D1%26action2%3D-1&amp;lang=en&amp;trid=342399&amp;language_code=es&amp;source_language_code=en#Field-Researcher-Top\">https:\/\/eclipsesoundscapes.org\/wp-admin\/admin.php?page=tm%2Fmenu%2Ftranslations-queue.php&amp;return_url=%2Fwp-admin%2Fedit.php%3Fs%3Dget%2Bto%2Bknow%2Baudio%26post_status%3Dall%26post_type%3Dpage%26action%3D-1%26m%3D0%26lang%3Den%26paged%3D1%26action2%3D-1&amp;lang=en&amp;trid=342399&amp;language_code=es&amp;source_language_code=en#Field-Researcher-Top<\/a>Volver al inicio de la p\u00e1gina<br \/>\n[\/vc_column_text][\/vc_column_inner][vc_column_inner width=&#8221;1\/4&#8243;][vc_button button_color=&#8221;accent&#8221; size=&#8221;btn-xl&#8221; radius=&#8221;btn-round&#8221; text_skin=&#8221;yes&#8221; border_width=&#8221;0&#8243; uncode_shortcode_id=&#8221;181101&#8243; link=&#8221;url:https%3A%2F%2Feclipsesoundscapes.org%2Fdata-collector-page%2F|title:P%C3%A1gina%20del%20recopilador%20de%20datos|&#8221; button_color_type=&#8221;uncode-palette&#8221; icon=&#8221;fa fa-home2&#8243; width=&#8221;2&#8243;]P\u00c1GINA DE INICIO PARA RECOPILADORES DE DATOS[\/vc_button][\/vc_column_inner][\/vc_row_inner][\/vc_column][\/vc_row]<\/p>\n<\/div>","protected":false},"excerpt":{"rendered":"<p>[vc_row row_height_percent=&#8221;0&#8243; overlay_alpha=&#8221;50&#8243; gutter_size=&#8221;3&#8243; column_width_percent=&#8221;100&#8243; shift_y=&#8221;0&#8243; z_index=&#8221;0&#8243; uncode_shortcode_id=&#8221;171282&#8243; el_id=&#8221;Investigador de campo-arriba&#8221;][vc_column width=&#8221;1\/1&#8243;][vc_row_inner limit_content=&#8221;&#8221;][vc_column_inner width=&#8221;3\/4&#8243;][vc_custom_heading heading_semantic=&#8221;h1&#8243; text_size=&#8221;h1&#8243; uncode_shortcode_id=&#8221;995922&#8243;] Conozca AudioMoth [\/vc_custom_heading][\/vc_column_inner][vc_column_inner [&hellip;]<\/p>\n","protected":false},"author":3,"featured_media":0,"parent":0,"menu_order":0,"comment_status":"closed","ping_status":"closed","template":"","meta":{"_links_to":"","_links_to_target":""},"_links":{"self":[{"href":"https:\/\/eclipsesoundscapes.org\/es\/wp-json\/wp\/v2\/pages\/89901"}],"collection":[{"href":"https:\/\/eclipsesoundscapes.org\/es\/wp-json\/wp\/v2\/pages"}],"about":[{"href":"https:\/\/eclipsesoundscapes.org\/es\/wp-json\/wp\/v2\/types\/page"}],"author":[{"embeddable":true,"href":"https:\/\/eclipsesoundscapes.org\/es\/wp-json\/wp\/v2\/users\/3"}],"replies":[{"embeddable":true,"href":"https:\/\/eclipsesoundscapes.org\/es\/wp-json\/wp\/v2\/comments?post=89901"}],"version-history":[{"count":5,"href":"https:\/\/eclipsesoundscapes.org\/es\/wp-json\/wp\/v2\/pages\/89901\/revisions"}],"predecessor-version":[{"id":89916,"href":"https:\/\/eclipsesoundscapes.org\/es\/wp-json\/wp\/v2\/pages\/89901\/revisions\/89916"}],"wp:attachment":[{"href":"https:\/\/eclipsesoundscapes.org\/es\/wp-json\/wp\/v2\/media?parent=89901"}],"curies":[{"name":"wp","href":"https:\/\/api.w.org\/{rel}","templated":true}]}}