{"id":89435,"date":"2024-01-16T16:21:47","date_gmt":"2024-01-16T21:21:47","guid":{"rendered":"https:\/\/eclipsesoundscapes.org\/formacion-de-aprendices-l7-el-eclipse-anular-del-14-de-octubre-de-2023\/"},"modified":"2024-02-22T12:03:17","modified_gmt":"2024-02-22T17:03:17","slug":"formacion-de-aprendices-l7-el-eclipse-anular-del-14-de-octubre-de-2023","status":"publish","type":"page","link":"https:\/\/eclipsesoundscapes.org\/es\/formacion-de-aprendices-l7-el-eclipse-anular-del-14-de-octubre-de-2023\/","title":{"rendered":"Formaci\u00f3n de Aprendices L7 &#8211; El eclipse anular del 14 de octubre de 2023"},"content":{"rendered":"<div class=\"wpb-content-wrapper\"><p>[vc_row][vc_column width=&#8221;1\/1&#8243;][vc_row_inner row_inner_height_percent=&#8221;0&#8243; back_color=&#8221;color-375760&#8243; overlay_alpha=&#8221;50&#8243; gutter_size=&#8221;3&#8243; shift_y=&#8221;0&#8243; z_index=&#8221;0&#8243; uncode_shortcode_id=&#8221;177453&#8243; back_color_type=&#8221;uncode-palette&#8221; limit_content=&#8221;&#8221;][vc_column_inner width=&#8221;1\/1&#8243;][vc_custom_heading heading_semantic=&#8221;h1&#8243; sub_reduced=&#8221;yes&#8221; uncode_shortcode_id=&#8221;204637&#8243;]<span style=\"font-weight: 400;\">Formaci\u00f3n de Aprendices de Eclipse Soundscapes<\/span>[\/vc_custom_heading][\/vc_column_inner][\/vc_row_inner][vc_row_inner limit_content=&#8221;&#8221;][vc_column_inner width=&#8221;3\/4&#8243;][vc_custom_heading text_size=&#8221;h3&#8243; uncode_shortcode_id=&#8221;592937&#8243;]<span style=\"font-weight: 400;\"><strong>Lecci\u00f3n 7<\/strong> &#8211; El eclipse anular del 14 de octubre de 2023<\/span>[\/vc_custom_heading][vc_custom_heading text_size=&#8221;h5&#8243; uncode_shortcode_id=&#8221;176242&#8243;]<\/p>\n<p style=\"text-align: left;\"><a href=\"https:\/\/eclipsesoundscapes.org\/es\/apprentice-training-l6-como-afectan-los-eclipses-a-los-animales\/\"><strong>&lt;&lt;Prev\u00eda<\/strong><\/a>\u00a0 \u00a0 Lesson 7 de 8 <strong><a href=\"https:\/\/eclipsesoundscapes.org\/es\/formacion-de-aprendices-l8-8-de-abril-de-2024-eclipse-solar-total\/\">Pr\u00f3xima &gt;&gt;<\/a><\/strong><\/p>\n<p>[\/vc_custom_heading][\/vc_column_inner][vc_column_inner width=&#8221;1\/4&#8243;][vc_button button_color=&#8221;accent&#8221; size=&#8221;btn-xl&#8221; radius=&#8221;btn-round&#8221; border_width=&#8221;0&#8243; icon=&#8221;fa fa-home2&#8243; uncode_shortcode_id=&#8221;198382&#8243; link=&#8221;url:https%3A%2F%2Feclipsesoundscapes.org%2Fes%2Fpagina-de-inicio-del-aprendiz%2F|title:P%C3%A1gina%20de%20inicio%20del%20aprendiz|&#8221; button_color_type=&#8221;uncode-palette&#8221;]Inicio del aprendiz[\/vc_button][\/vc_column_inner][\/vc_row_inner][vc_row_inner limit_content=&#8221;&#8221;][vc_column_inner width=&#8221;1\/2&#8243;][vc_column_text uncode_shortcode_id=&#8221;919956&#8243;]<iframe title=\"YouTube video player\" data-src=\"https:\/\/www.youtube.com\/embed\/VDLTXWnmKME?si=F5hwWmyIPTJ-Eg1T&amp;end=88\" width=\"560\" height=\"415\" frameborder=\"0\" allowfullscreen=\"allowfullscreen\" src=\"data:image\/gif;base64,R0lGODlhAQABAAAAACH5BAEKAAEALAAAAAABAAEAAAICTAEAOw==\" class=\"lazyload\" data-load-mode=\"1\"><\/iframe>[\/vc_column_text][vc_message message_color=&#8221;color-210211&#8243; uncode_shortcode_id=&#8221;134795&#8243; message_color_type=&#8221;uncode-palette&#8221;]<span style=\"font-weight: 400;\"><strong>Duraci\u00f3n del v\u00eddeo<\/strong>: 0:00-1:28 de este v\u00eddeo se reproducir\u00e1n para esta lecci\u00f3n<\/span>[\/vc_message][\/vc_column_inner][vc_column_inner width=&#8221;1\/2&#8243;][vc_column_text uncode_shortcode_id=&#8221;646714&#8243;]<span style=\"font-weight: 400;\">El 14 de octubre de 2023 se produjo un eclipse solar anular en Estados Unidos. Durante un eclipse anular la Luna pasa por delante del Sol, bloqueando su centro. Esto hace que el Sol parezca un \u201canillo de fuego\u201d en lugar de una bola brillante. Cuando la Luna pasa por delante del Sol, proyecta una sombra oscura, llamada <strong>antumbra<\/strong>, sobre la Tierra. Durante un eclipse anular, la Tierra contin\u00faa girando sobre su eje y tanto la Luna como la Tierra siguen movi\u00e9ndose en sus trayectorias orbitales. Debido a esto, la sombra anumbral se mueve por la superficie de la Tierra. La l\u00ednea imaginaria que crea se conoce como <strong>camino de anularidad<\/strong>. Si se encuentra en la trayectoria del eclipse anular, experimentar\u00e1 un eclipse anular.<\/span>[\/vc_column_text][\/vc_column_inner][\/vc_row_inner][vc_column_text uncode_shortcode_id=&#8221;137086&#8243;]<span style=\"font-weight: 400;\">Si est\u00e1s cerca, pero no en la trayectoria del eclipse anular, la Luna solo cubrir\u00e1 una parte del Sol. Entonces la sombra es mucho m\u00e1s clara. Esta sombra m\u00e1s clara se llama <strong>penumbra<\/strong>. Se crea cuando la Luna solo bloquea la vista de una parte del Sol. Si est\u00e1s en la penumbra, experimentas un eclipse parcial. Durante un <strong>eclipse parcial<\/strong>, el Sol aparecer\u00e1 como una creciente brillante.<\/span>[\/vc_column_text][vc_separator sep_color=&#8221;&#8221; uncode_shortcode_id=&#8221;899840&#8243; el_height=&#8221;2px&#8221;][vc_custom_heading heading_semantic=&#8221;h3&#8243; text_size=&#8221;h3&#8243; uncode_shortcode_id=&#8221;167531&#8243;]<strong>Seguridad del eclipse anular<\/strong>[\/vc_custom_heading][vc_row_inner limit_content=&#8221;&#8221;][vc_column_inner width=&#8221;1\/4&#8243;][vc_single_image media=&#8221;86349&#8243; media_width_percent=&#8221;70&#8243; shape=&#8221;img-round&#8221; uncode_shortcode_id=&#8221;698673&#8243;][\/vc_column_inner][vc_column_inner width=&#8221;3\/4&#8243;][vc_column_text uncode_shortcode_id=&#8221;197703&#8243;]<span style=\"font-weight: 400;\">Recuerde, nunca es seguro mirar directamente un eclipse anular o parcial sin proteger sus ojos. Proteja sus ojos usando gafas especiales para eclipses o un filtro solar.<\/span>[\/vc_column_text][\/vc_column_inner][\/vc_row_inner][vc_separator sep_color=&#8221;&#8221; uncode_shortcode_id=&#8221;899840&#8243; el_height=&#8221;2px&#8221;][vc_custom_heading heading_semantic=&#8221;h3&#8243; text_size=&#8221;h3&#8243; uncode_shortcode_id=&#8221;115844&#8243;]<\/p>\n<div id=\"player\" class=\"style-scope ytd-watch-flexy\">\n<div id=\"player-container-outer\" class=\"style-scope ytd-watch-flexy\">\n<div id=\"player-container-inner\" class=\"style-scope ytd-watch-flexy\">\n<div id=\"player-container\" class=\"style-scope ytd-watch-flexy\" role=\"complementary\">\n<div id=\"container\" class=\"style-scope ytd-player\">\n<div id=\"movie_player\" class=\"html5-video-player ytp-transparent ytp-exp-bottom-control-flexbox ytp-modern-caption ytp-exp-ppp-update ytp-fit-cover-video ytp-bigboards ytp-fine-scrubbing-exp ytp-hide-info-bar ytp-large-width-mode ytp-branding-shown ytp-autonav-endscreen-cancelled-state ad-created ytp-heat-map-v2 ytp-heat-map ytp-iv-drawer-enabled paused-mode\" tabindex=\"-1\" data-version=\"\/s\/player\/80b90bfd\/player_ias.vflset\/en_US\/base.js\" aria-label=\"YouTube Video Player\">\n<div id=\"ytp-caption-window-container\" class=\"ytp-caption-window-container\" data-layer=\"4\"><span style=\"font-family: -apple-system, BlinkMacSystemFont, 'Segoe UI', Roboto, Oxygen-Sans, Ubuntu, Cantarell, 'Helvetica Neue', sans-serif;\">\u00bfQu\u00e9 es un eclipse anular de Sol, cu\u00e1ndo se dan y c\u00f3mo proteger los ojos durante ellos?<\/span><\/div>\n<div class=\"ytp-ce-element ytp-ce-channel ytp-ce-channel-this ytp-ce-medium-round ytp-ce-bottom-right-quad ytp-ce-size-853\" tabindex=\"0\" aria-label=\"CNN en Espa\u00f1ol, channel\" aria-hidden=\"true\" data-layer=\"4\">\n<div class=\"ytp-ce-expanding-overlay\">\n<div class=\"ytp-ce-expanding-overlay-content\">\n<div class=\"ytp-ce-expanding-overlay-body\">\n<div class=\"ytp-ce-expanding-overlay-body-padding\">\n<div class=\"ytp-ce-channel-metadata yt-ui-ellipsis yt-ui-ellipsis-3\"><\/div>\n<\/div>\n<\/div>\n<\/div>\n<\/div>\n<\/div>\n<\/div>\n<\/div>\n<\/div>\n<\/div>\n<\/div>\n<\/div>\n<p>[\/vc_custom_heading][vc_row_inner limit_content=&#8221;&#8221;][vc_column_inner width=&#8221;1\/2&#8243;][vc_column_text uncode_shortcode_id=&#8221;616573&#8243;]<iframe title=\"YouTube video player\" data-src=\"https:\/\/www.youtube.com\/embed\/ArWtmJpKZxA?si=s8IqJsrP_AzC3edc\" width=\"560\" height=\"415\" frameborder=\"0\" allowfullscreen=\"allowfullscreen\" src=\"data:image\/gif;base64,R0lGODlhAQABAAAAACH5BAEKAAEALAAAAAABAAEAAAICTAEAOw==\" class=\"lazyload\" data-load-mode=\"1\"><\/iframe>[\/vc_column_text][vc_message message_color=&#8221;color-210211&#8243; uncode_shortcode_id=&#8221;111649&#8243; message_color_type=&#8221;uncode-palette&#8221;]<span style=\"font-weight: 400;\"><strong>Duraci\u00f3n del v\u00eddeo<\/strong>: 0:00-3:46 de este v\u00eddeo se reproducir\u00e1n para esta lecci\u00f3n.<\/span>[\/vc_message][\/vc_column_inner][vc_column_inner width=&#8221;1\/2&#8243;][vc_single_image media=&#8221;87605&#8243; caption=&#8221;yes&#8221; media_width_percent=&#8221;80&#8243; uncode_shortcode_id=&#8221;205365&#8243; media_link=&#8221;url:https%3A%2F%2Fwww.greatamericaneclipse.com%2Foctober-14-2023|title:Visit%20GreatAmericanEclipse.com%20for%20more%20info%20and%20maps.|target:_blank&#8221;][\/vc_column_inner][\/vc_row_inner][\/vc_column][\/vc_row][vc_row][vc_column width=&#8221;1\/1&#8243;][vc_separator sep_color=&#8221;&#8221; uncode_shortcode_id=&#8221;389174&#8243; el_height=&#8221;6px&#8221;][vc_row_inner limit_content=&#8221;&#8221;][vc_column_inner width=&#8221;1\/2&#8243;][vc_custom_heading heading_semantic=&#8221;h3&#8243; text_size=&#8221;h3&#8243; uncode_shortcode_id=&#8221;112938&#8243;]<strong>Vocabulario<\/strong>[\/vc_custom_heading][vc_column_text uncode_shortcode_id=&#8221;377279&#8243;]<span style=\"font-weight: 400;\"><strong>camino de la anularidad<\/strong> &#8211; el camino a trav\u00e9s de la Tierra que crea la sombra antumbral en el que las personas experimentar\u00e1n un eclipse solar anular<\/span><\/p>\n<p><span style=\"font-weight: 400;\"><strong>eclipse solar parcial<\/strong> &#8211; cuando la Luna pasa frente al Sol descentrada y solo bloquea una parte del Sol, haciendo que el Sol parezca un creciente<\/span><\/p>\n<p><span style=\"font-weight: 400;\"><strong>penumbra<\/strong> &#8211; La sombra m\u00e1s clara creada durante un eclipse solar cuando la Luna bloquea la luz del Sol para que no llegue a la Tierra.<\/span><\/p>\n<p><span style=\"font-weight: 400;\"><strong>antumbra<\/strong> &#8211; la sombra oscura m\u00e1s all\u00e1 de la &#8220;umbra&#8221; creada por la Luna que impide que la luz del sol llegue a la Tierra durante un eclipse solar anular<\/span>[\/vc_column_text][\/vc_column_inner][vc_column_inner width=&#8221;1\/2&#8243;][vc_custom_heading heading_semantic=&#8221;h3&#8243; text_size=&#8221;h3&#8243; uncode_shortcode_id=&#8221;713116&#8243;]<strong>Discusi\u00f3n \/ Notas<\/strong>[\/vc_custom_heading][vc_column_text uncode_shortcode_id=&#8221;169071&#8243;]<strong>Escribe, dibuja o discute verbalmente las respuestas a las siguientes preguntas:<\/strong><\/p>\n<ul>\n<li style=\"font-weight: 400;\" aria-level=\"1\"><span style=\"font-weight: 400;\"><span style=\"font-weight: 400;\">\u00bfD\u00f3nde experiment\u00f3 la gente el eclipse anular del 14 de octubre de 2023?<\/span><\/span><\/li>\n<li style=\"font-weight: 400;\" aria-level=\"1\"><span style=\"font-weight: 400;\">\u00bfCu\u00e1ndo y d\u00f3nde deber\u00edas usar gafas especiales con filtro solar si quieres mirar el Sol durante un eclipse anular?<\/span><\/li>\n<\/ul>\n<p>[\/vc_column_text][\/vc_column_inner][\/vc_row_inner][vc_custom_heading text_size=&#8221;h5&#8243; uncode_shortcode_id=&#8221;177620&#8243;]<\/p>\n<p style=\"text-align: left;\"><a href=\"https:\/\/eclipsesoundscapes.org\/es\/apprentice-training-l6-como-afectan-los-eclipses-a-los-animales\/\"><strong>&lt;&lt;Previous<\/strong><\/a>\u00a0 \u00a0 Lesson 7 of 8 <a href=\"https:\/\/eclipsesoundscapes.org\/es\/formacion-de-aprendices-l8-8-de-abril-de-2024-eclipse-solar-total\/\">Next&gt;&gt;<\/a><\/p>\n<p>&nbsp;[\/vc_custom_heading][\/vc_column][\/vc_row]<\/p>\n<\/div>","protected":false},"excerpt":{"rendered":"<p>[vc_row][vc_column width=&#8221;1\/1&#8243;][vc_row_inner row_inner_height_percent=&#8221;0&#8243; back_color=&#8221;color-375760&#8243; overlay_alpha=&#8221;50&#8243; gutter_size=&#8221;3&#8243; shift_y=&#8221;0&#8243; z_index=&#8221;0&#8243; uncode_shortcode_id=&#8221;177453&#8243; back_color_type=&#8221;uncode-palette&#8221; limit_content=&#8221;&#8221;][vc_column_inner width=&#8221;1\/1&#8243;][vc_custom_heading heading_semantic=&#8221;h1&#8243; sub_reduced=&#8221;yes&#8221; uncode_shortcode_id=&#8221;204637&#8243;]Formaci\u00f3n de Aprendices de Eclipse Soundscapes[\/vc_custom_heading][\/vc_column_inner][\/vc_row_inner][vc_row_inner [&hellip;]<\/p>\n","protected":false},"author":3,"featured_media":0,"parent":0,"menu_order":0,"comment_status":"closed","ping_status":"closed","template":"","meta":{"_links_to":"","_links_to_target":""},"_links":{"self":[{"href":"https:\/\/eclipsesoundscapes.org\/es\/wp-json\/wp\/v2\/pages\/89435"}],"collection":[{"href":"https:\/\/eclipsesoundscapes.org\/es\/wp-json\/wp\/v2\/pages"}],"about":[{"href":"https:\/\/eclipsesoundscapes.org\/es\/wp-json\/wp\/v2\/types\/page"}],"author":[{"embeddable":true,"href":"https:\/\/eclipsesoundscapes.org\/es\/wp-json\/wp\/v2\/users\/3"}],"replies":[{"embeddable":true,"href":"https:\/\/eclipsesoundscapes.org\/es\/wp-json\/wp\/v2\/comments?post=89435"}],"version-history":[{"count":34,"href":"https:\/\/eclipsesoundscapes.org\/es\/wp-json\/wp\/v2\/pages\/89435\/revisions"}],"predecessor-version":[{"id":90159,"href":"https:\/\/eclipsesoundscapes.org\/es\/wp-json\/wp\/v2\/pages\/89435\/revisions\/90159"}],"wp:attachment":[{"href":"https:\/\/eclipsesoundscapes.org\/es\/wp-json\/wp\/v2\/media?parent=89435"}],"curies":[{"name":"wp","href":"https:\/\/api.w.org\/{rel}","templated":true}]}}