{"id":89428,"date":"2024-01-16T14:11:00","date_gmt":"2024-01-16T19:11:00","guid":{"rendered":"https:\/\/eclipsesoundscapes.org\/formacion-de-aprendices-l8-8-de-abril-de-2024-eclipse-solar-total\/"},"modified":"2024-02-22T12:02:32","modified_gmt":"2024-02-22T17:02:32","slug":"formacion-de-aprendices-l8-8-de-abril-de-2024-eclipse-solar-total","status":"publish","type":"page","link":"https:\/\/eclipsesoundscapes.org\/es\/formacion-de-aprendices-l8-8-de-abril-de-2024-eclipse-solar-total\/","title":{"rendered":"Formaci\u00f3n de aprendices L8 &#8211; 8 de Abril de 2024 Eclipse Solar Total"},"content":{"rendered":"<div class=\"wpb-content-wrapper\"><p>[vc_row][vc_column width=&#8221;1\/1&#8243;][vc_row_inner row_inner_height_percent=&#8221;0&#8243; back_color=&#8221;color-375760&#8243; overlay_alpha=&#8221;50&#8243; gutter_size=&#8221;3&#8243; shift_y=&#8221;0&#8243; z_index=&#8221;0&#8243; uncode_shortcode_id=&#8221;177453&#8243; back_color_type=&#8221;uncode-palette&#8221; limit_content=&#8221;&#8221;][vc_column_inner width=&#8221;1\/1&#8243;][vc_custom_heading heading_semantic=&#8221;h1&#8243; sub_reduced=&#8221;yes&#8221; uncode_shortcode_id=&#8221;916452&#8243;]Formaci\u00f3n de aprendices de Eclipse Soundscapes[\/vc_custom_heading][\/vc_column_inner][\/vc_row_inner][vc_row_inner limit_content=&#8221;&#8221;][vc_column_inner width=&#8221;3\/4&#8243;][vc_custom_heading text_size=&#8221;h3&#8243; uncode_shortcode_id=&#8221;173031&#8243;]<span style=\"font-weight: 400;\"><strong>Lecci\u00f3n 8<\/strong> &#8211; 8 de Abril de 2024 Eclipse Solar Total<\/span>[\/vc_custom_heading][vc_custom_heading text_size=&#8221;h5&#8243; uncode_shortcode_id=&#8221;986057&#8243;]<a href=\"https:\/\/eclipsesoundscapes.org\/es\/formacion-de-aprendices-l7-el-eclipse-anular-del-14-de-octubre-de-2023\/\"><strong>&lt;&lt;Previa<\/strong><\/a>\u00a0 \u00a0 Lecc\u00edon 8 de 8[\/vc_custom_heading][\/vc_column_inner][vc_column_inner width=&#8221;1\/4&#8243;][vc_button button_color=&#8221;accent&#8221; size=&#8221;btn-xl&#8221; radius=&#8221;btn-round&#8221; border_width=&#8221;0&#8243; icon=&#8221;fa fa-home2&#8243; uncode_shortcode_id=&#8221;705093&#8243; link=&#8221;url:https%3A%2F%2Feclipsesoundscapes.org%2Fes%2Fpagina-de-inicio-del-aprendiz%2F|title:P%C3%A1gina%20de%20inicio%20del%20aprendiz|&#8221; button_color_type=&#8221;uncode-palette&#8221;]Inicio del Aprendiz[\/vc_button][\/vc_column_inner][\/vc_row_inner][vc_row_inner limit_content=&#8221;&#8221;][vc_column_inner width=&#8221;1\/2&#8243;][vc_column_text uncode_shortcode_id=&#8221;176111&#8243;]<iframe title=\"YouTube video player\" data-src=\"https:\/\/www.youtube.com\/embed\/zEQH00ao8nw?si=WG77JYaNN4NKb1i3&amp;start=13&amp;;end=1:16\" width=\"560\" height=\"415\" frameborder=\"0\" allowfullscreen=\"allowfullscreen\" src=\"data:image\/gif;base64,R0lGODlhAQABAAAAACH5BAEKAAEALAAAAAABAAEAAAICTAEAOw==\" class=\"lazyload\" data-load-mode=\"1\"><\/iframe>[\/vc_column_text][vc_message message_color=&#8221;color-210211&#8243; uncode_shortcode_id=&#8221;117450&#8243; message_color_type=&#8221;uncode-palette&#8221;]<span style=\"font-weight: 400;\"><strong>Duraci\u00f3n del v\u00eddeo<\/strong>: 0:13-2:08 de este v\u00eddeo se reproducir\u00e1n para esta lecci\u00f3n<\/span>[\/vc_message][\/vc_column_inner][vc_column_inner width=&#8221;1\/2&#8243;][vc_column_text uncode_shortcode_id=&#8221;959614&#8243;]<span style=\"font-weight: 400;\">El 8 de abril de 2024 habr\u00e1 un eclipse solar total en Estados Unidos. Durante el eclipse solar total, la Luna pasar\u00e1 frente al Sol bloqueando completamente la vista del Sol. Esto hace que el Sol parezca un disco negro en lugar de una bola brillante. Cuando la Luna pasa por delante del Sol, proyectar\u00e1 una sombra oscura, llamada <strong>umbra<\/strong>, sobre la Tierra. Durante un eclipse total, la Tierra contin\u00faa girando sobre su eje y tanto la Luna como la Tierra siguen movi\u00e9ndose en sus trayectorias orbitales. Debido a esto, la <strong>sombra umbral<\/strong> se mueve por la superficie de la Tierra. La l\u00ednea imaginaria que crea se conoce como la <strong>trayectoria de la totalidad<\/strong>.<\/span>[\/vc_column_text][\/vc_column_inner][\/vc_row_inner][vc_column_text uncode_shortcode_id=&#8221;619883&#8243;]<span style=\"font-weight: 400;\">Si est\u00e1s cerca, pero no en la trayectoria del eclipse solar total, la luna solo cubrir\u00e1 una parte del Sol. Entonces la sombra ser\u00e1 mucho m\u00e1s clara. Esta sombra m\u00e1s clara se llama <strong>penumbra<\/strong> o sombra parcial. Se crea cuando la Luna solo bloquea la vista de una parte del Sol. Si est\u00e1s en la penumbra, experimentar\u00e1s un <strong>eclipse parcial<\/strong>. Durante un eclipse parcial, el Sol aparecer\u00e1 como una media luna brillante.<\/span><\/p>\n<p><span style=\"font-weight: 400;\">La trayectoria de la totalidad tiene aproximadamente 100 millas de ancho y atravesar\u00e1 los Estados Unidos comenzando en Texas. Viajar\u00e1 en direcci\u00f3n noreste hasta salir de Estados Unidos a trav\u00e9s de Maine y entrar en Canad\u00e1. Si est\u00e1s en la trayectoria de la totalidad, experimentar\u00e1s un eclipse solar total.<\/span>[\/vc_column_text][vc_separator sep_color=&#8221;&#8221; uncode_shortcode_id=&#8221;899840&#8243; el_height=&#8221;2px&#8221;][vc_custom_heading heading_semantic=&#8221;h3&#8243; text_size=&#8221;h3&#8243; uncode_shortcode_id=&#8221;104949&#8243;]<b>Seguridad Total en Eclipses Solares<\/b>[\/vc_custom_heading][vc_row_inner limit_content=&#8221;&#8221;][vc_column_inner width=&#8221;1\/3&#8243;][vc_single_image media=&#8221;89701&#8243; media_width_percent=&#8221;100&#8243; uncode_shortcode_id=&#8221;137560&#8243;][\/vc_column_inner][vc_column_inner width=&#8221;2\/3&#8243;][vc_column_text uncode_shortcode_id=&#8221;911918&#8243;]<span style=\"font-weight: 400;\">Recuerda, solo es seguro mirar un eclipse solar total sin gafas especiales para eclipses durante unos minutos durante la totalidad, cuando TODOS los poderosos rayos del Sol est\u00e1n bloqueados. En todos los dem\u00e1s momentos durante el eclipse solar total DEBES proteger tus ojos si quieres mirar al Sol.<\/span><\/p>\n<p><span style=\"font-weight: 400;\">NUNCA es seguro mirar directamente al Sol durante un eclipse solar parcial. Siempre debes proteger tus ojos usando gafas para eclipses o un filtro solar durante un eclipse parcial.<\/span>[\/vc_column_text][\/vc_column_inner][\/vc_row_inner][\/vc_column][\/vc_row][vc_row][vc_column width=&#8221;1\/1&#8243;][vc_separator sep_color=&#8221;&#8221; uncode_shortcode_id=&#8221;389174&#8243; el_height=&#8221;6px&#8221;][vc_row_inner limit_content=&#8221;&#8221;][vc_column_inner width=&#8221;1\/2&#8243;][vc_custom_heading heading_semantic=&#8221;h3&#8243; text_size=&#8221;h3&#8243; uncode_shortcode_id=&#8221;112938&#8243;]<strong>Vocabulario<\/strong>[\/vc_custom_heading][vc_column_text uncode_shortcode_id=&#8221;184708&#8243;]<span style=\"font-weight: 400;\"><strong>trayectoria de la totalidad<\/strong> -el camino a trav\u00e9s de la Tierra que crea la sombra umbral en el que las personas experimentar\u00e1n un eclipse solar total<\/span><\/p>\n<p><b>eclipse solar parcial<\/b><span style=\"font-weight: 400;\"> &#8211; cuando la Luna pasa frente al Sol descentrada y solo bloquea una parte del Sol, haciendo que el Sol parezca un creciente<\/span><\/p>\n<p><b>penumbra &#8211; <\/b><span style=\"font-weight: 400;\">La sombra m\u00e1s clara creada durante un eclipse solar cuando la Luna bloquea la luz del Sol para que no llegue a la Tierra.<\/span><\/p>\n<p><b>umbra &#8211; <\/b><span style=\"font-weight: 400;\">la sombra m\u00e1s oscura creada por la Luna que bloquea completamente la luz del sol para que no llegue a la Tierra durante un eclipse solar<\/span>[\/vc_column_text][\/vc_column_inner][vc_column_inner width=&#8221;1\/2&#8243;][vc_custom_heading heading_semantic=&#8221;h3&#8243; text_size=&#8221;h3&#8243; uncode_shortcode_id=&#8221;713116&#8243;]<strong>Discusi\u00f3n \/ Notas<\/strong>[\/vc_custom_heading][vc_column_text uncode_shortcode_id=&#8221;558467&#8243;]<strong>Escribe, dibuja o discute verbalmente las respuestas a lo siguiente:<\/strong><\/p>\n<ul>\n<li><span style=\"font-weight: 400;\">\u00bfEn qu\u00e9 parte de Estados Unidos la gente experimentar\u00e1 un eclipse solar total el 8 de abril de 2024?<\/span><\/li>\n<li><span style=\"font-weight: 400;\">\u00bfEn qu\u00e9 parte de Estados Unidos la gente experimentar\u00e1 un eclipse solar parcial el 8 de abril de 2024?<\/span><\/li>\n<li>\u00bfCu\u00e1ndo y d\u00f3nde deber\u00edas usar gafas especiales con filtro solar si quieres mirar al Sol el 8 de abril de 2024?<\/li>\n<\/ul>\n<p>[\/vc_column_text][vc_separator sep_color=&#8221;&#8221; uncode_shortcode_id=&#8221;714431&#8243; el_height=&#8221;6px&#8221;][vc_custom_heading heading_semantic=&#8221;h3&#8243; text_size=&#8221;h3&#8243; uncode_shortcode_id=&#8221;130665&#8243;]<\/p>\n<p id=\"tw-target-text\" class=\"tw-data-text tw-text-large tw-ta\" dir=\"ltr\" data-placeholder=\"Translation\" data-ved=\"2ahUKEwjAyZ6hxeKDAxVJFFkFHfG9De4Q3ewLegQIBRAQ\"><strong><span class=\"Y2IQFc\" lang=\"es\">\u00a1<\/span>Felicidades!<\/strong><\/p>\n<p>[\/vc_custom_heading][vc_column_text uncode_shortcode_id=&#8221;546132&#8243;]<span style=\"font-weight: 400;\">Completaste la lecci\u00f3n final. Para obtener su Certificado de Aprendiz de Eclipse Soundscapes, haga clic en el bot\u00f3n a continuaci\u00f3n para realizar el cuestionario.\u00a0<\/span><\/p>\n<p><span style=\"font-weight: 400;\">El cuestionario se abrir\u00e1 en una nueva ventana.<\/span>[\/vc_column_text][vc_button button_color=&#8221;color-469464&#8243; size=&#8221;btn-xl&#8221; radius=&#8221;btn-round&#8221; hover_fx=&#8221;full-colored&#8221; border_width=&#8221;0&#8243; icon=&#8221;fa fa-star&#8221; uncode_shortcode_id=&#8221;209979&#8243; link=&#8221;url:https%3A%2F%2Fthemarkusa.qualtrics.com%2Fjfe%2Fform%2FSV_5nAsxN6XLFT213o|title:Cuestionario%20de%20Certificaci%C3%B3n%20de%20Aprendiz%20%28ingl%C3%A9s%29|target:_blank|&#8221; button_color_type=&#8221;uncode-palette&#8221;]Cuestionario de Certificaci\u00f3n de Aprendiz[\/vc_button][\/vc_column_inner][\/vc_row_inner][vc_custom_heading text_size=&#8221;h5&#8243; uncode_shortcode_id=&#8221;210469&#8243;]<\/p>\n<p style=\"text-align: left;\"><a href=\"https:\/\/eclipsesoundscapes.org\/es\/formacion-de-aprendices-l7-el-eclipse-anular-del-14-de-octubre-de-2023\/\"><strong>&lt;&lt;Previa<\/strong><\/a>\u00a0 \u00a0 Lecc\u00edon 8 de 8<\/p>\n<p>[\/vc_custom_heading][\/vc_column][\/vc_row]<\/p>\n<\/div>","protected":false},"excerpt":{"rendered":"<p>[vc_row][vc_column width=&#8221;1\/1&#8243;][vc_row_inner row_inner_height_percent=&#8221;0&#8243; back_color=&#8221;color-375760&#8243; overlay_alpha=&#8221;50&#8243; gutter_size=&#8221;3&#8243; shift_y=&#8221;0&#8243; z_index=&#8221;0&#8243; uncode_shortcode_id=&#8221;177453&#8243; back_color_type=&#8221;uncode-palette&#8221; limit_content=&#8221;&#8221;][vc_column_inner width=&#8221;1\/1&#8243;][vc_custom_heading heading_semantic=&#8221;h1&#8243; sub_reduced=&#8221;yes&#8221; uncode_shortcode_id=&#8221;916452&#8243;]Formaci\u00f3n de aprendices de Eclipse Soundscapes[\/vc_custom_heading][\/vc_column_inner][\/vc_row_inner][vc_row_inner [&hellip;]<\/p>\n","protected":false},"author":3,"featured_media":0,"parent":0,"menu_order":0,"comment_status":"closed","ping_status":"closed","template":"","meta":{"_links_to":"","_links_to_target":""},"_links":{"self":[{"href":"https:\/\/eclipsesoundscapes.org\/es\/wp-json\/wp\/v2\/pages\/89428"}],"collection":[{"href":"https:\/\/eclipsesoundscapes.org\/es\/wp-json\/wp\/v2\/pages"}],"about":[{"href":"https:\/\/eclipsesoundscapes.org\/es\/wp-json\/wp\/v2\/types\/page"}],"author":[{"embeddable":true,"href":"https:\/\/eclipsesoundscapes.org\/es\/wp-json\/wp\/v2\/users\/3"}],"replies":[{"embeddable":true,"href":"https:\/\/eclipsesoundscapes.org\/es\/wp-json\/wp\/v2\/comments?post=89428"}],"version-history":[{"count":26,"href":"https:\/\/eclipsesoundscapes.org\/es\/wp-json\/wp\/v2\/pages\/89428\/revisions"}],"predecessor-version":[{"id":90158,"href":"https:\/\/eclipsesoundscapes.org\/es\/wp-json\/wp\/v2\/pages\/89428\/revisions\/90158"}],"wp:attachment":[{"href":"https:\/\/eclipsesoundscapes.org\/es\/wp-json\/wp\/v2\/media?parent=89428"}],"curies":[{"name":"wp","href":"https:\/\/api.w.org\/{rel}","templated":true}]}}