{"id":89405,"date":"2024-01-12T16:10:23","date_gmt":"2024-01-12T21:10:23","guid":{"rendered":"https:\/\/eclipsesoundscapes.org\/apprentice-training-l5-seguridad-del-eclipse\/"},"modified":"2024-02-22T12:04:28","modified_gmt":"2024-02-22T17:04:28","slug":"apprentice-training-l5-seguridad-del-eclipse","status":"publish","type":"page","link":"https:\/\/eclipsesoundscapes.org\/es\/apprentice-training-l5-seguridad-del-eclipse\/","title":{"rendered":"Formaci\u00f3n de Aprendices L5 &#8211; Seguridad del eclipse"},"content":{"rendered":"<div class=\"wpb-content-wrapper\"><p>[vc_row][vc_column width=&#8221;1\/1&#8243;][vc_row_inner row_inner_height_percent=&#8221;0&#8243; back_color=&#8221;color-375760&#8243; overlay_alpha=&#8221;50&#8243; gutter_size=&#8221;3&#8243; shift_y=&#8221;0&#8243; z_index=&#8221;0&#8243; uncode_shortcode_id=&#8221;177453&#8243; back_color_type=&#8221;uncode-palette&#8221; limit_content=&#8221;&#8221;][vc_column_inner width=&#8221;1\/1&#8243;][vc_custom_heading heading_semantic=&#8221;h1&#8243; sub_reduced=&#8221;yes&#8221; uncode_shortcode_id=&#8221;188007&#8243;]<span style=\"font-weight: 400;\">Formaci\u00f3n de Aprendices de Eclipse Soundscapes<\/span>[\/vc_custom_heading][\/vc_column_inner][\/vc_row_inner][vc_row_inner limit_content=&#8221;&#8221;][vc_column_inner width=&#8221;3\/4&#8243;][vc_custom_heading text_size=&#8221;h3&#8243; text_height=&#8221;fontheight-193786&#8243; sub_reduced=&#8221;yes&#8221; uncode_shortcode_id=&#8221;742353&#8243;]<strong>Lecci\u00f3n 5<\/strong> &#8211; <span style=\"font-weight: 400;\">Seguridad del eclipse<\/span>[\/vc_custom_heading][vc_custom_heading text_size=&#8221;h5&#8243; text_height=&#8221;fontheight-193786&#8243; sub_reduced=&#8221;yes&#8221; uncode_shortcode_id=&#8221;778623&#8243;]<\/p>\n<p style=\"text-align: left;\"><a href=\"https:\/\/eclipsesoundscapes.org\/es\/apprentice-training-l4-maximo-de-eclipse-por-tipo-de-eclipse\/\"><strong>&lt;&lt;Previa<\/strong><\/a>\u00a0 \u00a0 Lesson 5 de 8\u00a0 \u00a0 \u00a0<a href=\"https:\/\/eclipsesoundscapes.org\/es\/apprentice-training-l6-como-afectan-los-eclipses-a-los-animales\/\"><strong>Pr\u00f3xima &gt;&gt;<\/strong><\/a><\/p>\n<p>[\/vc_custom_heading][\/vc_column_inner][vc_column_inner width=&#8221;1\/4&#8243;][vc_button button_color=&#8221;accent&#8221; size=&#8221;btn-xl&#8221; radius=&#8221;btn-round&#8221; border_width=&#8221;0&#8243; icon=&#8221;fa fa-home2&#8243; uncode_shortcode_id=&#8221;951761&#8243; link=&#8221;url:https%3A%2F%2Feclipsesoundscapes.org%2Fes%2Fpagina-de-inicio-del-aprendiz%2F|title:P%C3%A1gina%20de%20inicio%20del%20aprendiz|&#8221; button_color_type=&#8221;uncode-palette&#8221;]inicio del aprendiz[\/vc_button][\/vc_column_inner][\/vc_row_inner][vc_row_inner limit_content=&#8221;&#8221;][vc_column_inner width=&#8221;1\/4&#8243;][vc_single_image media=&#8221;86349&#8243; media_width_percent=&#8221;70&#8243; shape=&#8221;img-round&#8221; uncode_shortcode_id=&#8221;698673&#8243;][\/vc_column_inner][vc_column_inner width=&#8221;3\/4&#8243;][vc_column_text uncode_shortcode_id=&#8221;140151&#8243;]<span style=\"font-weight: 400;\">\u00a1La seguridad ocular es muy importante durante los eclipses solares! Las gafas de sol NO proteger\u00e1n tus ojos. Tampoco PUEDES mirar a trav\u00e9s de un telescopio o una c\u00e1mara sin un filtro solar especial. Si deseas mirar el Sol durante un eclipse solar, DEBES usar gafas especiales para eclipses o utilizar un visor de eclipses especial. Existe una diferencia de seguridad entre el eclipse solar total y todos los dem\u00e1s tipos de eclipses solares. \u00a1Sigue leyendo para conocer la diferencia y mantenerte a salvo!<\/span>[\/vc_column_text][\/vc_column_inner][\/vc_row_inner][vc_separator sep_color=&#8221;&#8221; uncode_shortcode_id=&#8221;899840&#8243; el_height=&#8221;2px&#8221;][vc_custom_heading heading_semantic=&#8221;h3&#8243; text_size=&#8221;h3&#8243; uncode_shortcode_id=&#8221;745775&#8243;]<b>Seguridad del eclipse solar anular (14 de octubre de 2023)<\/b>[\/vc_custom_heading][vc_row_inner limit_content=&#8221;&#8221;][vc_column_inner width=&#8221;1\/2&#8243;][vc_column_text uncode_shortcode_id=&#8221;755327&#8243;]<iframe title=\"YouTube video player\" data-src=\"https:\/\/www.youtube.com\/embed\/E32Dmj9p2Vo?si=bZrBbjIdUxwrGPX1&amp;end=34\" width=\"560\" height=\"315\" frameborder=\"0\" allowfullscreen=\"allowfullscreen\" src=\"data:image\/gif;base64,R0lGODlhAQABAAAAACH5BAEKAAEALAAAAAABAAEAAAICTAEAOw==\" class=\"lazyload\" data-load-mode=\"1\"><\/iframe>[\/vc_column_text][vc_message message_color=&#8221;color-210211&#8243; uncode_shortcode_id=&#8221;577275&#8243; message_color_type=&#8221;uncode-palette&#8221;]<span style=\"font-weight: 400;\"><strong>Duraci\u00f3n del v\u00eddeo<\/strong>: 0:00 &#8211; 0:34 de este v\u00eddeo se reproducir\u00e1n para esta lecci\u00f3n.<\/span>[\/vc_message][\/vc_column_inner][vc_column_inner width=&#8221;1\/2&#8243;][vc_column_text uncode_shortcode_id=&#8221;168631&#8243;]<span style=\"font-weight: 400;\">Si NO est\u00e1s en la trayectoria del eclipse el 14 de octubre de 2023 o el 8 de abril de 2024, experimentar\u00e1s un eclipse parcial. NO hay ning\u00fan momento en el que sea seguro mirar directamente al Sol sin usar gafas de eclipse o un filtro solar durante un eclipse solar parcial. NO PUEDES mirar el sol sin gafas de eclipse o un filtro solar. <\/span><span style=\"font-weight: 400;\">Debes asegurarte de tener gafas oficiales para eclipses o el filtro solar correcto.<\/span><\/p>\n<p class=\"tw-data-text tw-text-large tw-ta\" dir=\"ltr\" data-placeholder=\"Translation\" data-ved=\"2ahUKEwiVzOLS3NiDAxVeEVkFHWPvBD0Q3ewLegQICxAQ\"><span class=\"Y2IQFc\" lang=\"es\">Visite la Academia Estadounidense de Oftalmolog\u00eda para leer m\u00e1s sobre la seguridad de los eclipses &#8220;<\/span><a href=\"https:\/\/www.aao.org\/salud-ocular\/consejos\/proteccion-ocular-durante-un-eclipse-solar\" target=\"_blank\" rel=\"noopener\">El eclipse solar y la seguridad ocular<\/a>.&#8221;<\/p>\n<p>[\/vc_column_text][\/vc_column_inner][\/vc_row_inner][vc_separator sep_color=&#8221;&#8221; uncode_shortcode_id=&#8221;899840&#8243; el_height=&#8221;2px&#8221;][vc_custom_heading heading_semantic=&#8221;h3&#8243; text_size=&#8221;h3&#8243; uncode_shortcode_id=&#8221;165156&#8243;]<b>Seguridad total del eclipse solar (8 de abril de 2024)<\/b>[\/vc_custom_heading][vc_row_inner limit_content=&#8221;&#8221;][vc_column_inner width=&#8221;1\/2&#8243;][vc_column_text uncode_shortcode_id=&#8221;108928&#8243;]<iframe title=\"YouTube video player\" data-src=\"https:\/\/www.youtube.com\/embed\/Rvs1hT01b_Y?si=eEr7unPXE6wnTkj4&amp;start=71&amp;;end=183\" width=\"560\" height=\"315\" frameborder=\"0\" allowfullscreen=\"allowfullscreen\" src=\"data:image\/gif;base64,R0lGODlhAQABAAAAACH5BAEKAAEALAAAAAABAAEAAAICTAEAOw==\" class=\"lazyload\" data-load-mode=\"1\"><\/iframe>[\/vc_column_text][vc_message message_color=&#8221;color-210211&#8243; uncode_shortcode_id=&#8221;163590&#8243; message_color_type=&#8221;uncode-palette&#8221;]<span style=\"font-weight: 400;\"><strong>Duraci\u00f3n del v\u00eddeo<\/strong>: 1:11 &#8211; 3:03 de este v\u00eddeo se reproducir\u00e1n para esta lecci\u00f3n.<\/span>[\/vc_message][\/vc_column_inner][vc_column_inner width=&#8221;1\/2&#8243;][vc_column_text uncode_shortcode_id=&#8221;530382&#8243;]<span style=\"font-weight: 400;\">Un eclipse solar total tiene 5 fases. S\u00d3LO hay una fase en la que puedes quitarte las gafas de eclipse brevemente mientras miras al Sol. Durante la fase m\u00e1xima de un eclipse solar total, puedes quitarte las gafas de eclipse brevemente porque todo el Sol est\u00e1 bloqueado a la vista. La fase m\u00e1xima se llama totalidad. La totalidad es cuando la Luna bloquea por completo la brillante superficie del Sol. Esto sucede s\u00f3lo durante unos minutos durante un eclipse solar total.<\/span><\/p>\n<p><span class=\"Y2IQFc\" lang=\"es\">Visite la Academia Estadounidense de Oftalmolog\u00eda para leer m\u00e1s sobre la seguridad de los eclipses &#8220;<\/span><a href=\"https:\/\/www.aao.org\/salud-ocular\/consejos\/proteccion-ocular-durante-un-eclipse-solar\" target=\"_blank\" rel=\"noopener\">El eclipse solar y la seguridad ocular<\/a>.&#8221;[\/vc_column_text][\/vc_column_inner][\/vc_row_inner][vc_separator sep_color=&#8221;&#8221; uncode_shortcode_id=&#8221;899840&#8243; el_height=&#8221;2px&#8221;][vc_custom_heading heading_semantic=&#8221;h4&#8243; text_size=&#8221;h5&#8243; uncode_shortcode_id=&#8221;152803&#8243;]<b>Seguridad en eclipses solares parciales<\/b>[\/vc_custom_heading][vc_column_text uncode_shortcode_id=&#8221;238519&#8243;]<\/p>\n<p id=\"tw-target-text\" class=\"tw-data-text tw-text-large tw-ta\" dir=\"ltr\" data-placeholder=\"Translation\" data-ved=\"2ahUKEwiBg8vHo7-EAxX-K1kFHSmGCokQ3ewLegQIDBAU\"><span class=\"Y2IQFc\" lang=\"es\">Si NO est\u00e1s en la trayectoria del eclipse el 14 de octubre de 2023 o el 8 de abril de 2024, experimentar\u00e1s un eclipse parcial. NO hay ning\u00fan momento en el que sea seguro mirar directamente al Sol sin usar gafas de eclipse o un filtro solar durante un eclipse solar parcial. NO PUEDES mirar el sol sin gafas de eclipse o un filtro solar. <\/span><\/p>\n<p class=\"tw-data-text tw-text-large tw-ta\" dir=\"ltr\" data-placeholder=\"Translation\" data-ved=\"2ahUKEwiBg8vHo7-EAxX-K1kFHSmGCokQ3ewLegQIDBAU\"><span class=\"Y2IQFc\" lang=\"es\">Debes asegurarte de tener gafas oficiales para eclipses o el filtro solar correcto. Visite el sitio web de la Sociedad Astron\u00f3mica Estadounidense (<a href=\"https:\/\/eclipse.aas.org\/resources\/solar-filters\">American Astronomical Society website<\/a>) para obtener informaci\u00f3n actualizada y precisa sobre proveedores de lentes y filtros seguros para eclipses.<\/span><\/p>\n<p>[\/vc_column_text][\/vc_column][\/vc_row][vc_row][vc_column width=&#8221;1\/1&#8243;][vc_separator sep_color=&#8221;&#8221; uncode_shortcode_id=&#8221;389174&#8243; el_height=&#8221;6px&#8221;][vc_row_inner limit_content=&#8221;&#8221;][vc_column_inner width=&#8221;1\/2&#8243;][vc_custom_heading heading_semantic=&#8221;h3&#8243; text_size=&#8221;h3&#8243; uncode_shortcode_id=&#8221;112938&#8243;]<strong>Vocabulario<\/strong>[\/vc_custom_heading][vc_column_text uncode_shortcode_id=&#8221;211145&#8243;]<b>eclipse anular<\/b><span style=\"font-weight: 400;\"> &#8211; cuando la Luna pasa directamente frente al Sol, pero parece demasiado peque\u00f1a para cubrir completamente el Sol.<\/span><\/p>\n<p><b>eclipse solar total<\/b><span style=\"font-weight: 400;\"> &#8211; cuando la Luna pasa directamente frente al Sol bloqueando completamente la vista del Sol.<\/span><\/p>\n<p><b>eclipse solar parcial<\/b><span style=\"font-weight: 400;\"> &#8211; cuando la Luna pasa frente al Sol descentrada y solo bloquea una parte del Sol, haciendo que el Sol parezca un creciente<\/span><\/p>\n<p><b>fase m\u00e1xima<\/b><span style=\"font-weight: 400;\"> &#8211; Fase de un eclipse en la que la Luna bloquea la mayor cantidad posible de Sol de la vista.<\/span><\/p>\n<p><b>filtro solar<\/b><span style=\"font-weight: 400;\"> &#8211; un filtro agregado a una c\u00e1mara o telescopio que bloquea la mayor parte de la luz del Sol para permitir al usuario mirar el Sol de manera segura<\/span>[\/vc_column_text][\/vc_column_inner][vc_column_inner width=&#8221;1\/2&#8243;][vc_custom_heading heading_semantic=&#8221;h3&#8243; text_size=&#8221;h3&#8243; uncode_shortcode_id=&#8221;713116&#8243;]<strong>Discusi\u00f3n \/ Notas<\/strong>[\/vc_custom_heading][vc_column_text uncode_shortcode_id=&#8221;418233&#8243;]<strong>Escribe, dibuja o discute verbalmente las respuestas a lo siguiente:<\/strong><\/p>\n<ul>\n<li><span style=\"font-weight: 400;\">\u00bfDurante qu\u00e9 fase de un eclipse solar total est\u00e1 bien quitarse las gafas de eclipse?<\/span><\/li>\n<li>\u00bfAlguna vez es seguro quitarse las gafas durante un eclipse anular?<\/li>\n<li>\u00bfAlguna vez es seguro quitarse las gafas durante un eclipse solar parcial?<\/li>\n<li>\u00bfQui\u00e9n experimentar\u00e1 un eclipse parcial el 8 de abril de 2024?<\/li>\n<\/ul>\n<p>[\/vc_column_text][\/vc_column_inner][\/vc_row_inner][vc_row_inner limit_content=&#8221;&#8221;][vc_column_inner width=&#8221;1\/1&#8243;][vc_separator sep_color=&#8221;&#8221; uncode_shortcode_id=&#8221;130898&#8243; el_height=&#8221;6px&#8221;][vc_custom_heading heading_semantic=&#8221;h3&#8243; text_size=&#8221;h3&#8243; uncode_shortcode_id=&#8221;183103&#8243;]<strong>Actividad Adicional<\/strong>[\/vc_custom_heading][vc_custom_heading heading_semantic=&#8221;h4&#8243; text_size=&#8221;h4&#8243; uncode_shortcode_id=&#8221;204714&#8243;]<\/p>\n<p id=\"tw-target-text\" class=\"tw-data-text tw-text-large tw-ta\" dir=\"ltr\" data-placeholder=\"Translation\" data-ved=\"2ahUKEwiVzOLS3NiDAxVeEVkFHWPvBD0Q3ewLegQICxAQ\"><span style=\"font-weight: 400;\">Hacer un Proyector Estenopeico<\/span><\/p>\n<p>[\/vc_custom_heading][\/vc_column_inner][\/vc_row_inner][vc_row_inner limit_content=&#8221;&#8221;][vc_column_inner width=&#8221;1\/5&#8243;][vc_single_image media=&#8221;88041&#8243; media_width_percent=&#8221;10&#8243; uncode_shortcode_id=&#8221;100868&#8243;][\/vc_column_inner][vc_column_inner width=&#8221;4\/5&#8243;][vc_column_text uncode_shortcode_id=&#8221;190069&#8243;]<img class=\"alignright lazyload\" data-src=\"https:\/\/ciencia.nasa.gov\/_ipx\/animated_true&amp;w_2048&amp;f_webp\/https:\/\/smd-cms.nasa.gov\/ciencia\/wp-content\/uploads\/sites\/2\/2023\/06\/3-5697-pinhole-projector-jpeg.webp%3Fw=500\" alt=\"Proyector Estenpeico\" src=\"data:image\/gif;base64,R0lGODlhAQABAAAAACH5BAEKAAEALAAAAAABAAEAAAICTAEAOw==\" \/><noscript><img class=\"alignright\" src=\"https:\/\/ciencia.nasa.gov\/_ipx\/animated_true&amp;w_2048&amp;f_webp\/https:\/\/smd-cms.nasa.gov\/ciencia\/wp-content\/uploads\/sites\/2\/2023\/06\/3-5697-pinhole-projector-jpeg.webp%3Fw=500\" alt=\"Proyector Estenpeico\" \/><\/noscript><\/p>\n<div class=\"hds-caption-text p-sm margin-0\">Puedes hacer tu propio proyector de eclipses usando una caja de cart\u00f3n, una hoja blanca de papel, cinta adhesiva, tijeras y papel de aluminio. Con el Sol detr\u00e1s de ti, la luz solar pasar\u00e1 a trav\u00e9s de un agujero perforado en el papel de aluminio pegado sobre un agujero a un costado de la caja. Durante las fases parciales de un eclipse solar, esto proyectar\u00e1 un Sol en forma de media luna sobre una hoja blanca de papel pegada al interior de la caja. Mira dentro la caja a trav\u00e9s de otro agujero cortado en la caja para ver la imagen proyectada. (<span style=\"font-weight: 400;\">Referencia<\/span>: <strong><a href=\"https:\/\/ciencia.nasa.gov\/sistema-solar\/seguridad-eclipse-anular\/\" target=\"_blank\" rel=\"noopener\">NASA<\/a>)\u00a0<\/strong><\/div>\n<p>[\/vc_column_text][\/vc_column_inner][\/vc_row_inner][vc_custom_heading text_size=&#8221;h5&#8243; text_height=&#8221;fontheight-193786&#8243; sub_reduced=&#8221;yes&#8221; uncode_shortcode_id=&#8221;202594&#8243;]<\/p>\n<p style=\"text-align: left;\"><a href=\"https:\/\/eclipsesoundscapes.org\/es\/apprentice-training-l4-maximo-de-eclipse-por-tipo-de-eclipse\/\"><strong>&lt;&lt;Previa<\/strong><\/a>\u00a0 \u00a0 Lesson 5 de 8\u00a0 \u00a0 \u00a0<a href=\"https:\/\/eclipsesoundscapes.org\/es\/apprentice-training-l6-como-afectan-los-eclipses-a-los-animales\/\"><strong>Pr\u00f3xima &gt;&gt;<\/strong><\/a><\/p>\n<p>[\/vc_custom_heading][\/vc_column][\/vc_row]<\/p>\n<\/div>","protected":false},"excerpt":{"rendered":"<p>[vc_row][vc_column width=&#8221;1\/1&#8243;][vc_row_inner row_inner_height_percent=&#8221;0&#8243; back_color=&#8221;color-375760&#8243; overlay_alpha=&#8221;50&#8243; gutter_size=&#8221;3&#8243; shift_y=&#8221;0&#8243; z_index=&#8221;0&#8243; uncode_shortcode_id=&#8221;177453&#8243; back_color_type=&#8221;uncode-palette&#8221; limit_content=&#8221;&#8221;][vc_column_inner width=&#8221;1\/1&#8243;][vc_custom_heading heading_semantic=&#8221;h1&#8243; sub_reduced=&#8221;yes&#8221; uncode_shortcode_id=&#8221;188007&#8243;]Formaci\u00f3n de Aprendices de Eclipse Soundscapes[\/vc_custom_heading][\/vc_column_inner][\/vc_row_inner][vc_row_inner [&hellip;]<\/p>\n","protected":false},"author":3,"featured_media":0,"parent":0,"menu_order":0,"comment_status":"closed","ping_status":"closed","template":"","meta":{"_links_to":"","_links_to_target":""},"_links":{"self":[{"href":"https:\/\/eclipsesoundscapes.org\/es\/wp-json\/wp\/v2\/pages\/89405"}],"collection":[{"href":"https:\/\/eclipsesoundscapes.org\/es\/wp-json\/wp\/v2\/pages"}],"about":[{"href":"https:\/\/eclipsesoundscapes.org\/es\/wp-json\/wp\/v2\/types\/page"}],"author":[{"embeddable":true,"href":"https:\/\/eclipsesoundscapes.org\/es\/wp-json\/wp\/v2\/users\/3"}],"replies":[{"embeddable":true,"href":"https:\/\/eclipsesoundscapes.org\/es\/wp-json\/wp\/v2\/comments?post=89405"}],"version-history":[{"count":85,"href":"https:\/\/eclipsesoundscapes.org\/es\/wp-json\/wp\/v2\/pages\/89405\/revisions"}],"predecessor-version":[{"id":89700,"href":"https:\/\/eclipsesoundscapes.org\/es\/wp-json\/wp\/v2\/pages\/89405\/revisions\/89700"}],"wp:attachment":[{"href":"https:\/\/eclipsesoundscapes.org\/es\/wp-json\/wp\/v2\/media?parent=89405"}],"curies":[{"name":"wp","href":"https:\/\/api.w.org\/{rel}","templated":true}]}}