{"id":89368,"date":"2024-01-11T13:19:58","date_gmt":"2024-01-11T18:19:58","guid":{"rendered":"https:\/\/eclipsesoundscapes.org\/apprentice-training-l4-maximo-de-eclipse-por-tipo-de-eclipse\/"},"modified":"2024-03-07T10:39:48","modified_gmt":"2024-03-07T15:39:48","slug":"apprentice-training-l4-maximo-de-eclipse-por-tipo-de-eclipse","status":"publish","type":"page","link":"https:\/\/eclipsesoundscapes.org\/es\/apprentice-training-l4-maximo-de-eclipse-por-tipo-de-eclipse\/","title":{"rendered":"Formaci\u00f3n de Aprendices L4 &#8211; M\u00e1ximo de Eclipse por Tipo de Eclipse"},"content":{"rendered":"<div class=\"wpb-content-wrapper\"><p>[vc_row][vc_column width=&#8221;1\/1&#8243;][vc_row_inner row_inner_height_percent=&#8221;0&#8243; back_color=&#8221;color-375760&#8243; overlay_alpha=&#8221;50&#8243; gutter_size=&#8221;3&#8243; shift_y=&#8221;0&#8243; z_index=&#8221;0&#8243; uncode_shortcode_id=&#8221;177453&#8243; back_color_type=&#8221;uncode-palette&#8221; limit_content=&#8221;&#8221;][vc_column_inner width=&#8221;1\/1&#8243;][vc_custom_heading heading_semantic=&#8221;h1&#8243; sub_reduced=&#8221;yes&#8221; uncode_shortcode_id=&#8221;950601&#8243;]<span style=\"font-weight: 400;\">Formaci\u00f3n de Aprendices de Eclipse Soundscapes<\/span>[\/vc_custom_heading][\/vc_column_inner][\/vc_row_inner][vc_row_inner limit_content=&#8221;&#8221;][vc_column_inner width=&#8221;3\/4&#8243;][vc_custom_heading text_size=&#8221;h3&#8243; uncode_shortcode_id=&#8221;765147&#8243;]<span style=\"font-weight: 400;\"><strong>Lecci\u00f3n 4<\/strong> &#8211; M\u00e1ximo de Eclipse por Tipo de Eclipse<\/span>[\/vc_custom_heading][vc_custom_heading text_size=&#8221;h5&#8243; uncode_shortcode_id=&#8221;202107&#8243;]<strong><a href=\"https:\/\/eclipsesoundscapes.org\/es\/apprentice-training-l3-los-4-tipos-de-eclipses-solares\/\">&lt;&lt;Previa<\/a><\/strong> <span style=\"font-weight: 400;\">Lecci\u00f3n 4 de 8 <strong><a href=\"https:\/\/eclipsesoundscapes.org\/es\/apprentice-training-l5-seguridad-del-eclipse\/\">Pr\u00f3xima&gt;&gt;<\/a><\/strong><\/span>[\/vc_custom_heading][\/vc_column_inner][vc_column_inner width=&#8221;1\/4&#8243;][vc_button button_color=&#8221;accent&#8221; size=&#8221;btn-xl&#8221; radius=&#8221;btn-round&#8221; border_width=&#8221;0&#8243; icon=&#8221;fa fa-home2&#8243; uncode_shortcode_id=&#8221;551205&#8243; link=&#8221;url:https%3A%2F%2Feclipsesoundscapes.org%2Fes%2Fpagina-de-inicio-del-aprendiz%2F|title:P%C3%A1gina%20de%20inicio%20del%20aprendiz|&#8221; button_color_type=&#8221;uncode-palette&#8221;]inicio del aprendiz[\/vc_button][\/vc_column_inner][\/vc_row_inner][vc_row_inner limit_content=&#8221;&#8221;][vc_column_inner width=&#8221;1\/2&#8243;][vc_column_text uncode_shortcode_id=&#8221;189330&#8243;]<iframe title=\"YouTube video player\" data-src=\"https:\/\/www.youtube.com\/embed\/Rvs1hT01b_Y?si=7c7NLbEJS-7hjXX9&amp;start=43&#038;;end=70\" width=\"560\" height=\"415\" frameborder=\"0\" allowfullscreen=\"allowfullscreen\" src=\"data:image\/gif;base64,R0lGODlhAQABAAAAACH5BAEKAAEALAAAAAABAAEAAAICTAEAOw==\" class=\"lazyload\" data-load-mode=\"1\"><\/iframe>[\/vc_column_text][vc_message message_color=&#8221;color-210211&#8243; uncode_shortcode_id=&#8221;673169&#8243; message_color_type=&#8221;uncode-palette&#8221;]<span style=\"font-weight: 400;\"><strong>Duraci\u00f3n del v\u00eddeo<\/strong>: 0:43-1:10 de este v\u00eddeo se reproducir\u00e1n para esta lecci\u00f3n.<\/span>[\/vc_message][\/vc_column_inner][vc_column_inner width=&#8221;1\/2&#8243;][vc_column_text uncode_shortcode_id=&#8221;118728&#8243;]<span style=\"font-weight: 400;\">\u00a1Se producir\u00e1n dos eclipses solares diferentes en los Estados Unidos en 2023 y 2024! Hubo un <strong>eclipse anular<\/strong> el 14 de octubre de 2023 y habr\u00e1 un <strong>eclipse solar total<\/strong> el 8 de abril de 2024. Debido a que estos son diferentes tipos de eclipses solares, lo que experimentar\u00e1s ser\u00e1 un poco diferente.<\/span>[\/vc_column_text][\/vc_column_inner][\/vc_row_inner][\/vc_column][\/vc_row][vc_row][vc_column width=&#8221;1\/1&#8243;][vc_separator sep_color=&#8221;&#8221; uncode_shortcode_id=&#8221;169925&#8243; el_height=&#8221;2px&#8221;][vc_custom_heading heading_semantic=&#8221;h3&#8243; text_size=&#8221;h3&#8243; uncode_shortcode_id=&#8221;162673&#8243;]<b>ECLIPSE ANULAR (Anillo de Fuego)<\/b>[\/vc_custom_heading][\/vc_column][\/vc_row][vc_row][vc_column width=&#8221;1\/4&#8243;][vc_single_image media=&#8221;89694&#8243; caption=&#8221;yes&#8221; media_width_percent=&#8221;70&#8243; uncode_shortcode_id=&#8221;157943&#8243;][\/vc_column][vc_column width=&#8221;3\/4&#8243;][vc_custom_heading heading_semantic=&#8221;h4&#8243; text_size=&#8221;h4&#8243; uncode_shortcode_id=&#8221;569901&#8243;]<span style=\"font-weight: 400;\">Fase M\u00e1xima &#8211; Anularidad (El Anillo de Fuego)<\/span>[\/vc_custom_heading][vc_column_text uncode_shortcode_id=&#8221;271487&#8243;]<span style=\"font-weight: 400;\">La <\/span><b>fase m\u00e1xima<\/b><span style=\"font-weight: 400;\"> del eclipse anular es la <\/span><b>anularidad<\/b><span style=\"font-weight: 400;\">. La anularidad es cuando la Luna bloquea la vista del centro del Sol. Los eclipses pueden durar horas, pero la anularidad s\u00f3lo dura menos de un minuto o hasta doce minutos. Durante la anularidad, la Luna bloquea la vista del centro del Sol. Esto hace que el Sol parezca un &#8220;anillo de fuego&#8221;. Los eclipses anulares a menudo se denominan eclipses de &#8220;anillo de fuego&#8221;. Si deseas observar la anularidad, DEBES proteger tus ojos con gafas especiales para eclipses porque no todos los poderosos rayos del Sol est\u00e1n bloqueados.<\/span>[\/vc_column_text][\/vc_column][\/vc_row][vc_row][vc_column width=&#8221;1\/1&#8243;][vc_separator sep_color=&#8221;&#8221; uncode_shortcode_id=&#8221;169925&#8243; el_height=&#8221;2px&#8221;][vc_custom_heading heading_semantic=&#8221;h3&#8243; text_size=&#8221;h3&#8243; uncode_shortcode_id=&#8221;922616&#8243;]<\/p>\n<h3>ECLIPSE SOLAR TOTAL<\/h3>\n<p>[\/vc_custom_heading][\/vc_column][\/vc_row][vc_row][vc_column width=&#8221;1\/4&#8243;][vc_single_image media=&#8221;89697&#8243; caption=&#8221;yes&#8221; media_width_percent=&#8221;100&#8243; uncode_shortcode_id=&#8221;143009&#8243;][\/vc_column][vc_column width=&#8221;3\/4&#8243;][vc_custom_heading heading_semantic=&#8221;h4&#8243; text_size=&#8221;h4&#8243; uncode_shortcode_id=&#8221;487017&#8243;]<span style=\"font-weight: 400;\">Fase M\u00e1xima &#8211; Totalidad<\/span>[\/vc_custom_heading][vc_column_text uncode_shortcode_id=&#8221;179935&#8243;]<span style=\"font-weight: 400;\">La fase m\u00e1xima del eclipse solar total es la <\/span><b>totalidad<\/b><span style=\"font-weight: 400;\">. La totalidad es cuando la Luna bloquea todo el Sol. Los eclipses pueden durar horas, pero la totalidad s\u00f3lo dura entre 1 y 7 minutos. Como la Luna bloquea todo el Sol, se puede ver la brillante atm\u00f3sfera exterior del Sol llamada corona, que normalmente no es visible. La brillante corona del Sol parece suaves p\u00e9talos de flores que rodean la Luna. El breve per\u00edodo de\u00a0 totalidad es el \u00daNICO\u00a0 en el que puedes mirar el Sol sin gafas especiales para eclipses porque todos los poderosos rayos del Sol est\u00e1n completamente bloqueados.<\/span>[\/vc_column_text][\/vc_column][\/vc_row][vc_row][vc_column width=&#8221;1\/1&#8243;][vc_separator sep_color=&#8221;&#8221; uncode_shortcode_id=&#8221;169925&#8243; el_height=&#8221;2px&#8221;][vc_custom_heading heading_semantic=&#8221;h4&#8243; text_size=&#8221;h3&#8243; uncode_shortcode_id=&#8221;205248&#8243;]<b>Seguridad en eclipses solares anulares y totales<\/b>[\/vc_custom_heading][vc_column_text uncode_shortcode_id=&#8221;192541&#8243;]<span style=\"font-weight: 400;\">Tanto para eclipses anulares como totales, recuerda proteger tus ojos usando gafas para eclipses o un filtro solar. Ve a <a href=\"https:\/\/eclipsesoundscapes.org\/resources\/\">Recursos de seguridad de Eclipse<\/a> para obtener m\u00e1s informaci\u00f3n sobre seguridad de Eclipse y aseg\u00farate de revisar tambi\u00e9n la <a href=\"https:\/\/eclipsesoundscapes.org\/es\/apprentice-training-l5-seguridad-del-eclipse\/\">Lecci\u00f3n de seguridad<\/a> para aprendices de Eclipse.<\/span>[\/vc_column_text][vc_separator sep_color=&#8221;&#8221; uncode_shortcode_id=&#8221;389174&#8243; el_height=&#8221;6px&#8221;][vc_row_inner limit_content=&#8221;&#8221;][vc_column_inner width=&#8221;1\/2&#8243;][vc_custom_heading heading_semantic=&#8221;h3&#8243; text_size=&#8221;h3&#8243; uncode_shortcode_id=&#8221;112938&#8243;]<span style=\"font-weight: 400;\">Vocabulario<\/span>[\/vc_custom_heading][vc_column_text uncode_shortcode_id=&#8221;759151&#8243;]<b>eclipse anular<\/b><span style=\"font-weight: 400;\"> &#8211; cuando la Luna pasa directamente frente al Sol, pero parece demasiado peque\u00f1a para cubrir completamente el Sol.<\/span><\/p>\n<p><b>eclipse solar total<\/b><span style=\"font-weight: 400;\"> &#8211; cuando la Luna pasa directamente frente al Sol bloqueando completamente la vista del Sol.<\/span><\/p>\n<p><b>anularidad (Anillo de Fuego)<\/b><span style=\"font-weight: 400;\"> &#8211; cuando la Luna bloquea solo el centro del Sol, dejando un anillo de luz visible durante un eclipse anular. La anularidad es la fase m\u00e1xima de un eclipse solar anular.<\/span><\/p>\n<p><b>fase m\u00e1xima<\/b><span style=\"font-weight: 400;\"> &#8211; Fase de un eclipse en la que la Luna bloquea la mayor cantidad posible de Sol de la vista.<\/span><br \/>\n<b><br \/>\nTotalidad<\/b><span style=\"font-weight: 400;\"> &#8211; la fase m\u00e1xima de un eclipse solar total. cuando el Sol est\u00e1 completamente cubierto por la Luna.<\/span>[\/vc_column_text][\/vc_column_inner][vc_column_inner width=&#8221;1\/2&#8243;][vc_custom_heading heading_semantic=&#8221;h3&#8243; text_size=&#8221;h3&#8243; uncode_shortcode_id=&#8221;713116&#8243;]<span style=\"font-weight: 400;\">Discusi\u00f3n \/ Notas<\/span>[\/vc_custom_heading][vc_column_text uncode_shortcode_id=&#8221;208876&#8243;]<strong>Escribe, dibuja o discute verbalmente las respuestas a lo siguiente:<\/strong><\/p>\n<ul>\n<li><span style=\"font-weight: 400;\">\u00bfQu\u00e9 es la anularidad?<\/span><\/li>\n<li>\u00bfQu\u00e9 sabes sobre la seguridad del eclipse anular?<\/li>\n<li>\u00bfQu\u00e9 es la totalidad?<\/li>\n<li>\u00bfQu\u00e9 sabes sobre la seguridad del eclipse solar total?<\/li>\n<\/ul>\n<p>[\/vc_column_text][\/vc_column_inner][\/vc_row_inner][vc_custom_heading text_size=&#8221;h5&#8243; uncode_shortcode_id=&#8221;119912&#8243;]<\/p>\n<p style=\"text-align: left;\"><a href=\"https:\/\/eclipsesoundscapes.org\/es\/apprentice-training-l3-los-4-tipos-de-eclipses-solares\/\"><strong>&lt;&lt;Previous<\/strong><\/a>\u00a0 \u00a0 Lesson 4 of 8\u00a0 \u00a0 <a href=\"https:\/\/eclipsesoundscapes.org\/es\/apprentice-training-l6-como-afectan-los-eclipses-a-los-animales\/\"><strong>Next &gt;&gt;<\/strong><\/a><\/p>\n<p>[\/vc_custom_heading][\/vc_column][\/vc_row]<\/p>\n<\/div>","protected":false},"excerpt":{"rendered":"<p>[vc_row][vc_column width=&#8221;1\/1&#8243;][vc_row_inner row_inner_height_percent=&#8221;0&#8243; back_color=&#8221;color-375760&#8243; overlay_alpha=&#8221;50&#8243; gutter_size=&#8221;3&#8243; shift_y=&#8221;0&#8243; z_index=&#8221;0&#8243; uncode_shortcode_id=&#8221;177453&#8243; back_color_type=&#8221;uncode-palette&#8221; limit_content=&#8221;&#8221;][vc_column_inner width=&#8221;1\/1&#8243;][vc_custom_heading heading_semantic=&#8221;h1&#8243; sub_reduced=&#8221;yes&#8221; uncode_shortcode_id=&#8221;950601&#8243;]Formaci\u00f3n de Aprendices de Eclipse Soundscapes[\/vc_custom_heading][\/vc_column_inner][\/vc_row_inner][vc_row_inner [&hellip;]<\/p>\n","protected":false},"author":3,"featured_media":0,"parent":0,"menu_order":0,"comment_status":"closed","ping_status":"closed","template":"","meta":{"_links_to":"","_links_to_target":""},"_links":{"self":[{"href":"https:\/\/eclipsesoundscapes.org\/es\/wp-json\/wp\/v2\/pages\/89368"}],"collection":[{"href":"https:\/\/eclipsesoundscapes.org\/es\/wp-json\/wp\/v2\/pages"}],"about":[{"href":"https:\/\/eclipsesoundscapes.org\/es\/wp-json\/wp\/v2\/types\/page"}],"author":[{"embeddable":true,"href":"https:\/\/eclipsesoundscapes.org\/es\/wp-json\/wp\/v2\/users\/3"}],"replies":[{"embeddable":true,"href":"https:\/\/eclipsesoundscapes.org\/es\/wp-json\/wp\/v2\/comments?post=89368"}],"version-history":[{"count":42,"href":"https:\/\/eclipsesoundscapes.org\/es\/wp-json\/wp\/v2\/pages\/89368\/revisions"}],"predecessor-version":[{"id":90291,"href":"https:\/\/eclipsesoundscapes.org\/es\/wp-json\/wp\/v2\/pages\/89368\/revisions\/90291"}],"wp:attachment":[{"href":"https:\/\/eclipsesoundscapes.org\/es\/wp-json\/wp\/v2\/media?parent=89368"}],"curies":[{"name":"wp","href":"https:\/\/api.w.org\/{rel}","templated":true}]}}