{"id":89352,"date":"2024-01-04T13:37:16","date_gmt":"2024-01-04T18:37:16","guid":{"rendered":"https:\/\/eclipsesoundscapes.org\/apprentice-training-l3-los-4-tipos-de-eclipses-solares\/"},"modified":"2024-03-07T10:33:21","modified_gmt":"2024-03-07T15:33:21","slug":"apprentice-training-l3-los-4-tipos-de-eclipses-solares","status":"publish","type":"page","link":"https:\/\/eclipsesoundscapes.org\/es\/apprentice-training-l3-los-4-tipos-de-eclipses-solares\/","title":{"rendered":"Formaci\u00f3n de Aprendices L3 &#8211; Los 4 Tipos de Eclipses Solares"},"content":{"rendered":"<div class=\"wpb-content-wrapper\"><p>[vc_row][vc_column width=&#8221;1\/1&#8243;][vc_row_inner row_inner_height_percent=&#8221;0&#8243; back_color=&#8221;color-375760&#8243; overlay_alpha=&#8221;50&#8243; gutter_size=&#8221;3&#8243; shift_y=&#8221;0&#8243; z_index=&#8221;0&#8243; uncode_shortcode_id=&#8221;177453&#8243; back_color_type=&#8221;uncode-palette&#8221; limit_content=&#8221;&#8221;][vc_column_inner width=&#8221;1\/1&#8243;][vc_custom_heading heading_semantic=&#8221;h1&#8243; sub_reduced=&#8221;yes&#8221; uncode_shortcode_id=&#8221;165179&#8243;]<span style=\"font-weight: 400;\">Formaci\u00f3n de Aprendices de Eclipse Soundscapes<\/span>[\/vc_custom_heading][\/vc_column_inner][\/vc_row_inner][vc_row_inner limit_content=&#8221;&#8221;][vc_column_inner width=&#8221;3\/4&#8243;][vc_custom_heading text_size=&#8221;h3&#8243; uncode_shortcode_id=&#8221;117062&#8243;]<span style=\"font-weight: 400;\"><strong>Lecci\u00f3n 3<\/strong> &#8211; Los 4 tipos de eclipses solares<\/span>[\/vc_custom_heading][vc_custom_heading text_size=&#8221;h5&#8243; uncode_shortcode_id=&#8221;134598&#8243;]<strong><a href=\"https:\/\/eclipsesoundscapes.org\/es\/apprentice-training-l2-por-que-ocurren-los-eclipses-solares\/\">&lt;&lt;Previa<\/a><\/strong> \u00a0<span style=\"font-weight: 400;\"><strong>Lecci\u00f3n 3 de 8\u00a0<\/strong> <strong><a href=\"https:\/\/eclipsesoundscapes.org\/es\/apprentice-training-l4-maximo-de-eclipse-por-tipo-de-eclipse\/\">Pr\u00f3xima&gt;&gt;<\/a><\/strong><\/span>[\/vc_custom_heading][\/vc_column_inner][vc_column_inner width=&#8221;1\/4&#8243;][vc_button button_color=&#8221;accent&#8221; size=&#8221;btn-xl&#8221; radius=&#8221;btn-round&#8221; border_width=&#8221;0&#8243; icon=&#8221;fa fa-home2&#8243; uncode_shortcode_id=&#8221;118455&#8243; link=&#8221;url:https%3A%2F%2Feclipsesoundscapes.org%2Fes%2Fpagina-de-inicio-del-aprendiz%2F|title:P%C3%A1gina%20de%20inicio%20del%20aprendiz|&#8221; button_color_type=&#8221;uncode-palette&#8221;]inicio del aprendiz[\/vc_button][\/vc_column_inner][\/vc_row_inner][vc_row_inner limit_content=&#8221;&#8221;][vc_column_inner width=&#8221;1\/2&#8243;][vc_column_text uncode_shortcode_id=&#8221;203612&#8243;]<iframe width=\"560\" height=\"415\" data-src=\"https:\/\/www.youtube.com\/embed\/cGMKG1zJuKE?si=8byrA-DfmeChnUzq&amp;start=114&amp;end=207\" title=\"YouTube video player\" frameborder=\"0\" allow=\"accelerometer; autoplay; clipboard-write; encrypted-media; gyroscope; picture-in-picture; web-share\" allowfullscreen src=\"data:image\/gif;base64,R0lGODlhAQABAAAAACH5BAEKAAEALAAAAAABAAEAAAICTAEAOw==\" class=\"lazyload\" data-load-mode=\"1\"><\/iframe>[\/vc_column_text][vc_message message_color=&#8221;color-210211&#8243; uncode_shortcode_id=&#8221;161975&#8243; message_color_type=&#8221;uncode-palette&#8221;]<span style=\"font-weight: 400;\"><strong>Duraci\u00f3n del v\u00eddeo<\/strong>: 1:54-3:27 de este v\u00eddeo se reproducir\u00e1n para esta lecci\u00f3n.<\/span>[\/vc_message][\/vc_column_inner][vc_column_inner width=&#8221;1\/2&#8243;][vc_column_text uncode_shortcode_id=&#8221;387927&#8243;]<span style=\"font-weight: 400;\">Hay 4 tipos de eclipses solares:<\/span><\/p>\n<ul>\n<li style=\"font-weight: 400;\" aria-level=\"1\"><span style=\"font-weight: 400;\">Eclipse solar total<\/span><\/li>\n<li style=\"font-weight: 400;\" aria-level=\"1\"><span style=\"font-weight: 400;\">Eclipse solar parcial<\/span><\/li>\n<li style=\"font-weight: 400;\" aria-level=\"1\"><span style=\"font-weight: 400;\">Eclipse anular<\/span><\/li>\n<li style=\"font-weight: 400;\" aria-level=\"1\"><span style=\"font-weight: 400;\">Eclipse h\u00edbrido<\/span><\/li>\n<\/ul>\n<p><span style=\"font-weight: 400;\"><strong>DATO CURIOSO<\/strong>: Los eclipses solares totales ocurren cada uno o dos a\u00f1os, pero no en el mismo lugar de la Tierra cada vez (Referencia <\/span><a href=\"https:\/\/sunearthday.nasa.gov\/2006\/faq.php\"><span style=\"font-weight: 400;\">NASA<\/span><\/a><span style=\"font-weight: 400;\">). \u00a1As\u00ed que es un evento emocionante cuando ocurre un eclipse solar donde t\u00fa est\u00e1s!<\/span>[\/vc_column_text][\/vc_column_inner][\/vc_row_inner][\/vc_column][\/vc_row][vc_row][vc_column width=&#8221;1\/1&#8243;][vc_custom_heading heading_semantic=&#8221;h3&#8243; text_size=&#8221;h3&#8243; uncode_shortcode_id=&#8221;139895&#8243;]<b>Eclipse Solar Total<\/b>[\/vc_custom_heading][vc_column_text uncode_shortcode_id=&#8221;221748&#8243;]<span style=\"font-weight: 400;\">Un <strong>eclipse solar total<\/strong> ocurre cuando la Luna bloquea completamente la vista del Sol durante un breve per\u00edodo de tiempo. Esto crea una sombra en la Tierra. Solo se puede experimentar un eclipse solar total si est\u00e1s ubicado en un lugar de la Tierra <\/span><span style=\"font-weight: 400;\">donde se produce la sombra m\u00e1s oscura de la Luna, conocida como <strong>sombra umbral<\/strong>.\u00a0<\/span><span style=\"font-weight: 400;\">\u00a0<\/span>[\/vc_column_text][vc_custom_heading heading_semantic=&#8221;h3&#8243; text_size=&#8221;h3&#8243; uncode_shortcode_id=&#8221;194456&#8243;]<b>Eclipse Solar Parcial<\/b>[\/vc_custom_heading][vc_column_text uncode_shortcode_id=&#8221;636735&#8243;]<span style=\"font-weight: 400;\">Un eclipse solar parcial ocurre cuando la Luna pasa casi directamente entre el Sol y la Tierra pero no bloquea la vista por completo del Sol. Un eclipse parcial ocurre cuando est\u00e1s cerca, pero no en la trayectoria del eclipse para un eclipse anular o un eclipse solar total. El Sol y la Luna no est\u00e1n perfectamente alineados desde ese lugar de la Tierra. En ese lugar no est\u00e1s en la sombra m\u00e1s oscura. Durante un eclipse parcial te encuentras en la <\/span><b>sombra penumbral<\/b><span style=\"font-weight: 400;\"> m\u00e1s clara. Si est\u00e1s situado en la sombra penumbral, mirando al Sol, la Luna pasar\u00e1 por delante del Sol descentrada, sin cubrir nunca completamente su superficie.<\/span>[\/vc_column_text][vc_custom_heading heading_semantic=&#8221;h3&#8243; text_size=&#8221;h3&#8243; uncode_shortcode_id=&#8221;198746&#8243;]<b>Eclipse Solar Anular<\/b>[\/vc_custom_heading][vc_column_text uncode_shortcode_id=&#8221;189695&#8243;]<span style=\"font-weight: 400;\">Un eclipse anular ocurre cuando la Luna pasa directamente frente al Sol, pero la Luna parece ser demasiado peque\u00f1a para bloquear completamente el Sol. Un eclipse anular ocurre cuando la Luna est\u00e1 m\u00e1s alejada de la Tierra. Los eclipses anulares a menudo se denominan eclipses de \u201canillo de fuego\u201d porque el borde exterior de la luz del Sol a\u00fan es visible. Esto hace que el Sol parezca un anillo brillante. Durante un eclipse anular, la umbra o sombra oscura de la Luna no es lo suficientemente larga como para llegar a la Tierra. S\u00f3lo una extensi\u00f3n de la umbra, llamada <\/span><b>antumbra<\/b><span style=\"font-weight: 400;\">, llega a la Tierra. Si est\u00e1s ubicado en la <\/span><b>sombra antumbral<\/b><span style=\"font-weight: 400;\">, experimentar\u00e1s un eclipse anular.<\/span>[\/vc_column_text][vc_custom_heading heading_semantic=&#8221;h3&#8243; text_size=&#8221;h3&#8243; uncode_shortcode_id=&#8221;506839&#8243;]<b>Eclipse Solar H\u00edbrido<\/b>[\/vc_custom_heading][vc_column_text uncode_shortcode_id=&#8221;170436&#8243;]<span style=\"font-weight: 400;\">Un eclipse h\u00edbrido ocurre cuando algunos lugares de la Tierra experimentan un eclipse anular y otros experimentan un eclipse solar total. La curva de la Tierra y el lugar donde te encuentras son claves para un eclipse h\u00edbrido. La Luna estar\u00e1 m\u00e1s alejada de algunas partes de la Tierra a lo largo de la trayectoria del eclipse, formando un eclipse anular. En otra parte de la Tierra, la Luna estar\u00e1 lo suficientemente cerca como para cubrir completamente el Sol, creando un eclipse solar total.<\/span>[\/vc_column_text][vc_separator sep_color=&#8221;&#8221; uncode_shortcode_id=&#8221;389174&#8243; el_height=&#8221;6px&#8221;][vc_row_inner limit_content=&#8221;&#8221;][vc_column_inner width=&#8221;1\/2&#8243;][vc_custom_heading heading_semantic=&#8221;h3&#8243; text_size=&#8221;h3&#8243; uncode_shortcode_id=&#8221;112938&#8243;]<span style=\"font-weight: 400;\">Vocabulario<\/span>[\/vc_custom_heading][vc_column_text uncode_shortcode_id=&#8221;185249&#8243;]<b>eclipse anular<\/b><span style=\"font-weight: 400;\"> &#8211; cuando la Luna pasa directamente frente al Sol, pero parece demasiado peque\u00f1a para cubrir completamente el Sol<\/span><\/p>\n<p><b>eclipse h\u00edbrido<\/b><span style=\"font-weight: 400;\"> &#8211; cuando se puede experimentar un eclipse anular desde algunos lugares de la Tierra y un eclipse solar total se puede experimentar desde diferentes lugares de la Tierra<\/span><\/p>\n<p><b>eclipse solar parcial<\/b><span style=\"font-weight: 400;\"> &#8211; cuando la Luna pasa frente al Sol descentrada y solo bloquea una parte del Sol, haciendo que el Sol parezca un creciente<\/span><\/p>\n<p><b>eclipse solar total<\/b><span style=\"font-weight: 400;\"> &#8211; cuando la Luna pasa directamente frente al Sol bloqueando completamente la vista del Sol<\/span><\/p>\n<p><b>sombra antumbral<\/b><span style=\"font-weight: 400;\"> &#8211; una extensi\u00f3n de la umbra, creada cuando la Luna bloquea parte de la luz del Sol para que no llegue a la Tierra durante un eclipse anular.<\/span><\/p>\n<p><b>sombra penumbral<\/b><span style=\"font-weight: 400;\"> &#8211; La sombra m\u00e1s clara creada durante un eclipse solar cuando la Luna bloquea parte de la luz del Sol para que no llegue a la Tierra.<\/span><\/p>\n<p><b>sombra umbral<\/b><span style=\"font-weight: 400;\"> &#8211; la sombra m\u00e1s oscura creada por la Luna que bloquea completamente la luz del Sol para que no llegue a la Tierra durante un eclipse solar<\/span>[\/vc_column_text][\/vc_column_inner][vc_column_inner width=&#8221;1\/2&#8243;][vc_custom_heading heading_semantic=&#8221;h3&#8243; text_size=&#8221;h3&#8243; uncode_shortcode_id=&#8221;713116&#8243;]<span style=\"font-weight: 400;\">Discusi\u00f3n \/ Notas<\/span>[\/vc_custom_heading][vc_column_text uncode_shortcode_id=&#8221;820024&#8243;]<span style=\"font-weight: 400;\"><strong>Escribe, dibuja o discute verbalmente las respuestas a lo siguiente<\/strong>:<\/span><\/p>\n<ul>\n<li><span style=\"font-weight: 400;\">Describe la diferencia entre un eclipse solar total y un eclipse parcial.<\/span><\/li>\n<li>Describe la diferencia entre un eclipse solar total y un eclipse anular.<\/li>\n<\/ul>\n<p>[\/vc_column_text][\/vc_column_inner][\/vc_row_inner][vc_custom_heading text_size=&#8221;h5&#8243; uncode_shortcode_id=&#8221;139623&#8243;]<strong><a href=\"https:\/\/eclipsesoundscapes.org\/es\/apprentice-training-l2-por-que-ocurren-los-eclipses-solares\/\">&lt;&lt;Previa<\/a><\/strong> \u00a0<span style=\"font-weight: 400;\"><strong>Lecci\u00f3n 3 de 8\u00a0<\/strong> <strong><a href=\"https:\/\/eclipsesoundscapes.org\/es\/apprentice-training-l4-maximo-de-eclipse-por-tipo-de-eclipse\/\">Pr\u00f3xima&gt;&gt;<\/a><\/strong><\/span>[\/vc_custom_heading][\/vc_column][\/vc_row]<\/p>\n<\/div>","protected":false},"excerpt":{"rendered":"<p>[vc_row][vc_column width=&#8221;1\/1&#8243;][vc_row_inner row_inner_height_percent=&#8221;0&#8243; back_color=&#8221;color-375760&#8243; overlay_alpha=&#8221;50&#8243; gutter_size=&#8221;3&#8243; shift_y=&#8221;0&#8243; z_index=&#8221;0&#8243; uncode_shortcode_id=&#8221;177453&#8243; back_color_type=&#8221;uncode-palette&#8221; limit_content=&#8221;&#8221;][vc_column_inner width=&#8221;1\/1&#8243;][vc_custom_heading heading_semantic=&#8221;h1&#8243; sub_reduced=&#8221;yes&#8221; uncode_shortcode_id=&#8221;165179&#8243;]Formaci\u00f3n de Aprendices de Eclipse Soundscapes[\/vc_custom_heading][\/vc_column_inner][\/vc_row_inner][vc_row_inner [&hellip;]<\/p>\n","protected":false},"author":3,"featured_media":0,"parent":0,"menu_order":0,"comment_status":"closed","ping_status":"closed","template":"","meta":{"_links_to":"","_links_to_target":""},"_links":{"self":[{"href":"https:\/\/eclipsesoundscapes.org\/es\/wp-json\/wp\/v2\/pages\/89352"}],"collection":[{"href":"https:\/\/eclipsesoundscapes.org\/es\/wp-json\/wp\/v2\/pages"}],"about":[{"href":"https:\/\/eclipsesoundscapes.org\/es\/wp-json\/wp\/v2\/types\/page"}],"author":[{"embeddable":true,"href":"https:\/\/eclipsesoundscapes.org\/es\/wp-json\/wp\/v2\/users\/3"}],"replies":[{"embeddable":true,"href":"https:\/\/eclipsesoundscapes.org\/es\/wp-json\/wp\/v2\/comments?post=89352"}],"version-history":[{"count":34,"href":"https:\/\/eclipsesoundscapes.org\/es\/wp-json\/wp\/v2\/pages\/89352\/revisions"}],"predecessor-version":[{"id":90288,"href":"https:\/\/eclipsesoundscapes.org\/es\/wp-json\/wp\/v2\/pages\/89352\/revisions\/90288"}],"wp:attachment":[{"href":"https:\/\/eclipsesoundscapes.org\/es\/wp-json\/wp\/v2\/media?parent=89352"}],"curies":[{"name":"wp","href":"https:\/\/api.w.org\/{rel}","templated":true}]}}