{"id":89346,"date":"2024-01-04T12:50:05","date_gmt":"2024-01-04T17:50:05","guid":{"rendered":"https:\/\/eclipsesoundscapes.org\/apprentice-training-l2-por-que-ocurren-los-eclipses-solares\/"},"modified":"2024-02-22T12:06:02","modified_gmt":"2024-02-22T17:06:02","slug":"apprentice-training-l2-por-que-ocurren-los-eclipses-solares","status":"publish","type":"page","link":"https:\/\/eclipsesoundscapes.org\/es\/apprentice-training-l2-por-que-ocurren-los-eclipses-solares\/","title":{"rendered":"Formaci\u00f3n de Aprendices L2 &#8211; \u00bfPor qu\u00e9 ocurren los eclipses solares?"},"content":{"rendered":"<div class=\"wpb-content-wrapper\"><p>[vc_row][vc_column width=&#8221;1\/1&#8243;][vc_row_inner row_inner_height_percent=&#8221;0&#8243; back_color=&#8221;color-375760&#8243; overlay_alpha=&#8221;50&#8243; gutter_size=&#8221;3&#8243; shift_y=&#8221;0&#8243; z_index=&#8221;0&#8243; uncode_shortcode_id=&#8221;177453&#8243; back_color_type=&#8221;uncode-palette&#8221; limit_content=&#8221;&#8221;][vc_column_inner width=&#8221;1\/1&#8243;][vc_custom_heading heading_semantic=&#8221;h1&#8243; sub_reduced=&#8221;yes&#8221; uncode_shortcode_id=&#8221;149455&#8243;]<span style=\"font-weight: 400;\">Formaci\u00f3n de Aprendices de Eclipse Soundscapes<\/span>[\/vc_custom_heading][\/vc_column_inner][\/vc_row_inner][vc_row_inner limit_content=&#8221;&#8221;][vc_column_inner width=&#8221;3\/4&#8243;][vc_custom_heading text_size=&#8221;h3&#8243; uncode_shortcode_id=&#8221;279077&#8243;]<span style=\"font-weight: 400;\"><strong>Lecci\u00f3n 2<\/strong>: \u00bfPor qu\u00e9 ocurren los eclipses solares?<\/span>[\/vc_custom_heading][vc_custom_heading text_size=&#8221;h5&#8243; uncode_shortcode_id=&#8221;214629&#8243;]<\/p>\n<p id=\"tw-target-text-feminine\" class=\"tw-data-text tw-text-large tw-ta\" dir=\"ltr\" data-placeholder=\"Translation\"><a href=\"https:\/\/eclipsesoundscapes.org\/es\/spa-apprentice-training-l1-lunar-eclipse-vs-solar-eclipse\/\"><span class=\"Y2IQFc\" lang=\"es\">&lt;&lt;Previa <\/span><\/a>\u00a0 <strong>Lecci\u00f3n 2 de 8<\/strong>\u00a0 <a href=\"https:\/\/eclipsesoundscapes.org\/es\/apprentice-training-l3-los-4-tipos-de-eclipses-solares\/\"><span class=\"Y2IQFc\" lang=\"es\">pr\u00f3xima&gt;&gt;<\/span><\/a><\/p>\n<p>[\/vc_custom_heading][\/vc_column_inner][vc_column_inner width=&#8221;1\/4&#8243;][vc_button button_color=&#8221;accent&#8221; size=&#8221;btn-xl&#8221; radius=&#8221;btn-round&#8221; border_width=&#8221;0&#8243; icon=&#8221;fa fa-home2&#8243; uncode_shortcode_id=&#8221;563019&#8243; link=&#8221;url:https%3A%2F%2Feclipsesoundscapes.org%2Fes%2Fpagina-de-inicio-del-aprendiz%2F|title:P%C3%A1gina%20de%20inicio%20del%20aprendiz|&#8221; button_color_type=&#8221;uncode-palette&#8221;]inicio del aprendiz[\/vc_button][\/vc_column_inner][\/vc_row_inner][vc_row_inner limit_content=&#8221;&#8221;][vc_column_inner width=&#8221;1\/2&#8243;][vc_column_text uncode_shortcode_id=&#8221;128381&#8243;]<iframe title=\"YouTube video player\" data-src=\"https:\/\/www.youtube.com\/embed\/hqR-vmO-7HM?si=RWSKeh7509TrfSlT&amp;start=38\" width=\"560\" height=\"415\" frameborder=\"0\" allowfullscreen=\"allowfullscreen\" src=\"data:image\/gif;base64,R0lGODlhAQABAAAAACH5BAEKAAEALAAAAAABAAEAAAICTAEAOw==\" class=\"lazyload\" data-load-mode=\"1\"><\/iframe>[\/vc_column_text][vc_message message_color=&#8221;color-210211&#8243; uncode_shortcode_id=&#8221;343996&#8243; message_color_type=&#8221;uncode-palette&#8221;]<span style=\"font-weight: 400;\"><strong>Duraci\u00f3n del v\u00eddeo<\/strong>: 0:28-2:44 de este v\u00eddeo se reproducir\u00e1n para esta lecci\u00f3n<\/span>[\/vc_message][\/vc_column_inner][vc_column_inner width=&#8221;1\/2&#8243;][vc_column_text uncode_shortcode_id=&#8221;159320&#8243;]<span style=\"font-weight: 400;\">Un <\/span><b>eclipse solar <\/b><span style=\"font-weight: 400;\">ocurre cuando la Luna se mueve entre el Sol y la Tierra, bloqueando parte o toda la luz del Sol. La Luna puede bloquear toda o la mayor parte de la luz del Sol durante un eclipse solar porque la Luna parece tener el mismo tama\u00f1o que el Sol. \u00a1Pero la Luna NO es del mismo tama\u00f1o que el Sol!<\/span><\/p>\n<p><span style=\"font-weight: 400;\">El Sol y la Luna parecen tener el mismo tama\u00f1o debido al <\/span><b>azar c\u00f3smico<\/b><span style=\"font-weight: 400;\">. El Sol es 400 veces m\u00e1s grande que la Luna y el Sol tambi\u00e9n est\u00e1 400 veces m\u00e1s lejos de la Tierra que la Luna de la Tierra. Esto significa que desde la Tierra, el Sol y la Luna parecen del mismo tama\u00f1o. (Referencia: <\/span><a href=\"https:\/\/solarsystem.nasa.gov\/eclipses\/science\/geometry\/#:~:text=EclipseTotal%20Solar%20Eclipse&amp;text=It%20is%20the%20result%20of,same%20size%20in%20our%20sky.\"><span style=\"font-weight: 400;\">NASA Solar System Exploration<\/span><\/a><span style=\"font-weight: 400;\">)<\/span>[\/vc_column_text][\/vc_column_inner][\/vc_row_inner][vc_column_text uncode_shortcode_id=&#8221;207827&#8243;]<span style=\"font-weight: 400;\">Los eclipses solares no ocurren todos los meses porque el Sol, la Luna y la Tierra no siempre est\u00e1n perfectamente alineados. La Luna <\/span><b>orbita<\/b><span style=\"font-weight: 400;\"> alrededor de la Tierra y la Tierra orbita alrededor del Sol. Pero sus \u00f3rbitas s\u00f3lo a veces se alinean perfectamente. Entonces, cuando la Luna pasa entre el Sol y la Tierra, a veces est\u00e1 demasiado baja o demasiado alta para bloquear el Sol. Cuando el Sol, la Luna y la Tierra se alinean perfectamente, con la Luna directamente entre el Sol y la Tierra, se produce un eclipse solar. Por suerte para nosotros, sus \u00f3rbitas son muy predecibles. \u00a1Para que los cient\u00edficos puedan descubrir cu\u00e1ndo ocurrir\u00e1n los eclipses solares!<\/span><\/p>\n<p><span style=\"font-weight: 400;\">Durante un eclipse solar, la Luna bloquea parte o la totalidad de la luz del Sol. Esto crea dos sombras diferentes. La sombra interior es m\u00e1s peque\u00f1a y oscura. Se llama <\/span><b>umbra<\/b><span style=\"font-weight: 400;\">. La sombra exterior es m\u00e1s grande y m\u00e1s clara. Se llama <\/span><b>penumbra<\/b><span style=\"font-weight: 400;\">. \u00a1En la pr\u00f3xima lecci\u00f3n habr\u00e1 m\u00e1s informaci\u00f3n sobre estas sombras!<\/span>[\/vc_column_text][\/vc_column][\/vc_row][vc_row][vc_column width=&#8221;1\/1&#8243;][vc_separator sep_color=&#8221;&#8221; uncode_shortcode_id=&#8221;389174&#8243; el_height=&#8221;6px&#8221;][vc_row_inner limit_content=&#8221;&#8221;][vc_column_inner width=&#8221;1\/2&#8243;][vc_custom_heading heading_semantic=&#8221;h3&#8243; text_size=&#8221;h3&#8243; uncode_shortcode_id=&#8221;112938&#8243;]<span style=\"font-weight: 400;\">Vocabulario<\/span>[\/vc_custom_heading][vc_column_text uncode_shortcode_id=&#8221;849653&#8243;]<b>azar &#8211; <\/b><span class=\"Y2IQFc\" lang=\"es\">coincidencia<\/span><\/p>\n<p><b>c\u00f3smico &#8211; <\/b><span class=\"Y2IQFc\" lang=\"es\">espacio exterior<\/span><\/p>\n<p><b>eclipse solar &#8211; <\/b><span class=\"Y2IQFc\" lang=\"es\">cuando la luna pasa entre la Tierra y el Sol y la luz del Sol es parcial o totalmente bloqueada por la Luna<\/span><\/p>\n<p><b>orbitar &#8211; <\/b><span class=\"Y2IQFc\" lang=\"es\">dar la vuelta a una estrella, planeta o luna<\/span><\/p>\n<p><b>penumbra &#8211; <\/b><span class=\"Y2IQFc\" lang=\"es\">La sombra m\u00e1s clara creada durante un eclipse solar cuando la Luna bloquea la luz del Sol para que no llegue a la Tierra.<\/span><\/p>\n<p><b>umbra &#8211; <\/b><span class=\"Y2IQFc\" lang=\"es\">la sombra m\u00e1s oscura creada por la Luna que bloquea completamente la luz del sol para que no llegue a la Tierra durante un eclipse solar<\/span>[\/vc_column_text][\/vc_column_inner][vc_column_inner width=&#8221;1\/2&#8243;][vc_custom_heading heading_semantic=&#8221;h3&#8243; text_size=&#8221;h3&#8243; uncode_shortcode_id=&#8221;713116&#8243;]<span style=\"font-weight: 400;\">Discusi\u00f3n \/ Notas<\/span>[\/vc_custom_heading][vc_column_text uncode_shortcode_id=&#8221;178389&#8243;]<span style=\"font-weight: 400;\"><strong>Escribe, dibuja o discute verbalmente<\/strong>.<\/span><\/p>\n<ul>\n<li><span style=\"font-weight: 400;\">\u00bfPor qu\u00e9 la Luna y el Sol parecen del mismo tama\u00f1o?<\/span><\/li>\n<li>Los eclipses solares ocurren durante el d\u00eda. Entonces, \u00bfpor qu\u00e9 se vuelve m\u00e1s oscuro durante un eclipse?<\/li>\n<\/ul>\n<p>[\/vc_column_text][\/vc_column_inner][\/vc_row_inner][vc_custom_heading text_size=&#8221;h5&#8243; uncode_shortcode_id=&#8221;104622&#8243;]<\/p>\n<p style=\"text-align: right;\"><a href=\"https:\/\/eclipsesoundscapes.org\/es\/spa-apprentice-training-l1-lunar-eclipse-vs-solar-eclipse\/\"><span style=\"font-weight: 400;\">&lt;&lt;Previa<\/span><\/a> \u00a0<strong>Lecci\u00f3n 2 de 8<\/strong>\u00a0<a href=\"https:\/\/eclipsesoundscapes.org\/es\/apprentice-training-l3-los-4-tipos-de-eclipses-solares\/\"> <span style=\"font-weight: 400;\">pr\u00f3xima&gt;&gt;<\/span><\/a><\/p>\n<p>[\/vc_custom_heading][\/vc_column][\/vc_row]<\/p>\n<\/div>","protected":false},"excerpt":{"rendered":"<p>[vc_row][vc_column width=&#8221;1\/1&#8243;][vc_row_inner row_inner_height_percent=&#8221;0&#8243; back_color=&#8221;color-375760&#8243; overlay_alpha=&#8221;50&#8243; gutter_size=&#8221;3&#8243; shift_y=&#8221;0&#8243; z_index=&#8221;0&#8243; uncode_shortcode_id=&#8221;177453&#8243; back_color_type=&#8221;uncode-palette&#8221; limit_content=&#8221;&#8221;][vc_column_inner width=&#8221;1\/1&#8243;][vc_custom_heading heading_semantic=&#8221;h1&#8243; sub_reduced=&#8221;yes&#8221; uncode_shortcode_id=&#8221;149455&#8243;]Formaci\u00f3n de Aprendices de Eclipse Soundscapes[\/vc_custom_heading][\/vc_column_inner][\/vc_row_inner][vc_row_inner [&hellip;]<\/p>\n","protected":false},"author":3,"featured_media":0,"parent":0,"menu_order":0,"comment_status":"closed","ping_status":"closed","template":"","meta":{"_links_to":"","_links_to_target":""},"_links":{"self":[{"href":"https:\/\/eclipsesoundscapes.org\/es\/wp-json\/wp\/v2\/pages\/89346"}],"collection":[{"href":"https:\/\/eclipsesoundscapes.org\/es\/wp-json\/wp\/v2\/pages"}],"about":[{"href":"https:\/\/eclipsesoundscapes.org\/es\/wp-json\/wp\/v2\/types\/page"}],"author":[{"embeddable":true,"href":"https:\/\/eclipsesoundscapes.org\/es\/wp-json\/wp\/v2\/users\/3"}],"replies":[{"embeddable":true,"href":"https:\/\/eclipsesoundscapes.org\/es\/wp-json\/wp\/v2\/comments?post=89346"}],"version-history":[{"count":36,"href":"https:\/\/eclipsesoundscapes.org\/es\/wp-json\/wp\/v2\/pages\/89346\/revisions"}],"predecessor-version":[{"id":90164,"href":"https:\/\/eclipsesoundscapes.org\/es\/wp-json\/wp\/v2\/pages\/89346\/revisions\/90164"}],"wp:attachment":[{"href":"https:\/\/eclipsesoundscapes.org\/es\/wp-json\/wp\/v2\/media?parent=89346"}],"curies":[{"name":"wp","href":"https:\/\/api.w.org\/{rel}","templated":true}]}}