{"id":89340,"date":"2024-01-04T12:26:12","date_gmt":"2024-01-04T17:26:12","guid":{"rendered":"https:\/\/eclipsesoundscapes.org\/spa-apprentice-training-l1-lunar-eclipse-vs-solar-eclipse\/"},"modified":"2024-02-22T12:06:33","modified_gmt":"2024-02-22T17:06:33","slug":"spa-apprentice-training-l1-lunar-eclipse-vs-solar-eclipse","status":"publish","type":"page","link":"https:\/\/eclipsesoundscapes.org\/es\/spa-apprentice-training-l1-lunar-eclipse-vs-solar-eclipse\/","title":{"rendered":"Formaci\u00f3n de Aprendices L1 &#8211; Lunar Eclipse vs Solar Eclipse"},"content":{"rendered":"<div class=\"wpb-content-wrapper\"><p>[vc_row][vc_column width=&#8221;1\/1&#8243;][vc_row_inner row_inner_height_percent=&#8221;0&#8243; back_color=&#8221;color-375760&#8243; overlay_alpha=&#8221;50&#8243; gutter_size=&#8221;3&#8243; shift_y=&#8221;0&#8243; z_index=&#8221;0&#8243; uncode_shortcode_id=&#8221;177453&#8243; back_color_type=&#8221;uncode-palette&#8221; limit_content=&#8221;&#8221;][vc_column_inner width=&#8221;1\/1&#8243;][vc_custom_heading heading_semantic=&#8221;h1&#8243; sub_reduced=&#8221;yes&#8221; uncode_shortcode_id=&#8221;995456&#8243;]<span style=\"font-weight: 400;\">Formaci\u00f3n de Aprendices de Eclipse Soundscapes<\/span>[\/vc_custom_heading][\/vc_column_inner][\/vc_row_inner][vc_row_inner limit_content=&#8221;&#8221;][vc_column_inner width=&#8221;3\/4&#8243;][vc_custom_heading text_size=&#8221;h3&#8243; uncode_shortcode_id=&#8221;289858&#8243;]<\/p>\n<p id=\"tw-target-text\" class=\"tw-data-text tw-text-large tw-ta\" dir=\"ltr\" data-placeholder=\"Translation\" data-ved=\"2ahUKEwiUj77GmsSDAxXkM1kFHVGoA5kQ3ewLegQICBAQ\"><span class=\"Y2IQFc\" lang=\"es\">Lecci\u00f3n 1 &#8211; <span style=\"font-weight: 400;\">Eclipse lunar vs eclipse solar<\/span><\/span><\/p>\n<p>[\/vc_custom_heading][vc_custom_heading text_size=&#8221;h5&#8243; uncode_shortcode_id=&#8221;156691&#8243;]<span style=\"font-weight: 400;\">Lecci\u00f3n 1 de 8 <\/span><a href=\"https:\/\/eclipsesoundscapes.org\/es\/apprentice-training-l2-por-que-ocurren-los-eclipses-solares\/\"><span class=\"Y2IQFc\" lang=\"es\">pr\u00f3xima&gt;&gt;<\/span><\/a>[\/vc_custom_heading][\/vc_column_inner][vc_column_inner column_width_percent=&#8221;100&#8243; gutter_size=&#8221;3&#8243; overlay_alpha=&#8221;50&#8243; shift_x=&#8221;0&#8243; shift_y=&#8221;0&#8243; shift_y_down=&#8221;0&#8243; z_index=&#8221;0&#8243; medium_width=&#8221;0&#8243; mobile_width=&#8221;0&#8243; width=&#8221;1\/4&#8243; uncode_shortcode_id=&#8221;437519&#8243;][vc_button button_color=&#8221;accent&#8221; size=&#8221;btn-xl&#8221; radius=&#8221;btn-round&#8221; border_width=&#8221;0&#8243; icon=&#8221;fa fa-home2&#8243; uncode_shortcode_id=&#8221;506242&#8243; link=&#8221;url:https%3A%2F%2Feclipsesoundscapes.org%2Fes%2Fpagina-de-inicio-del-aprendiz%2F|title:P%C3%A1gina%20de%20inicio%20del%20aprendiz|&#8221; button_color_type=&#8221;uncode-palette&#8221;]inicio del aprendiz[\/vc_button][\/vc_column_inner][\/vc_row_inner][vc_row_inner limit_content=&#8221;&#8221;][vc_column_inner width=&#8221;1\/2&#8243;][vc_column_text uncode_shortcode_id=&#8221;997285&#8243;]<iframe width=\"560\" height=\"415\" data-src=\"https:\/\/www.youtube.com\/embed\/hqR-vmO-7HM?si=vPwE-kmhyIOdOXqZ&amp;end=37\" title=\"YouTube video player\" frameborder=\"0\" allow=\"accelerometer; autoplay; clipboard-write; encrypted-media; gyroscope; picture-in-picture; web-share\" allowfullscreen src=\"data:image\/gif;base64,R0lGODlhAQABAAAAACH5BAEKAAEALAAAAAABAAEAAAICTAEAOw==\" class=\"lazyload\" data-load-mode=\"1\"><\/iframe>[\/vc_column_text][vc_message message_color=&#8221;color-210211&#8243; uncode_shortcode_id=&#8221;158335&#8243; message_color_type=&#8221;uncode-palette&#8221;]<\/p>\n<p id=\"tw-target-text\" class=\"tw-data-text tw-text-large tw-ta\" dir=\"ltr\" data-placeholder=\"Translation\" data-ved=\"2ahUKEwiUj77GmsSDAxXkM1kFHVGoA5kQ3ewLegQICBAQ\"><span class=\"Y2IQFc\" lang=\"es\"><strong>Duraci\u00f3n del v\u00eddeo<\/strong>: 0:00-0:37 de este v\u00eddeo se reproducir\u00e1n para esta lecci\u00f3n.<\/span><\/p>\n<p>[\/vc_message][\/vc_column_inner][vc_column_inner width=&#8221;1\/2&#8243;][vc_column_text uncode_shortcode_id=&#8221;420549&#8243;]<span style=\"font-weight: 400;\">Un eclipse es cuando un objeto en el espacio pasa a la sombra de otro objeto, oscureciendo el segundo objeto o bloque\u00e1ndolo totalmente. Los objetos pueden ser planetas, lunas u otros objetos. Un eclipse siempre incluye una estrella, como el Sol, y otros dos objetos.<\/span><\/p>\n<p><span style=\"font-weight: 400;\">Hay dos tipos de eclipses: eclipses solares y eclipses lunares.<\/span><\/p>\n<ol>\n<li style=\"font-weight: 400;\" aria-level=\"1\"><span style=\"font-weight: 400;\">Un <\/span><b>eclipse solar<\/b><span style=\"font-weight: 400;\"> ocurre cuando la Luna pasa entre la Tierra y el Sol. Cuando esto sucede, se crea una sombra en la superficie de la Tierra. La Luna bloquea brevemente la luz del Sol para que no llegue a la Tierra durante un eclipse solar.<\/span><\/li>\n<li style=\"font-weight: 400;\" aria-level=\"1\"><span style=\"font-weight: 400;\">Un <\/span><b>eclipse lunar<\/b><span style=\"font-weight: 400;\"> ocurre cuando la Luna se mueve detr\u00e1s de la Tierra. Durante un eclipse lunar, la Tierra se encuentra entre la Luna y el Sol. Cuando esto sucede, la Tierra impide que la luz del Sol llegue a la Luna.<\/span><\/li>\n<\/ol>\n<p>[\/vc_column_text][\/vc_column_inner][\/vc_row_inner][\/vc_column][\/vc_row][vc_row][vc_column width=&#8221;1\/1&#8243;][vc_separator sep_color=&#8221;&#8221; uncode_shortcode_id=&#8221;389174&#8243; el_height=&#8221;6px&#8221;][vc_row_inner limit_content=&#8221;&#8221;][vc_column_inner width=&#8221;1\/2&#8243;][vc_custom_heading heading_semantic=&#8221;h3&#8243; text_size=&#8221;h3&#8243; uncode_shortcode_id=&#8221;112938&#8243;]<span style=\"font-weight: 400;\">Vocabulario<\/span>[\/vc_custom_heading][vc_column_text uncode_shortcode_id=&#8221;698570&#8243;]<strong>lunar<\/strong> &#8211; <span style=\"font-weight: 400;\">\u00a0relacionado con la Luna<\/span><\/p>\n<p><strong>solar<\/strong> &#8211; <span style=\"font-weight: 400;\">relacionado con el Sol<\/span>[\/vc_column_text][\/vc_column_inner][vc_column_inner width=&#8221;1\/2&#8243;][vc_custom_heading heading_semantic=&#8221;h3&#8243; text_size=&#8221;h3&#8243; uncode_shortcode_id=&#8221;713116&#8243;]<span style=\"font-weight: 400;\">Discusi\u00f3n \/ Notas<\/span>[\/vc_custom_heading][vc_column_text uncode_shortcode_id=&#8221;197938&#8243;]<span style=\"font-weight: 400;\"><strong>Escribe, dibuja o discute verbalmente las respuestas a las siguientes preguntas<\/strong>:<\/span><\/p>\n<ul>\n<li><span style=\"font-weight: 400;\">\u00bfQu\u00e9 es un eclipse solar?<\/span><\/li>\n<li><span style=\"font-weight: 400;\">\u00bfQu\u00e9 es un eclipse lunar?<\/span><\/li>\n<\/ul>\n<p>[\/vc_column_text][\/vc_column_inner][\/vc_row_inner][vc_custom_heading text_size=&#8221;h5&#8243; uncode_shortcode_id=&#8221;232639&#8243;]<span style=\"font-weight: 400;\">Lecci\u00f3n 1 de 8 <\/span><a href=\"https:\/\/eclipsesoundscapes.org\/es\/apprentice-training-l2-por-que-ocurren-los-eclipses-solares\/\"><span class=\"Y2IQFc\" lang=\"es\">pr\u00f3xima&gt;&gt;<\/span><\/a>[\/vc_custom_heading][\/vc_column][\/vc_row][vc_row][vc_column width=&#8221;1\/1&#8243;][vc_column_text]&lt;\/p&gt;[\/vc_column_text][\/vc_column][\/vc_row]<\/p>\n<\/div>","protected":false},"excerpt":{"rendered":"<p>[vc_row][vc_column width=&#8221;1\/1&#8243;][vc_row_inner row_inner_height_percent=&#8221;0&#8243; back_color=&#8221;color-375760&#8243; overlay_alpha=&#8221;50&#8243; gutter_size=&#8221;3&#8243; shift_y=&#8221;0&#8243; z_index=&#8221;0&#8243; uncode_shortcode_id=&#8221;177453&#8243; back_color_type=&#8221;uncode-palette&#8221; limit_content=&#8221;&#8221;][vc_column_inner width=&#8221;1\/1&#8243;][vc_custom_heading heading_semantic=&#8221;h1&#8243; sub_reduced=&#8221;yes&#8221; uncode_shortcode_id=&#8221;995456&#8243;]Formaci\u00f3n de Aprendices de Eclipse Soundscapes[\/vc_custom_heading][\/vc_column_inner][\/vc_row_inner][vc_row_inner [&hellip;]<\/p>\n","protected":false},"author":3,"featured_media":0,"parent":0,"menu_order":0,"comment_status":"closed","ping_status":"closed","template":"","meta":{"_links_to":"","_links_to_target":""},"_links":{"self":[{"href":"https:\/\/eclipsesoundscapes.org\/es\/wp-json\/wp\/v2\/pages\/89340"}],"collection":[{"href":"https:\/\/eclipsesoundscapes.org\/es\/wp-json\/wp\/v2\/pages"}],"about":[{"href":"https:\/\/eclipsesoundscapes.org\/es\/wp-json\/wp\/v2\/types\/page"}],"author":[{"embeddable":true,"href":"https:\/\/eclipsesoundscapes.org\/es\/wp-json\/wp\/v2\/users\/3"}],"replies":[{"embeddable":true,"href":"https:\/\/eclipsesoundscapes.org\/es\/wp-json\/wp\/v2\/comments?post=89340"}],"version-history":[{"count":33,"href":"https:\/\/eclipsesoundscapes.org\/es\/wp-json\/wp\/v2\/pages\/89340\/revisions"}],"predecessor-version":[{"id":90165,"href":"https:\/\/eclipsesoundscapes.org\/es\/wp-json\/wp\/v2\/pages\/89340\/revisions\/90165"}],"wp:attachment":[{"href":"https:\/\/eclipsesoundscapes.org\/es\/wp-json\/wp\/v2\/media?parent=89340"}],"curies":[{"name":"wp","href":"https:\/\/api.w.org\/{rel}","templated":true}]}}