{"id":87780,"date":"2023-06-29T16:38:10","date_gmt":"2023-06-29T20:38:10","guid":{"rendered":"https:\/\/eclipsesoundscapes.org\/?page_id=87780"},"modified":"2024-04-05T22:47:49","modified_gmt":"2024-04-06T02:47:49","slug":"eclipse-lookup-tool","status":"publish","type":"page","link":"https:\/\/eclipsesoundscapes.org\/es\/eclipse-lookup-tool\/","title":{"rendered":"Herramienta de B\u00fasqueda de Eclipse"},"content":{"rendered":"<div class=\"wpb-content-wrapper\"><p>[vc_section][vc_row][vc_column width=&#8221;1\/1&#8243;][vc_raw_js]JTNDc2NyaXB0JTIwdHlwZSUzRCUyMnRleHQlMkZqYXZhc2NyaXB0JTIyJTNFJTBBTEFOR1VBR0UlMjAlM0QlMjAlMjJlbiUyMiUzQiUwQSUzQyUyRnNjcmlwdCUzRQ==[\/vc_raw_js][\/vc_column][\/vc_row][\/vc_section][vc_row][vc_column width=&#8221;1\/1&#8243;][vc_row_inner limit_content=&#8221;&#8221;][vc_column_inner width=&#8221;1\/1&#8243;][vc_custom_heading heading_semantic=&#8221;h1&#8243; text_size=&#8221;h1&#8243; sub_lead=&#8221;small&#8221; sub_reduced=&#8221;yes&#8221; uncode_shortcode_id=&#8221;102351&#8243; subheading=&#8221;2024&#8243;]<span style=\"font-weight: 400;\">Herramienta de B\u00fasqueda de Eclipses Solares<\/span>[\/vc_custom_heading][\/vc_column_inner][\/vc_row_inner][vc_separator sep_color=&#8221;,Default&#8221;][vc_column_text uncode_shortcode_id=&#8221;113268&#8243;]<\/p>\n<div class=\"uncode_text_column\">Hay dos herramientas a continuaci\u00f3n para ayudarlo a determinar si experimentar\u00e1 un eclipse solar total o un eclipse parcial el 8 de abril de 2024 seg\u00fan su ubicaci\u00f3n. Si est\u00e1 utilizando un lector de pantalla, le recomendamos utilizar la herramienta &#8220;B\u00fasqueda de c\u00f3digo postal y ubicaci\u00f3n&#8221;.<\/div>\n<p>[\/vc_column_text][vc_tabs history=&#8221;yes&#8221; animation_active=&#8221;yes&#8221; typography=&#8221;yes&#8221; align=&#8221;left&#8221; uncode_shortcode_id=&#8221;104277&#8243;][vc_tab gutter_size=&#8221;2&#8243; column_padding=&#8221;2&#8243; title=&#8221;Mapa de NASA&#8221; tab_id=&#8221;1712247895-1-14&#8243;][vc_column_text uncode_shortcode_id=&#8221;112906&#8243;]El mapa puede tardar unos minutos en cargarse.[\/vc_column_text][vc_raw_html]PGlmcmFtZSBzcmM9Imh0dHBzOi8vZWNsaXBzZS1leHBsb3Jlci5zbWNlLm5hc2EuZ292IiB3aWR0aD0iNTYwIiBoZWlnaHQ9IjUxNSIgYWxsb3dmdWxsc2NyZWVuPSJhbGxvd2Z1bGxzY3JlZW4iPjwvaWZyYW1lPg==[\/vc_raw_html][\/vc_tab][vc_tab gutter_size=&#8221;2&#8243; column_padding=&#8221;2&#8243; title=&#8221;Zip Code y Location Lookup&#8221; tab_id=&#8221;1712247895-2-24&#8243;][vc_column_text uncode_shortcode_id=&#8221;404454&#8243;]Toda la informaci\u00f3n se presentar\u00e1 en una tabla. Si est\u00e1 utilizando un lector de pantalla, espere unos segundos para que se genere la tabla despu\u00e9s de seleccionar los botones Buscar con c\u00f3digo postal o Buscar con ubicaci\u00f3n.<\/p>\n<p><strong>Nota de precisi\u00f3n<\/strong>: el localizador de c\u00f3digo postal no es tan preciso como usar su ubicaci\u00f3n. Como los c\u00f3digos postales pueden ser grandes, el eclipse puede ser total en algunas \u00e1reas dentro de un c\u00f3digo postal y parcial en otras. Si el localizador de c\u00f3digo postal muestra un eclipse total, recomendamos a los usuarios que utilicen la herramienta &#8220;Buscar con ubicaci\u00f3n&#8221; en su sitio de observaci\u00f3n, o que utilicen la ubicaci\u00f3n del eclipse y los recursos de mapas en nuestra p\u00e1gina de Recursos de eclipse para obtener predicciones de eclipse m\u00e1s precisas.[\/vc_column_text][vc_row_inner][vc_column_inner width=&#8221;1\/2&#8243;][vc_raw_html]PGZvcm0gaWQ9Imxvb2t1cEZvcm0iPg0KPGRpdiBjbGFzcz0iaW5wdXQtY29udGFpbmVyIj48bGFiZWwgZm9yPSJzZWxlY3RfZGF0ZSI+PGI+RmVjaGE8L2I+PC9sYWJlbD4NCjxzZWxlY3QgaWQ9InNlbGVjdF9kYXRlIiBuYW1lPSJzZWxlY3RfZGF0ZSI+DQo8b3B0aW9uIHZhbHVlPSIwNC0wOC0yNCI+QXByaWwgOCwgMjAyNDwvb3B0aW9uPg0KPC9zZWxlY3Q+PC9kaXY+DQo8ZGl2IGNsYXNzPSJpbnB1dC1jb250YWluZXIiPjxsYWJlbCBmb3I9InppcElucHV0Ij48Yj5Fc2NyaWJhIGVsIGPDs2RpZ28gcG9zdGFsPC9iPjwvbGFiZWw+DQo8aW5wdXQgaWQ9InppcElucHV0IiBjbGFzcz0iemlwLWlucHV0IiBtYXhsZW5ndGg9IjUiIG5hbWU9InppcElucHV0IiByZXF1aXJlZD0iIiB0eXBlPSJudW1iZXIiIHBsYWNlaG9sZGVyPSJYWFhYWCIgLz48L2Rpdj4NCjwvZm9ybT4=[\/vc_raw_html][vc_button button_color=&#8221;accent&#8221; size=&#8221;btn-xl&#8221; radius=&#8221;btn-default-shape&#8221; hover_fx=&#8221;full-colored&#8221; border_width=&#8221;0&#8243; el_id=&#8221;zipButton&#8221; el_class=&#8221;btn-search&#8221; uncode_shortcode_id=&#8221;433103&#8243; icon=&#8221;fa fa-location2&#8243; button_color_type=&#8221;uncode-palette&#8221;]<span style=\"font-weight: 400;\">Buscar con c\u00f3digo postal<\/span>[\/vc_button][vc_raw_html]PGRpdiBzdHlsZT0idGV4dC1hbGlnbjogY2VudGVyOyIgcm9sZT0ic2VwYXJhdG9yIj5PPC9kaXY+[\/vc_raw_html][vc_button button_color=&#8221;accent&#8221; size=&#8221;btn-xl&#8221; radius=&#8221;btn-default-shape&#8221; hover_fx=&#8221;full-colored&#8221; border_width=&#8221;0&#8243; el_id=&#8221;locationButton&#8221; el_class=&#8221;btn-search&#8221; uncode_shortcode_id=&#8221;723115&#8243; icon=&#8221;fa fa-location-arrow&#8221; button_color_type=&#8221;uncode-palette&#8221;]<span style=\"font-weight: 400;\">Buscar con ubicaci\u00f3n <\/span><span class=\"Y2IQFc\" lang=\"es\">(Puede que no funcione con todos los navegadores)<\/span>[\/vc_button][vc_raw_html]PGRpdiBpZD0ic3Bpbm5lciIgY2xhc3M9InNwaW5uZXItd3JhcHBlciI+DQo8ZGl2IGNsYXNzPSJsZHMtZHVhbC1yaW5nIj48L2Rpdj4NCjwvZGl2Pg==[\/vc_raw_html][\/vc_column_inner][vc_column_inner width=&#8221;1\/2&#8243;][vc_raw_html]PHRhYmxlIGlkPSJwYXJ0aWFsRWNsaXBzZVRhYmxlIj48Y2FwdGlvbiBpZD0idGFibGVDYXB0aW9uIj7CoDwvY2FwdGlvbj4NCjx0Ym9keT4NCjx0cj4NCjx0aD5GZWNoYTwvdGg+DQo8dGQgaWQ9InRkRGF0ZSI+PC90ZD4NCjwvdHI+DQo8dHI+DQo8dGg+Q29iZXJ0dXJhPC90aD4NCjx0ZCBpZD0idGRDb3ZlcmFnZSI+PC90ZD4NCjwvdHI+DQo8dHI+DQo8dGg+VGlwbyBkZSBFY2xpcHNlPC90aD4NCjx0ZCBpZD0idGRFY2xpcHNlVHlwZSI+PC90ZD4NCjwvdHI+DQo8dHI+DQo8dGg+SW5pY2lvIGRlbCBFY2xpcHNlPC90aD4NCjx0ZCBpZD0idGRFY2xpcHNlU3RhcnQiPjwvdGQ+DQo8L3RyPg0KPHRyPg0KPHRoPkVjbGlwc2UgTcOheGltbzwvdGg+DQo8dGQgaWQ9InRkTWF4RWNsaXBzZSI+PC90ZD4NCjwvdHI+DQo8dHI+DQo8dGg+RmluIGRlbCBFY2xpcHNlPC90aD4NCjx0ZCBpZD0idGRFY2xpcHNlRW5kIj48L3RkPg0KPC90cj4NCjwvdGJvZHk+DQo8L3RhYmxlPg==[\/vc_raw_html][vc_raw_html]PHRhYmxlIGlkPSJ0b3RhbEVjbGlwc2VUYWJsZSI+PGNhcHRpb24gaWQ9InRhYmxlQ2FwdGlvbiI+wqA8L2NhcHRpb24+DQo8dGJvZHk+DQo8dHI+DQo8dGg+RmVjaGE8L3RoPg0KPHRkIGlkPSJ0ZFRvdGFsRGF0ZSI+PC90ZD4NCjwvdHI+DQo8dHI+DQo8dGg+Q29iZXJ0dXJhPC90aD4NCjx0ZCBpZD0idGRUb3RhbENvdmVyYWdlIj48L3RkPg0KPC90cj4NCjx0cj4NCjx0aD5UaXBvIGRlbCBFY2xpcHNlPC90aD4NCjx0ZCBpZD0idGRUb3RhbEVjbGlwc2VUeXBlIj48L3RkPg0KPC90cj4NCjx0cj4NCjx0aD5JbmljaW8gZGVsIEVjbGlwc2U8L3RoPg0KPHRkIGlkPSJ0ZFRvdGFsRWNsaXBzZVN0YXJ0Ij48L3RkPg0KPC90cj4NCjx0cj4NCjx0aD5JbmljaW8gZGUgbGEgVG90YWxpZGFkIGRlbCBFY2xpcHNlPC90aD4NCjx0ZCBpZD0idGRUb3RhbEVjbGlwc2VGdWxsU3RhcnQiPjwvdGQ+DQo8L3RyPg0KPHRyPg0KPHRoPkVjbGlwc2UgTcOheGltbzwvdGg+DQo8dGQgaWQ9InRkVG90YWxNYXhFY2xpcHNlIj48L3RkPg0KPC90cj4NCjx0cj4NCjx0aD5GaW4gZGUgbGEgVG90YWxpZGFkIGRlbCBFY2xpcHNlPC90aD4NCjx0ZCBpZD0idGRUb3RhbEVjbGlwc2VGdWxsRW5kIj48L3RkPg0KPC90cj4NCjx0cj4NCjx0aD5GaW4gZGVsIEVjbGlwc2U8L3RoPg0KPHRkIGlkPSJ0ZFRvdGFsRWNsaXBzZUVuZCI+PC90ZD4NCjwvdHI+DQo8L3Rib2R5Pg0KPC90YWJsZT4=[\/vc_raw_html][\/vc_column_inner][\/vc_row_inner][\/vc_tab][\/vc_tabs][\/vc_column][\/vc_row][vc_row row_height_percent=&#8221;0&#8243; overlay_alpha=&#8221;50&#8243; gutter_size=&#8221;3&#8243; column_width_percent=&#8221;100&#8243; shift_y=&#8221;0&#8243; z_index=&#8221;0&#8243; uncode_shortcode_id=&#8221;662878&#8243; el_class=&#8221;zip-form&#8221;][vc_column width=&#8221;1\/2&#8243;][vc_row_inner row_inner_height_percent=&#8221;0&#8243; overlay_alpha=&#8221;50&#8243; gutter_size=&#8221;3&#8243; shift_y=&#8221;0&#8243; z_index=&#8221;0&#8243; uncode_shortcode_id=&#8221;460943&#8243; el_class=&#8221;input-form&#8221; limit_content=&#8221;&#8221;][vc_column_inner width=&#8221;1\/1&#8243;][\/vc_column_inner][\/vc_row_inner][\/vc_column][vc_column width=&#8221;1\/2&#8243;][\/vc_column][\/vc_row][vc_row][vc_column width=&#8221;1\/1&#8243;][vc_column_text uncode_shortcode_id=&#8221;132354&#8243;]Visite <a href=\"https:\/\/eclipsesoundscapes.org\/resources\/\">Eclipse Resources<\/a> <span style=\"font-weight: 400;\">para obtener m\u00e1s recursos de mapas y ubicaciones de eclipse.<\/span>[\/vc_column_text][\/vc_column][\/vc_row]<\/p>\n<\/div>","protected":false},"excerpt":{"rendered":"<p>[vc_section][vc_row][vc_column width=&#8221;1\/1&#8243;][vc_raw_js]JTNDc2NyaXB0JTIwdHlwZSUzRCUyMnRleHQlMkZqYXZhc2NyaXB0JTIyJTNFJTBBTEFOR1VBR0UlMjAlM0QlMjAlMjJlbiUyMiUzQiUwQSUzQyUyRnNjcmlwdCUzRQ==[\/vc_raw_js][\/vc_column][\/vc_row][\/vc_section][vc_row][vc_column width=&#8221;1\/1&#8243;][vc_row_inner limit_content=&#8221;&#8221;][vc_column_inner width=&#8221;1\/1&#8243;][vc_custom_heading heading_semantic=&#8221;h1&#8243; text_size=&#8221;h1&#8243; sub_lead=&#8221;small&#8221; sub_reduced=&#8221;yes&#8221; uncode_shortcode_id=&#8221;102351&#8243; subheading=&#8221;2024&#8243;]Herramienta de B\u00fasqueda de Eclipses Solares[\/vc_custom_heading][\/vc_column_inner][\/vc_row_inner][vc_separator sep_color=&#8221;,Default&#8221;][vc_column_text uncode_shortcode_id=&#8221;113268&#8243;] Hay dos [&hellip;]<\/p>\n","protected":false},"author":10,"featured_media":0,"parent":0,"menu_order":0,"comment_status":"closed","ping_status":"closed","template":"","meta":{"_links_to":"","_links_to_target":""},"_links":{"self":[{"href":"https:\/\/eclipsesoundscapes.org\/es\/wp-json\/wp\/v2\/pages\/87780"}],"collection":[{"href":"https:\/\/eclipsesoundscapes.org\/es\/wp-json\/wp\/v2\/pages"}],"about":[{"href":"https:\/\/eclipsesoundscapes.org\/es\/wp-json\/wp\/v2\/types\/page"}],"author":[{"embeddable":true,"href":"https:\/\/eclipsesoundscapes.org\/es\/wp-json\/wp\/v2\/users\/10"}],"replies":[{"embeddable":true,"href":"https:\/\/eclipsesoundscapes.org\/es\/wp-json\/wp\/v2\/comments?post=87780"}],"version-history":[{"count":39,"href":"https:\/\/eclipsesoundscapes.org\/es\/wp-json\/wp\/v2\/pages\/87780\/revisions"}],"predecessor-version":[{"id":90521,"href":"https:\/\/eclipsesoundscapes.org\/es\/wp-json\/wp\/v2\/pages\/87780\/revisions\/90521"}],"wp:attachment":[{"href":"https:\/\/eclipsesoundscapes.org\/es\/wp-json\/wp\/v2\/media?parent=87780"}],"curies":[{"name":"wp","href":"https:\/\/api.w.org\/{rel}","templated":true}]}}