{"id":85114,"date":"2021-07-18T23:51:59","date_gmt":"2021-07-19T03:51:59","guid":{"rendered":"http:\/\/hindsightis2020.space\/dev\/descargar-la-aplicacion\/"},"modified":"2021-10-12T22:12:45","modified_gmt":"2021-10-13T02:12:45","slug":"descargar-la-aplicacion","status":"publish","type":"page","link":"https:\/\/eclipsesoundscapes.org\/es\/descargar-la-aplicacion\/","title":{"rendered":"Descargar la aplicaci\u00f3n"},"content":{"rendered":"<div class=\"wpb-content-wrapper\"><p>[vc_row][vc_column width=&#8221;1\/1&#8243;][vc_custom_heading heading_semantic=&#8221;h1&#8243; text_size=&#8221;h1&#8243;]<\/p>\n<h1>Descargar la aplicaci\u00f3n<\/h1>\n<p>[\/vc_custom_heading][vc_separator el_height=&#8221;25px&#8221; el_class=&#8221;grad1&#8243;][\/vc_column][\/vc_row][vc_row][vc_column width=&#8221;1\/1&#8243;][vc_column_text]<\/p>\n<h2>Las aplicaciones de Eclipse Soundscapes son gratis para los usuarios<\/h2>\n<p>La aplicaci\u00f3n m\u00f3vil de Eclipse Soundscapes es gratuita para los usuarios. ARISA Lab solicita y recibe financiaci\u00f3n de organizaciones, como la Fundaci\u00f3n Nacional de Ciencias (National Science Foundation, NSF) y la NASA, que apoyan la educaci\u00f3n cient\u00edfica gratuita y accesible.\u00a0<a href=\"https:\/\/arisalab.org\/es_app-privacy-policy\/\">Lea aqu\u00ed la declaraci\u00f3n de Privacidad de la Aplicaci\u00f3n m\u00f3vil.<\/a><\/p>\n<h2>Aplicaci\u00f3n m\u00f3vil biling\u00fce de Eclipse Soundscapes<\/h2>\n<p>\u00a1La aplicaci\u00f3n m\u00f3vil Eclipse Soundscapes ya est\u00e1 disponible en ingl\u00e9s y espa\u00f1ol!<\/p>\n<p>Se actualizar\u00e1 para que sea compatible con eclipses futuros. \u00a1Est\u00e9 atento a los detalles!<\/p>\n<h2><\/h2>\n<h2><a href=\"https:\/\/itunes.apple.com\/us\/app\/eclipse-soundscapes\/id1262152991?mt=8\">Descargarla en la tienda de aplicaciones de Apple<\/a><\/h2>\n<h2><a href=\"https:\/\/play.google.com\/store\/apps\/details?id=org.eclipsesoundscapes\"><img class=\"size-full wp-image-84845 alignnone lazyload\" data-src=\"\/wp-content\/uploads\/2021\/04\/app-store-badge.png\" alt=\"\" width=\"153\" height=\"46\" data-srcset=\"https:\/\/eclipsesoundscapes.org\/wp-content\/uploads\/2021\/04\/app-store-badge.png 153w, https:\/\/eclipsesoundscapes.org\/wp-content\/uploads\/2021\/04\/app-store-badge-150x45.png 150w\" data-sizes=\"(max-width: 153px) 100vw, 153px\" src=\"data:image\/gif;base64,R0lGODlhAQABAAAAACH5BAEKAAEALAAAAAABAAEAAAICTAEAOw==\" style=\"--smush-placeholder-width: 153px; --smush-placeholder-aspect-ratio: 153\/46;\" \/><noscript><img class=\"size-full wp-image-84845 alignnone\" src=\"\/wp-content\/uploads\/2021\/04\/app-store-badge.png\" alt=\"\" width=\"153\" height=\"46\" srcset=\"https:\/\/eclipsesoundscapes.org\/wp-content\/uploads\/2021\/04\/app-store-badge.png 153w, https:\/\/eclipsesoundscapes.org\/wp-content\/uploads\/2021\/04\/app-store-badge-150x45.png 150w\" sizes=\"(max-width: 153px) 100vw, 153px\" \/><\/noscript><\/a><\/h2>\n<h2><a href=\"https:\/\/play.google.com\/store\/apps\/details?id=org.eclipsesoundscapes\">Disponible en Google Play<\/a><\/h2>\n<p><img class=\"alignleft size-full wp-image-84843 lazyload\" data-src=\"\/wp-content\/uploads\/2021\/04\/google_play_badge_new.png\" alt=\"\" width=\"153\" height=\"46\" data-srcset=\"https:\/\/eclipsesoundscapes.org\/wp-content\/uploads\/2021\/04\/google_play_badge_new.png 153w, https:\/\/eclipsesoundscapes.org\/wp-content\/uploads\/2021\/04\/google_play_badge_new-150x45.png 150w\" data-sizes=\"(max-width: 153px) 100vw, 153px\" src=\"data:image\/gif;base64,R0lGODlhAQABAAAAACH5BAEKAAEALAAAAAABAAEAAAICTAEAOw==\" style=\"--smush-placeholder-width: 153px; --smush-placeholder-aspect-ratio: 153\/46;\" \/><noscript><img class=\"alignleft size-full wp-image-84843\" src=\"\/wp-content\/uploads\/2021\/04\/google_play_badge_new.png\" alt=\"\" width=\"153\" height=\"46\" srcset=\"https:\/\/eclipsesoundscapes.org\/wp-content\/uploads\/2021\/04\/google_play_badge_new.png 153w, https:\/\/eclipsesoundscapes.org\/wp-content\/uploads\/2021\/04\/google_play_badge_new-150x45.png 150w\" sizes=\"(max-width: 153px) 100vw, 153px\" \/><\/noscript>[\/vc_column_text][\/vc_column][\/vc_row]<\/p>\n<\/div>","protected":false},"excerpt":{"rendered":"<p>[vc_row][vc_column width=&#8221;1\/1&#8243;][vc_custom_heading heading_semantic=&#8221;h1&#8243; text_size=&#8221;h1&#8243;] Descargar la aplicaci\u00f3n [\/vc_custom_heading][vc_separator el_height=&#8221;25px&#8221; el_class=&#8221;grad1&#8243;][\/vc_column][\/vc_row][vc_row][vc_column width=&#8221;1\/1&#8243;][vc_column_text] Las aplicaciones de Eclipse Soundscapes son gratis para los [&hellip;]<\/p>\n","protected":false},"author":1,"featured_media":0,"parent":0,"menu_order":0,"comment_status":"closed","ping_status":"closed","template":"","meta":{"_links_to":"","_links_to_target":""},"_links":{"self":[{"href":"https:\/\/eclipsesoundscapes.org\/es\/wp-json\/wp\/v2\/pages\/85114"}],"collection":[{"href":"https:\/\/eclipsesoundscapes.org\/es\/wp-json\/wp\/v2\/pages"}],"about":[{"href":"https:\/\/eclipsesoundscapes.org\/es\/wp-json\/wp\/v2\/types\/page"}],"author":[{"embeddable":true,"href":"https:\/\/eclipsesoundscapes.org\/es\/wp-json\/wp\/v2\/users\/1"}],"replies":[{"embeddable":true,"href":"https:\/\/eclipsesoundscapes.org\/es\/wp-json\/wp\/v2\/comments?post=85114"}],"version-history":[{"count":6,"href":"https:\/\/eclipsesoundscapes.org\/es\/wp-json\/wp\/v2\/pages\/85114\/revisions"}],"predecessor-version":[{"id":85220,"href":"https:\/\/eclipsesoundscapes.org\/es\/wp-json\/wp\/v2\/pages\/85114\/revisions\/85220"}],"wp:attachment":[{"href":"https:\/\/eclipsesoundscapes.org\/es\/wp-json\/wp\/v2\/media?parent=85114"}],"curies":[{"name":"wp","href":"https:\/\/api.w.org\/{rel}","templated":true}]}}