{"id":85106,"date":"2021-07-18T23:40:13","date_gmt":"2021-07-19T03:40:13","guid":{"rendered":"http:\/\/hindsightis2020.space\/dev\/pagina-de-inicio\/"},"modified":"2023-04-11T05:52:34","modified_gmt":"2023-04-11T09:52:34","slug":"pagina-de-inicio","status":"publish","type":"page","link":"https:\/\/eclipsesoundscapes.org\/es\/pagina-de-inicio\/","title":{"rendered":"P\u00e1gina de inicio"},"content":{"rendered":"<div class=\"wpb-content-wrapper\"><p>[vc_row unlock_row=&#8221;&#8221; row_height_percent=&#8221;25&#8243; overlay_alpha=&#8221;50&#8243; gutter_size=&#8221;3&#8243; column_width_percent=&#8221;100&#8243; shift_y=&#8221;0&#8243; z_index=&#8221;0&#8243; uncode_shortcode_id=&#8221;138283&#8243; el_id=&#8221;home-intro-block&#8221;][vc_column column_width_percent=&#8221;100&#8243; position_vertical=&#8221;middle&#8221; align_horizontal=&#8221;align_center&#8221; gutter_size=&#8221;0&#8243; override_padding=&#8221;yes&#8221; column_padding=&#8221;0&#8243; overlay_alpha=&#8221;50&#8243; shift_x=&#8221;0&#8243; shift_y=&#8221;0&#8243; shift_y_down=&#8221;0&#8243; z_index=&#8221;0&#8243; medium_width=&#8221;0&#8243; mobile_width=&#8221;0&#8243; width=&#8221;1\/1&#8243;][vc_single_image media=&#8221;84731&#8243; media_width_percent=&#8221;45&#8243; alignment=&#8221;center&#8221;][vc_separator sep_color=&#8221;&#8221; el_height=&#8221;25px&#8221; el_class=&#8221;grad1 wp-dark-mode-ignore&#8221; uncode_shortcode_id=&#8221;180647&#8243;][\/vc_column][\/vc_row][vc_row row_height_percent=&#8221;0&#8243; override_padding=&#8221;yes&#8221; h_padding=&#8221;3&#8243; top_padding=&#8221;2&#8243; bottom_padding=&#8221;2&#8243; overlay_alpha=&#8221;50&#8243; gutter_size=&#8221;3&#8243; column_width_percent=&#8221;100&#8243; shift_y=&#8221;0&#8243; z_index=&#8221;0&#8243; uncode_shortcode_id=&#8221;254574&#8243; shape_dividers=&#8221;&#8221; el_id=&#8221;home-content&#8221;][vc_column width=&#8221;1\/1&#8243;][vc_row_inner row_inner_height_percent=&#8221;0&#8243; overlay_alpha=&#8221;50&#8243; gutter_size=&#8221;3&#8243; shift_y=&#8221;0&#8243; z_index=&#8221;0&#8243; limit_content=&#8221;&#8221;][vc_column_inner column_width_percent=&#8221;100&#8243; gutter_size=&#8221;3&#8243; overlay_alpha=&#8221;50&#8243; shift_x=&#8221;0&#8243; shift_y=&#8221;0&#8243; shift_y_down=&#8221;0&#8243; z_index=&#8221;0&#8243; medium_width=&#8221;7&#8243; mobile_width=&#8221;7&#8243; width=&#8221;3\/4&#8243;][vc_column_text]<span style=\"font-weight: 400;\">El 21 de agosto de 2017, millones de personas vieron un eclipse solar total pasando por Estados Unidos. El proyecto de Eclipse Soundscapes fue una experiencia multisensorial accesible de este emocionante suceso entre cuerpos celestes gracias a la cual todas las personas, incluidas aquellas con discapacidad visual y otras que no pod\u00edan ver el eclipse con sus propios ojos, pudieron experimentar el suceso. El proyecto, que cuenta con el apoyo del <\/span><i><span style=\"font-weight: 400;\">Space Science Education Consortium<\/span><\/i><span style=\"font-weight: 400;\"> de la NASA (NSSEC), desarroll\u00f3 una aplicaci\u00f3n m\u00f3vil que inclu\u00eda descripciones de audio del eclipse en tiempo real y un mapa interactivo (\u201cRumble Map\u201d) con el cual los usuarios pod\u00edan visualizar el eclipse mediante el tacto y el sonido.<\/span><\/p>\n<h2>OR\u00cdGENES DEL PROYECTO<\/h2>\n<p>La idea de Eclipse Soundscapes surgi\u00f3 del Dr. Henry \u201cTrae\u201d Winter, un astrof\u00edsico solar con afici\u00f3n por los proyectos de participaci\u00f3n cient\u00edficos. Winter advirti\u00f3 un d\u00e9ficit en la accesibilidad al construir exposiciones de pared para museos. Observ\u00f3 que algunas exposiciones \u201caccesibles\u201d solamente inclu\u00edan el nombre del objeto en braille, mientras que otras (incluida la suya) no ten\u00edan ning\u00fan componente de accesibilidad en absoluto. Comenz\u00f3 a idear un proyecto de astrof\u00edsica que utilizar\u00eda un enfoque multisensorial para atraer a un mayor porcentaje de la poblaci\u00f3n, incluida la comunidad de personas con discapacidad visual. El \u201cgran eclipse estadounidense\u201d de agosto de 2017 parec\u00eda ser la oportunidad ideal. Con esta idea como inspiraci\u00f3n, un equipo compuesto por astrof\u00edsicos, desarrolladores de aplicaciones m\u00f3viles, un pedagogo, miembros de la comunidad de personas no videntes y con discapacidad visual, y especialistas en medios audiovisuales y accesibles trabajaron en conjunto para crear la aplicaci\u00f3n m\u00f3vil de Eclipse Soundscapes.<\/p>\n<h2>TOCAR UN ECLIPSE<\/h2>\n<p>La aplicaci\u00f3n de Eclipse Soundscapes presenta un mapa interactivo (\u201crumble map\u201d) que utiliza la pantalla t\u00e1ctil del tel\u00e9fono celular y retroalimentaci\u00f3n vibratoria para demostrar las cualidades f\u00edsicas de un eclipse. El mapa interactivo muestra fotos de un eclipse en diversas etapas. Cuando los usuarios tocan la imagen, la aplicaci\u00f3n lee el valor de la escala de grises de un p\u00edxel que tocan con el dedo y hace vibrar el tel\u00e9fono con una potencia relativa a la luminosidad de la secci\u00f3n. Cuando los usuarios mueven los dedos alrededor del sol, el tel\u00e9fono celular vibra m\u00e1s. Al mover los dedos hacia los espacios oscuros bloqueados por la luna, la vibraci\u00f3n disminuye y desaparece.<\/p>\n<h2>ECLIPSE SOUNDSCAPES 2.0<\/h2>\n<p><a href=\"https:\/\/arisalab.org\/\">ARISA Lab<\/a>\u00a0ha asumido la administraci\u00f3n del proyecto Eclipse Soundscapes y tiene previsto agregar funciones y contenido nuevos para los pr\u00f3ximos eclipses solares totales y anulares. \u00a1Est\u00e9 atento, pr\u00f3ximamente novedades asombrosas!<\/p>\n<p>[\/vc_column_text][\/vc_column_inner][\/vc_row_inner][\/vc_column][\/vc_row]<\/p>\n<\/div>","protected":false},"excerpt":{"rendered":"<p>[vc_row unlock_row=&#8221;&#8221; row_height_percent=&#8221;25&#8243; overlay_alpha=&#8221;50&#8243; gutter_size=&#8221;3&#8243; column_width_percent=&#8221;100&#8243; shift_y=&#8221;0&#8243; z_index=&#8221;0&#8243; uncode_shortcode_id=&#8221;138283&#8243; el_id=&#8221;home-intro-block&#8221;][vc_column column_width_percent=&#8221;100&#8243; position_vertical=&#8221;middle&#8221; align_horizontal=&#8221;align_center&#8221; gutter_size=&#8221;0&#8243; override_padding=&#8221;yes&#8221; column_padding=&#8221;0&#8243; overlay_alpha=&#8221;50&#8243; shift_x=&#8221;0&#8243; shift_y=&#8221;0&#8243; shift_y_down=&#8221;0&#8243; [&hellip;]<\/p>\n","protected":false},"author":1,"featured_media":85110,"parent":0,"menu_order":0,"comment_status":"open","ping_status":"closed","template":"","meta":{"_links_to":"","_links_to_target":""},"_links":{"self":[{"href":"https:\/\/eclipsesoundscapes.org\/es\/wp-json\/wp\/v2\/pages\/85106"}],"collection":[{"href":"https:\/\/eclipsesoundscapes.org\/es\/wp-json\/wp\/v2\/pages"}],"about":[{"href":"https:\/\/eclipsesoundscapes.org\/es\/wp-json\/wp\/v2\/types\/page"}],"author":[{"embeddable":true,"href":"https:\/\/eclipsesoundscapes.org\/es\/wp-json\/wp\/v2\/users\/1"}],"replies":[{"embeddable":true,"href":"https:\/\/eclipsesoundscapes.org\/es\/wp-json\/wp\/v2\/comments?post=85106"}],"version-history":[{"count":12,"href":"https:\/\/eclipsesoundscapes.org\/es\/wp-json\/wp\/v2\/pages\/85106\/revisions"}],"predecessor-version":[{"id":87329,"href":"https:\/\/eclipsesoundscapes.org\/es\/wp-json\/wp\/v2\/pages\/85106\/revisions\/87329"}],"wp:featuredmedia":[{"embeddable":true,"href":"https:\/\/eclipsesoundscapes.org\/es\/wp-json\/wp\/v2\/media\/85110"}],"wp:attachment":[{"href":"https:\/\/eclipsesoundscapes.org\/es\/wp-json\/wp\/v2\/media?parent=85106"}],"curies":[{"name":"wp","href":"https:\/\/api.w.org\/{rel}","templated":true}]}}